{"id":471851,"date":"2023-04-20T14:14:24","date_gmt":"2023-04-20T12:14:24","guid":{"rendered":"https:\/\/lucacastelli.com\/prodotto\/petzl-nicht-saugfaehige-ersatzpolster\/"},"modified":"2023-04-20T14:14:24","modified_gmt":"2023-04-20T12:14:24","slug":"petzl-nicht-saugfaehige-ersatzpolster","status":"publish","type":"product","link":"https:\/\/lucacastelli.com\/de\/produkt\/petzl-nicht-saugfaehige-ersatzpolster\/","title":{"rendered":"PETZL Nicht saugf\u00e4hige Ersatzpolster"},"content":{"rendered":"<p>Nicht saugf\u00e4hige Ersatzpolster<\/p>\n<p>Die nicht saugf\u00e4higen Ersatzpolster sind geschlossenzellig aufgebaut. Sie nehmen weder Wasser noch Schwei\u00df auf und die Reinigung ist schnell und einfach. Sie sind mit allen Petzl-Helmen kompatibel.  <\/p>\n<p>Beschreibung<br \/>\nGeschlossenzellige Polsterung, die weder Wasser noch Schwei\u00df aufnimmt.<br \/>\nSchnelle und einfache Reinigung.<br \/>\nKompatibel mit allen Petzl-Helmen.<br \/>\nSpezifikationen<br \/>\nMaterial: Polyethylen<br \/>\nGewicht: 10 g<\/p>\n","protected":false},"excerpt":{"rendered":"<p>Nicht saugf\u00e4hige Ersatzpolster Die nicht saugf\u00e4higen Ersatzpolster sind geschlossenzellig aufgebaut. Sie nehmen weder Wasser noch Schwei\u00df auf und die Reinigung<\/p>\n","protected":false},"featured_media":93999,"template":"","meta":{"_seopress_robots_primary_cat":"","_seopress_titles_title":"","_seopress_titles_desc":"","_seopress_robots_index":""},"product_brand":[3666],"product_cat":[150,1409,1418,1411],"product_tag":[],"class_list":{"0":"post-471851","1":"product","2":"type-product","3":"status-publish","4":"has-post-thumbnail","6":"product_brand-petzl-de","7":"product_cat-ausrustung","8":"product_cat-freizeitausrustung","9":"product_cat-helme-de","10":"product_cat-visiere-und-schutzbrillen","12":"first","13":"onbackorder","14":"shipping-taxable","15":"purchasable","16":"product-type-simple"},"_links":{"self":[{"href":"https:\/\/lucacastelli.com\/de\/wp-json\/wp\/v2\/product\/471851","targetHints":{"allow":["GET"]}}],"collection":[{"href":"https:\/\/lucacastelli.com\/de\/wp-json\/wp\/v2\/product"}],"about":[{"href":"https:\/\/lucacastelli.com\/de\/wp-json\/wp\/v2\/types\/product"}],"wp:featuredmedia":[{"embeddable":true,"href":"https:\/\/lucacastelli.com\/de\/wp-json\/wp\/v2\/media\/93999"}],"wp:attachment":[{"href":"https:\/\/lucacastelli.com\/de\/wp-json\/wp\/v2\/media?parent=471851"}],"wp:term":[{"taxonomy":"product_brand","embeddable":true,"href":"https:\/\/lucacastelli.com\/de\/wp-json\/wp\/v2\/product_brand?post=471851"},{"taxonomy":"product_cat","embeddable":true,"href":"https:\/\/lucacastelli.com\/de\/wp-json\/wp\/v2\/product_cat?post=471851"},{"taxonomy":"product_tag","embeddable":true,"href":"https:\/\/lucacastelli.com\/de\/wp-json\/wp\/v2\/product_tag?post=471851"}],"curies":[{"name":"wp","href":"https:\/\/api.w.org\/{rel}","templated":true}]}}