{"id":471839,"date":"2023-04-20T13:00:14","date_gmt":"2023-04-20T11:00:14","guid":{"rendered":"https:\/\/lucacastelli.com\/prodotto\/petzl-picchu-helm\/"},"modified":"2023-04-20T13:00:14","modified_gmt":"2023-04-20T11:00:14","slug":"petzl-picchu-helm","status":"publish","type":"product","link":"https:\/\/lucacastelli.com\/de\/produkt\/petzl-picchu-helm\/","title":{"rendered":"PETZL PICCHU HELM"},"content":{"rendered":"<p>Verst\u00e4rkter Schutz Kinderhelm zum Klettern und Radfahren<\/p>\n<p>F\u00fcr kleine Abenteurer! PICCHU ist ein Helm, der f\u00fcr angehende Kletterer und junge Radfahrer geeignet ist (europ\u00e4ische und amerikanische Normen f\u00fcr Klettern und Radfahren). Seine dicke Au\u00dfenh\u00fclle widersteht St\u00f6\u00dfen und Kratzern solide. Seine umlaufende Form sorgt f\u00fcr einen verst\u00e4rkten Kopfschutz gegen seitliche, vordere und hintere St\u00f6\u00dfe. Bel\u00fcftet und f\u00fcr die Morphologie von Kindern geeignet, ist es angenehm zu tragen.    <\/p>\n<p>Detaillierte Beschreibung<br \/>\nMultinorm-Helm zum Klettern und Radfahren:<br \/>\n&#8211; Klettern (CE EN 12 492, UIAA),<br \/>\n&#8211; Radfahren Europa (CE EN 1078),<br \/>\n&#8211; Radfahren in den Vereinigten Staaten (CPSC-Sicherheitsnorm &#8211; Fahrradhelme f\u00fcr Benutzer ab 5 Jahren),<br \/>\n&#8211; Design gem\u00e4\u00df der Petzl-Marke TOP AND SIDE PROTECTION,<br \/>\n&#8211; Rundum-Design f\u00fcr verst\u00e4rkten Schutz gegen Seiten-, Front- und Heckst\u00f6\u00dfe.<br \/>\nRobuste und kinderfreundliche Konstruktion:- ABS-Hartau\u00dfenschale,<br \/>\n um St\u00f6\u00dfen und Kratzern zu widerstehen und eine optimale Haltbarkeit zu gew\u00e4hrleisten,<br \/>\n&#8211; spezifische Gr\u00f6\u00dfe f\u00fcr Kinder von 3 bis 8 Jahren (48-54 cm Stirnband),<br \/>\n&#8211; Aufkleberbogen, mit dem jeder seinen Helm individuell gestalten kann.<br \/>\nKomfort der Nutzung:<br \/>\n&#8211; Kontur\u00f6ffnungen f\u00fcr gute Bel\u00fcftung,<br \/>\n&#8211; verstellbares Stirnband und Kinnriemen f\u00fcr eine komfortable Nutzung,<br \/>\n&#8211; d\u00fcnne Polyester-Dichtungsb\u00e4nder f\u00fcr mehr Komfort,<br \/>\n&#8211; vier ideal positionierte Haken zum Anbringen einer Stirnlampe,<br \/>\n&#8211; abnehmbare und waschbare Komfortpolster.<\/p>\n","protected":false},"excerpt":{"rendered":"<p>Verst\u00e4rkter Schutz Kinderhelm zum Klettern und Radfahren F\u00fcr kleine Abenteurer! PICCHU ist ein Helm, der f\u00fcr angehende Kletterer und junge<\/p>\n","protected":false},"featured_media":93972,"template":"","meta":{"_seopress_robots_primary_cat":"","_seopress_titles_title":"","_seopress_titles_desc":"","_seopress_robots_index":""},"product_brand":[3666],"product_cat":[150,1409,1418,1411],"product_tag":[],"class_list":{"0":"post-471839","1":"product","2":"type-product","3":"status-publish","4":"has-post-thumbnail","6":"product_brand-petzl-de","7":"product_cat-ausrustung","8":"product_cat-freizeitausrustung","9":"product_cat-helme-de","10":"product_cat-visiere-und-schutzbrillen","12":"first","13":"onbackorder","14":"shipping-taxable","15":"purchasable","16":"product-type-variable"},"_links":{"self":[{"href":"https:\/\/lucacastelli.com\/de\/wp-json\/wp\/v2\/product\/471839","targetHints":{"allow":["GET"]}}],"collection":[{"href":"https:\/\/lucacastelli.com\/de\/wp-json\/wp\/v2\/product"}],"about":[{"href":"https:\/\/lucacastelli.com\/de\/wp-json\/wp\/v2\/types\/product"}],"wp:featuredmedia":[{"embeddable":true,"href":"https:\/\/lucacastelli.com\/de\/wp-json\/wp\/v2\/media\/93972"}],"wp:attachment":[{"href":"https:\/\/lucacastelli.com\/de\/wp-json\/wp\/v2\/media?parent=471839"}],"wp:term":[{"taxonomy":"product_brand","embeddable":true,"href":"https:\/\/lucacastelli.com\/de\/wp-json\/wp\/v2\/product_brand?post=471839"},{"taxonomy":"product_cat","embeddable":true,"href":"https:\/\/lucacastelli.com\/de\/wp-json\/wp\/v2\/product_cat?post=471839"},{"taxonomy":"product_tag","embeddable":true,"href":"https:\/\/lucacastelli.com\/de\/wp-json\/wp\/v2\/product_tag?post=471839"}],"curies":[{"name":"wp","href":"https:\/\/api.w.org\/{rel}","templated":true}]}}