{"id":471805,"date":"2023-04-20T12:37:12","date_gmt":"2023-04-20T10:37:12","guid":{"rendered":"https:\/\/lucacastelli.com\/prodotto\/petzl-boreo\/"},"modified":"2023-04-20T12:37:12","modified_gmt":"2023-04-20T10:37:12","slug":"petzl-boreo","status":"publish","type":"product","link":"https:\/\/lucacastelli.com\/de\/produkt\/petzl-boreo\/","title":{"rendered":"PETZL BOREO"},"content":{"rendered":"<p>Robuster und vielseitig einsetzbarer Helm zum Klettern und Bergsteigen<\/p>\n<p>Ein robuster und sch\u00fctzender Helm, der Sie auf all Ihren Abenteuern begleitet! BOREO eignet sich zum Klettern, f\u00fcr Klettersteige, Canyoning oder H\u00f6hlenforschung. Seine dicke Schale garantiert eine optimale Best\u00e4ndigkeit gegen St\u00f6\u00dfe und Kratzer. Seine umlaufende Form garantiert einen verst\u00e4rkten Schutz des Kopfes, beh\u00e4lt die Kompaktheit und Bel\u00fcftung bei, um maximalen Komfort zu gew\u00e4hrleisten.   <\/p>\n<p>Beschreibung<br \/>\nRobustheit:<br \/>\n&#8211; harte Au\u00dfenschale, widerstandsf\u00e4hig gegen St\u00f6\u00dfe und Schrammen, um optimale Haltbarkeit zu gew\u00e4hrleisten,<br \/>\n&#8211; Hybridkonstruktion mit einer dicken ABS-Au\u00dfenschale, einer EPP-Schaum-Innenschale und einer oberen Polsterung aus EPS-Schaum, die die Kompaktheit am Kopf f\u00f6rdert,<br \/>\n&#8211; weiches Stirnband, das sich perfekt an die Form des Kopfes anpasst und sich f\u00fcr eine einfache Lagerung und einen einfachen Transport in den Helm einziehen l\u00e4sst.<br \/>\nWrap-around-Design f\u00fcr optimalen Schutz vor seitlichen, vorderen und hinteren St\u00f6\u00dfen:<br \/>\n&#8211; Design gem\u00e4\u00df der Petzl-Marke TOP AND SIDE PROTECTION,<br \/>\n&#8211; Wraparound-Design, hinten abgesenkt, f\u00fcr verst\u00e4rkten Schutz,<br \/>\n&#8211; Stabil auf dem Kopf und angenehm zu tragen, dank der Schaumstoff-Innenschalen, die \u00fcber die gesamte Schale verteilt sind.<br \/>\nVielseitigkeit f\u00fcr die Aus\u00fcbung mehrerer Aktivit\u00e4ten:<br \/>\n&#8211; Geeignet zum Klettern, Bergsteigen, H\u00f6hlenforschung, Klettersteig, Canyoning&#8230;,-<br \/>\n vier Haken zum Befestigen einer Stirnlampe.<br \/>\nSpezifisch<br \/>\nMaterialien: ABS-Au\u00dfenschale, Innenschale aus expandiertem Polypropylen (EPP), obere Polsterung aus expandiertem Polystyrol (EPS), Polyester-Gurtband<br \/>\nZertifizierung(en): CE EN 12492, UKCA, UIAA<\/p>\n<table>\n<tbody>\n<tr>\n<th class=\"rowTitle\">Referenzen<\/th>\n<th>\n A042AA00<\/th>\n<th>\n A042AA01<\/th>\n<th>\n A042EA00<\/th>\n<th>A042EA01<\/th>\n<\/tr>\n<tr>\n<td class=\"rowTitle\">Farbe(n)<\/td>\n<td>Wei\u00df <\/td>\n<td>Wei\u00df <\/td>\n<td>Grau <\/td>\n<td>Grau <\/td>\n<\/tr>\n<tr>\n<td class=\"rowTitle\">Gr\u00f6\u00dfe<\/td>\n<td>S\/M <\/td>\n<td>M\/L <\/td>\n<td>S\/M <\/td>\n<td>Gris <\/td>\n<\/tr>\n<tr>\n<td class=\"rowTitle\">Gewicht<\/td>\n<td>ca. 285 Gramm<\/td>\n<td>ca. 295 Gramm<\/td>\n<td>ca. 285 Gramm<\/td>\n<td>M\/L g<\/td>\n<\/tr>\n<tr>\n<td class=\"rowTitle\">Kopf-Kreis<\/td>\n<td>48-58 cm<\/td>\n<td>53-61 cm<\/td>\n<td>48-58 cm<\/td>\n<td>ca. 295 cm<\/td>\n<\/tr>\n<tr>\n<td class=\"rowTitle\">Garantie<\/td>\n<td>3 Jahre<\/td>\n<td>3 Jahre<\/td>\n<td>3 Jahre<\/td>\n<td>TN Jahre<\/td>\n<\/tr>\n<tr>\n<td class=\"rowTitle\">Verpackung<\/td>\n<td> <\/td>\n<p> 1<\/p>\n<td> <\/td>\n<p> 1<\/p>\n<td> <\/td>\n<p> 1<\/p>\n<td>3 <\/td>\n<\/tr>\n<\/tbody>\n<\/table>\n","protected":false},"excerpt":{"rendered":"<p>Robuster und vielseitig einsetzbarer Helm zum Klettern und Bergsteigen Ein robuster und sch\u00fctzender Helm, der Sie auf all Ihren Abenteuern<\/p>\n","protected":false},"featured_media":93465,"template":"","meta":{"_seopress_robots_primary_cat":"","_seopress_titles_title":"","_seopress_titles_desc":"","_seopress_robots_index":""},"product_brand":[3446],"product_cat":[33,211,817,816],"product_tag":[],"class_list":{"0":"post-471805","1":"product","2":"type-product","3":"status-publish","4":"has-post-thumbnail","6":"product_brand-petzl","7":"product_cat-attrezzature","8":"product_cat-attrezzatura-per-il-tempo-libero","9":"product_cat-caschi-attrezzatura-per-il-tempo-libero","10":"product_cat-visiere-e-occhiali-protettivi","12":"first","13":"onbackorder","14":"shipping-taxable","15":"purchasable","16":"product-type-variable"},"_links":{"self":[{"href":"https:\/\/lucacastelli.com\/de\/wp-json\/wp\/v2\/product\/471805","targetHints":{"allow":["GET"]}}],"collection":[{"href":"https:\/\/lucacastelli.com\/de\/wp-json\/wp\/v2\/product"}],"about":[{"href":"https:\/\/lucacastelli.com\/de\/wp-json\/wp\/v2\/types\/product"}],"wp:featuredmedia":[{"embeddable":true,"href":"https:\/\/lucacastelli.com\/de\/wp-json\/wp\/v2\/media\/93465"}],"wp:attachment":[{"href":"https:\/\/lucacastelli.com\/de\/wp-json\/wp\/v2\/media?parent=471805"}],"wp:term":[{"taxonomy":"product_brand","embeddable":true,"href":"https:\/\/lucacastelli.com\/de\/wp-json\/wp\/v2\/product_brand?post=471805"},{"taxonomy":"product_cat","embeddable":true,"href":"https:\/\/lucacastelli.com\/de\/wp-json\/wp\/v2\/product_cat?post=471805"},{"taxonomy":"product_tag","embeddable":true,"href":"https:\/\/lucacastelli.com\/de\/wp-json\/wp\/v2\/product_tag?post=471805"}],"curies":[{"name":"wp","href":"https:\/\/api.w.org\/{rel}","templated":true}]}}