{"id":471804,"date":"2023-04-20T08:05:01","date_gmt":"2023-04-20T06:05:01","guid":{"rendered":"https:\/\/lucacastelli.com\/prodotto\/petzl-kappschlinge-fuer-den-canyon-guide-gurt\/"},"modified":"2023-04-20T08:05:01","modified_gmt":"2023-04-20T06:05:01","slug":"petzl-kappschlinge-fuer-den-canyon-guide-gurt","status":"publish","type":"product","link":"https:\/\/lucacastelli.com\/de\/produkt\/petzl-kappschlinge-fuer-den-canyon-guide-gurt\/","title":{"rendered":"PETZL Kappschlinge f\u00fcr den CANYON GUIDE-Gurt"},"content":{"rendered":"<p>CANYON GUIDE Gurtzeug Sicherung<\/p>\n<p>Mit der Sicherung des CANYON GUIDE Gurts kannst du eine Person im Falle eines Blockierens schnell befreien, ohne den Gurt oder das Seil zu besch\u00e4digen. Wird f\u00fcr einen geringen Platzbedarf direkt am \u00f6ffnenden Befestigungspunkt des Gurts installiert. <\/p>\n<p>Beschreibung<br \/>\nIm Falle einer Verriegelung k\u00f6nnen Sie eine Person schnell befreien, ohne den Gurt oder das Seil zu besch\u00e4digen.<br \/>\nWird direkt an der \u00f6ffnenden Befestigungs\u00f6se des CANYON GUIDE Gurtzeugs montiert, um das Volumen zu reduzieren.<br \/>\nSpezifikationen<br \/>\nMaterialien: hochfestes Polyester, Polyamid<br \/>\nGewicht: 7 g<br \/>\nL\u00e4nge: 13 cm<br \/>\nZertifizierung(en): CE EN 566, UKCA, UIAA<\/p>\n<table>\n<tbody>\n<tr>\n<th class=\"rowTitle\">Referenzen<\/th>\n<th>C086EA00<\/th>\n<\/tr>\n<tr>\n<td class=\"rowTitle\">Garantie<\/td>\n<td>3 Jahre<\/td>\n<\/tr>\n<tr>\n<td class=\"rowTitle\">Verpackung<\/td>\n<td>1 <\/td>\n<\/tr>\n<\/tbody>\n<\/table>\n","protected":false},"excerpt":{"rendered":"<p>CANYON GUIDE Gurtzeug Sicherung Mit der Sicherung des CANYON GUIDE Gurts kannst du eine Person im Falle eines Blockierens schnell<\/p>\n","protected":false},"featured_media":93339,"template":"","meta":{"_seopress_robots_primary_cat":"","_seopress_titles_title":"","_seopress_titles_desc":"","_seopress_robots_index":""},"product_brand":[3446],"product_cat":[33,211,818],"product_tag":[],"class_list":{"0":"post-471804","1":"product","2":"type-product","3":"status-publish","4":"has-post-thumbnail","6":"product_brand-petzl","7":"product_cat-attrezzature","8":"product_cat-attrezzatura-per-il-tempo-libero","9":"product_cat-imbraghi-e-materiale-di-sicurezza-attrezzatura-per-il-tempo-libero","11":"first","12":"onbackorder","13":"shipping-taxable","14":"purchasable","15":"product-type-simple"},"_links":{"self":[{"href":"https:\/\/lucacastelli.com\/de\/wp-json\/wp\/v2\/product\/471804","targetHints":{"allow":["GET"]}}],"collection":[{"href":"https:\/\/lucacastelli.com\/de\/wp-json\/wp\/v2\/product"}],"about":[{"href":"https:\/\/lucacastelli.com\/de\/wp-json\/wp\/v2\/types\/product"}],"wp:featuredmedia":[{"embeddable":true,"href":"https:\/\/lucacastelli.com\/de\/wp-json\/wp\/v2\/media\/93339"}],"wp:attachment":[{"href":"https:\/\/lucacastelli.com\/de\/wp-json\/wp\/v2\/media?parent=471804"}],"wp:term":[{"taxonomy":"product_brand","embeddable":true,"href":"https:\/\/lucacastelli.com\/de\/wp-json\/wp\/v2\/product_brand?post=471804"},{"taxonomy":"product_cat","embeddable":true,"href":"https:\/\/lucacastelli.com\/de\/wp-json\/wp\/v2\/product_cat?post=471804"},{"taxonomy":"product_tag","embeddable":true,"href":"https:\/\/lucacastelli.com\/de\/wp-json\/wp\/v2\/product_tag?post=471804"}],"curies":[{"name":"wp","href":"https:\/\/api.w.org\/{rel}","templated":true}]}}