{"id":471800,"date":"2023-04-20T08:23:02","date_gmt":"2023-04-20T06:23:02","guid":{"rendered":"https:\/\/lucacastelli.com\/prodotto\/petzl-caritool-evo\/"},"modified":"2023-04-20T08:23:02","modified_gmt":"2023-04-20T06:23:02","slug":"petzl-caritool-evo","status":"publish","type":"product","link":"https:\/\/lucacastelli.com\/de\/produkt\/petzl-caritool-evo\/","title":{"rendered":"PETZL CARITOOL EVO"},"content":{"rendered":"<p>Universeller Eisschraubenhalter, der an jede Art von Gurt angepasst werden kann, zum Eisklettern oder Bergsteigen.<\/p>\n<p>CARITOOL EVO ist mit jeder Art von Gurtzeug kompatibel und ein genialer Eisschraubenhalter f\u00fcr die Organisation Ihrer Ausr\u00fcstung. Es wird n\u00fctzlich sein beim Eisklettern oder Bergsteigen, um die Ausr\u00fcstungsschleife zu vervollst\u00e4ndigen. Er wird am Gurt befestigt und erm\u00f6glicht es Ihnen, Material mit einer Hand zu holen, zu lagern und zu sortieren. Dank CARITOOL EVO k\u00f6nnen Sie ganz einfach N\u00e4gel, Eispickel oder Hammer einhaken oder aufnehmen. Sie k\u00f6nnen mehrere CARITOOL EVOs auf dem Gurt platzieren.    <\/p>\n<p>Beschreibung<br \/>\nEinfach zu installieren:<br \/>\n &#8211; Leicht auf dem Gurt sitzen,<br \/>\n &#8211; Kompatibel mit jeder Art von Gurt- oder Rucksackgurt.<br \/>\nPraktisch f\u00fcr die Auswahl und Verwendung Ihres eigenen Materials:<br \/>\n&#8211; zum Abrufen und Aufbewahren von N\u00e4geln, Eispickel oder Hammer mit einer Hand,<br \/>\n&#8211; zum Tragen von bis zu sechs Eisschrauben und zum einfachen Zugriff auf den vierten Nagel, dank der Aufbewahrungsanschl\u00e4ge am oberen Teil,<br \/>\n&#8211; um dank des oberen Lochs eine unverzichtbare Verbindung an Werkzeugen zu installieren.<br \/>\nEs erm\u00f6glicht eine vielseitige Verwendung des Gurtzeugs, indem es seine Kapazit\u00e4t zum Transport von Material je nach Aktivit\u00e4t erh\u00f6ht.<\/p>\n<p>Bei diesem Produkt handelt es sich nicht um pers\u00f6nliche Schutzausr\u00fcstung. Er kann nur das Gewicht des Materials (maximal 5 kg) tragen.<br \/>\nSpezifikationen<br \/>\nGewicht: 40 g<br \/>\nMaterialien: Edelstahl, glasfaserverst\u00e4rkter Kunststoff, Polyethylen hoher Dichte <\/p>\n<table>\n<tbody>\n<tr>\n<th class=\"rowTitle\">Referenzen<\/th>\n<th>P043AA00<\/th>\n<\/tr>\n<tr>\n<td class=\"rowTitle\">Garantie<\/td>\n<td>3 Jahre<\/td>\n<\/tr>\n<tr>\n<td class=\"rowTitle\">Verpackung<\/td>\n<td>1 <\/td>\n<\/tr>\n<\/tbody>\n<\/table>\n","protected":false},"excerpt":{"rendered":"<p>Universeller Eisschraubenhalter, der an jede Art von Gurt angepasst werden kann, zum Eisklettern oder Bergsteigen. CARITOOL EVO ist mit jeder<\/p>\n","protected":false},"featured_media":93344,"template":"","meta":{"_seopress_robots_primary_cat":"","_seopress_titles_title":"","_seopress_titles_desc":"","_seopress_robots_index":""},"product_brand":[3446],"product_cat":[33,211,818],"product_tag":[],"class_list":{"0":"post-471800","1":"product","2":"type-product","3":"status-publish","4":"has-post-thumbnail","6":"product_brand-petzl","7":"product_cat-attrezzature","8":"product_cat-attrezzatura-per-il-tempo-libero","9":"product_cat-imbraghi-e-materiale-di-sicurezza-attrezzatura-per-il-tempo-libero","11":"first","12":"onbackorder","13":"shipping-taxable","14":"purchasable","15":"product-type-simple"},"_links":{"self":[{"href":"https:\/\/lucacastelli.com\/de\/wp-json\/wp\/v2\/product\/471800","targetHints":{"allow":["GET"]}}],"collection":[{"href":"https:\/\/lucacastelli.com\/de\/wp-json\/wp\/v2\/product"}],"about":[{"href":"https:\/\/lucacastelli.com\/de\/wp-json\/wp\/v2\/types\/product"}],"wp:featuredmedia":[{"embeddable":true,"href":"https:\/\/lucacastelli.com\/de\/wp-json\/wp\/v2\/media\/93344"}],"wp:attachment":[{"href":"https:\/\/lucacastelli.com\/de\/wp-json\/wp\/v2\/media?parent=471800"}],"wp:term":[{"taxonomy":"product_brand","embeddable":true,"href":"https:\/\/lucacastelli.com\/de\/wp-json\/wp\/v2\/product_brand?post=471800"},{"taxonomy":"product_cat","embeddable":true,"href":"https:\/\/lucacastelli.com\/de\/wp-json\/wp\/v2\/product_cat?post=471800"},{"taxonomy":"product_tag","embeddable":true,"href":"https:\/\/lucacastelli.com\/de\/wp-json\/wp\/v2\/product_tag?post=471800"}],"curies":[{"name":"wp","href":"https:\/\/api.w.org\/{rel}","templated":true}]}}