{"id":471792,"date":"2023-04-20T07:48:31","date_gmt":"2023-04-20T05:48:31","guid":{"rendered":"https:\/\/lucacastelli.com\/prodotto\/petzl-materialschlaufe-fuer-den-canyon-club-gurt\/"},"modified":"2023-04-20T07:48:31","modified_gmt":"2023-04-20T05:48:31","slug":"petzl-materialschlaufe-fuer-den-canyon-club-gurt","status":"publish","type":"product","link":"https:\/\/lucacastelli.com\/de\/produkt\/petzl-materialschlaufe-fuer-den-canyon-club-gurt\/","title":{"rendered":"PETZL Materialschlaufe f\u00fcr den CANYON CLUB-Gurt"},"content":{"rendered":"<p>Ausr\u00fcstungsschlaufe f\u00fcr CANYON CLUB Gurtzeug<\/p>\n<p>Mit der CANYON CLUB Gurtschlaufe kannst du den Gurt um eine zweite Materialschlaufe erg\u00e4nzen und dem Betreuer das Platzieren der DUAL CANYON CLUB Verbindungsmittelkarabiner erleichtern. Es wird auf dem Gurtband des Gurtes installiert. <\/p>\n<p>Beschreibung<br \/>\nErm\u00f6glicht das Hinzuf\u00fcgen einer zweiten Materialschlaufe zum CANYON CLUB-Gurtzeug, um dem Betreuer das Platzieren der DUAL CANYON CLUB-Verbindungsmittelkarabiner zu erleichtern.<br \/>\nVerst\u00e4rkt mit einer Schutzh\u00fclle.<br \/>\nEr wird auf dem Gurtband des CANYON CLUB Gurtzeugs installiert.<br \/>\nSpezifikationen<br \/>\nMaterialien: hochfestes Polyester, Polyurethan (PU)<br \/>\nGewicht: 25 g<\/p>\n<table>\n<tbody>\n<tr>\n<th class=\"rowTitle\">Referenzen<\/th>\n<th>C086GA00<\/th>\n<\/tr>\n<tr>\n<td class=\"rowTitle\">Garantie<\/td>\n<td>3 Jahre<\/td>\n<\/tr>\n<tr>\n<td class=\"rowTitle\">Verpackung<\/td>\n<td>1 <\/td>\n<\/tr>\n<\/tbody>\n<\/table>\n","protected":false},"excerpt":{"rendered":"<p>Ausr\u00fcstungsschlaufe f\u00fcr CANYON CLUB Gurtzeug Mit der CANYON CLUB Gurtschlaufe kannst du den Gurt um eine zweite Materialschlaufe erg\u00e4nzen und<\/p>\n","protected":false},"featured_media":93329,"template":"","meta":{"_seopress_robots_primary_cat":"","_seopress_titles_title":"","_seopress_titles_desc":"","_seopress_robots_index":""},"product_brand":[3666],"product_cat":[1410,150,1409],"product_tag":[],"class_list":{"0":"post-471792","1":"product","2":"type-product","3":"status-publish","4":"has-post-thumbnail","6":"product_brand-petzl-de","7":"product_cat-auffanggurte-und-sicherheitsausrustung-de","8":"product_cat-ausrustung","9":"product_cat-freizeitausrustung","11":"first","12":"onbackorder","13":"shipping-taxable","14":"purchasable","15":"product-type-simple"},"_links":{"self":[{"href":"https:\/\/lucacastelli.com\/de\/wp-json\/wp\/v2\/product\/471792","targetHints":{"allow":["GET"]}}],"collection":[{"href":"https:\/\/lucacastelli.com\/de\/wp-json\/wp\/v2\/product"}],"about":[{"href":"https:\/\/lucacastelli.com\/de\/wp-json\/wp\/v2\/types\/product"}],"wp:featuredmedia":[{"embeddable":true,"href":"https:\/\/lucacastelli.com\/de\/wp-json\/wp\/v2\/media\/93329"}],"wp:attachment":[{"href":"https:\/\/lucacastelli.com\/de\/wp-json\/wp\/v2\/media?parent=471792"}],"wp:term":[{"taxonomy":"product_brand","embeddable":true,"href":"https:\/\/lucacastelli.com\/de\/wp-json\/wp\/v2\/product_brand?post=471792"},{"taxonomy":"product_cat","embeddable":true,"href":"https:\/\/lucacastelli.com\/de\/wp-json\/wp\/v2\/product_cat?post=471792"},{"taxonomy":"product_tag","embeddable":true,"href":"https:\/\/lucacastelli.com\/de\/wp-json\/wp\/v2\/product_tag?post=471792"}],"curies":[{"name":"wp","href":"https:\/\/api.w.org\/{rel}","templated":true}]}}