{"id":471789,"date":"2023-04-19T19:36:50","date_gmt":"2023-04-19T17:36:50","guid":{"rendered":"https:\/\/lucacastelli.com\/prodotto\/petzl-canyon-club\/"},"modified":"2023-04-19T19:36:50","modified_gmt":"2023-04-19T17:36:50","slug":"petzl-canyon-club","status":"publish","type":"product","link":"https:\/\/lucacastelli.com\/de\/produkt\/petzl-canyon-club\/","title":{"rendered":"PETZL CANYON CLUB"},"content":{"rendered":"<p>Einfach zu bedienender Gurt mit integriertem Heckverschlei\u00dfschutz f\u00fcr das Canyoning<\/p>\n<p>N\u00e4hern Sie sich dem Canyoning mit Leichtigkeit! Der CANYON CLUB ist f\u00fcr den kollektiven Gebrauch oder zur Erkundung der Aktivit\u00e4t gedacht und l\u00e4sst sich leicht anlegen und anpassen. Mit dem einzigen Befestigungspunkt k\u00f6nnen Sie schnell und einfach einrichten. Robust und austauschbar sch\u00fctzt der hintere Verschlei\u00dfschutz das Gurtband von Neoprenanzug und Gurtzeug effektiv vor Abrieb. Der Befestigungspunkt und die Ger\u00e4teschlaufe sind verst\u00e4rkt, um auch bei intensiver Nutzung eine hervorragende Widerstandsf\u00e4higkeit zu gew\u00e4hrleisten. Die individuelle Identifikationskarte ist ebenfalls verst\u00e4rkt, um den Gurt w\u00e4hrend seiner gesamten Lebensdauer zu kontrollieren. Viele Zubeh\u00f6rteile (Heckverschlei\u00dfprotektoren in verschiedenen Farben, herausnehmbare Polster und Ausr\u00fcstungsschlaufen) sind erh\u00e4ltlich, um die Ausr\u00fcstung je nach Bedarf anzupassen und den Komfort zu verbessern.      <\/p>\n<p>Beschreibung<br \/>\nVereinfachter und einfach zu bedienender Gurt, der f\u00fcr den kollektiven Gebrauch oder f\u00fcr die Entdeckung des Canyonings entwickelt wurde:<br \/>\n &#8211; ein einziger Befestigungspunkt mit gr\u00fcnem Farbcode und Verbindungsanzeige f\u00fcr eine effektive Installation und schnelle Sichtpr\u00fcfung. Die hohe Position des Befestigungspunkts erm\u00f6glicht es Ihnen, den Komfort beim Abseilen zu optimieren,<br \/>\n&#8211; einfaches Anziehen dank der unterschiedlichen Farben zwischen dem G\u00fcrtel und den Beinschlaufen,<br \/>\n&#8211; Einstellung mittels DOUBLEBACK-Schnallen f\u00fcr ein sanftes und schnelles Festziehen,<br \/>\n&#8211; hervorragender Halt der Gurtbandenden, um die Einstellung der Gurt- und Beinschlaufen zu erleichtern,<br \/>\n&#8211; Vorgeformte Materialschlaufe, mit der du die Karabiner des DUAL CANYON CLUB-Verbindungsmittels einfach platzieren kannst. Es befindet sich auf der linken Seite des Benutzers, um Interferenzen zwischen den verschiedenen Ger\u00e4ten (Verbindungsmittel, Karabiner, Abseilger\u00e4t&#8230;) und dem Seil zu reduzieren, &#8211; eine Schlaufe,<br \/>\n mit der das Abseilger\u00e4t schnell eingestellt werden kann.<br \/>\nHervorragende Best\u00e4ndigkeit f\u00fcr intensive Nutzung:<br \/>\n&#8211; verst\u00e4rkter Befestigungspunkt f\u00fcr hohe Widerstandsf\u00e4higkeit,<br \/>\n&#8211; Gurte, die f\u00fcr den intensiven Gebrauch geeignet sind und die Flie\u00dff\u00e4higkeit der Einstellung beibehalten,<br \/>\n&#8211; extrem widerstandsf\u00e4higer und austauschbarer hinterer Verschlei\u00dfschutz, um den Neoprenanzug und die Gurte vor Abrieb zu sch\u00fctzen,<br \/>\n&#8211; verst\u00e4rkte Ausr\u00fcstungsschlaufe mit Schutzh\u00fclle.<br \/>\nErleichterte Materialhandhabung f\u00fcr Vorgesetzten und Bediener:- Einheitsgr\u00f6\u00dfe,<br \/>\n die eine Anpassung an die meisten Morphologien erm\u00f6glicht,<br \/>\n&#8211; spezifischer Markierungsbereich an der Au\u00dfenseite des Bandes zur Anpassung des Gurts,<br \/>\n&#8211; Individuelle Identifikationskarte, die in den Gurt integriert ist, um das Ger\u00e4t w\u00e4hrend seiner gesamten Lebensdauer zu kontrollieren,<br \/>\n&#8211; einfache Reinigung.<br \/>\nZubeh\u00f6r, um den Gurt an Ihre Bed\u00fcrfnisse anzupassen:<br \/>\n&#8211; drei verschiedene Farben des hinteren Verschlei\u00dfschutzes, um Gruppen leicht zu identifizieren,<br \/>\n&#8211; Polsterung f\u00fcr den Gurt, um den Komfort beim langen Abseilen zu verbessern,<br \/>\n&#8211; zus\u00e4tzliche Ausr\u00fcstungsschlaufe, um die Aufbewahrung der Karabiner des DUAL CANYON CLUB-Verbindungsmittels zu erleichtern.<br \/>\nSpezifisch<br \/>\nMaterialien: hochfestes Polyester-Gurtband, thermoplastisches Polyurethan (TPU) Heckverschlei\u00dfschutz, Befestigungspunkt aus Polyester, Stahlschnallen<br \/>\nEinheitsgr\u00f6\u00dfe<br \/>\nZertifizierung(en): CE, EN 12277 Typ C, UKCA, UIAA<\/p>\n<table>\n<tbody>\n<tr>\n<th class=\"rowTitle\">Referenzen<\/th>\n<th>C086AA00<\/th>\n<\/tr>\n<tr>\n<td class=\"rowTitle\">Taille<\/td>\n<td>60-120 cm<\/td>\n<\/tr>\n<tr>\n<td class=\"rowTitle\">Oberschenkelg\u00fcrtel<\/td>\n<td>40-75 cm<\/td>\n<\/tr>\n<tr>\n<td class=\"rowTitle\">Gewicht<\/td>\n<td>660 Gramm<\/td>\n<\/tr>\n<tr>\n<td class=\"rowTitle\">Garantie<\/td>\n<td>3 Jahre<\/td>\n<\/tr>\n<tr>\n<td class=\"rowTitle\">Verpackung<\/td>\n<td>1 <\/td>\n<\/tr>\n<\/tbody>\n<\/table>\n","protected":false},"excerpt":{"rendered":"<p>Einfach zu bedienender Gurt mit integriertem Heckverschlei\u00dfschutz f\u00fcr das Canyoning N\u00e4hern Sie sich dem Canyoning mit Leichtigkeit! Der CANYON CLUB<\/p>\n","protected":false},"featured_media":93180,"template":"","meta":{"_seopress_robots_primary_cat":"","_seopress_titles_title":"","_seopress_titles_desc":"","_seopress_robots_index":""},"product_brand":[3446],"product_cat":[33,211,818],"product_tag":[],"class_list":{"0":"post-471789","1":"product","2":"type-product","3":"status-publish","4":"has-post-thumbnail","6":"product_brand-petzl","7":"product_cat-attrezzature","8":"product_cat-attrezzatura-per-il-tempo-libero","9":"product_cat-imbraghi-e-materiale-di-sicurezza-attrezzatura-per-il-tempo-libero","11":"first","12":"onbackorder","13":"shipping-taxable","14":"purchasable","15":"product-type-simple"},"_links":{"self":[{"href":"https:\/\/lucacastelli.com\/de\/wp-json\/wp\/v2\/product\/471789","targetHints":{"allow":["GET"]}}],"collection":[{"href":"https:\/\/lucacastelli.com\/de\/wp-json\/wp\/v2\/product"}],"about":[{"href":"https:\/\/lucacastelli.com\/de\/wp-json\/wp\/v2\/types\/product"}],"wp:featuredmedia":[{"embeddable":true,"href":"https:\/\/lucacastelli.com\/de\/wp-json\/wp\/v2\/media\/93180"}],"wp:attachment":[{"href":"https:\/\/lucacastelli.com\/de\/wp-json\/wp\/v2\/media?parent=471789"}],"wp:term":[{"taxonomy":"product_brand","embeddable":true,"href":"https:\/\/lucacastelli.com\/de\/wp-json\/wp\/v2\/product_brand?post=471789"},{"taxonomy":"product_cat","embeddable":true,"href":"https:\/\/lucacastelli.com\/de\/wp-json\/wp\/v2\/product_cat?post=471789"},{"taxonomy":"product_tag","embeddable":true,"href":"https:\/\/lucacastelli.com\/de\/wp-json\/wp\/v2\/product_tag?post=471789"}],"curies":[{"name":"wp","href":"https:\/\/api.w.org\/{rel}","templated":true}]}}