{"id":471788,"date":"2023-04-19T19:10:01","date_gmt":"2023-04-19T17:10:01","guid":{"rendered":"https:\/\/lucacastelli.com\/prodotto\/petzl-explo\/"},"modified":"2023-04-19T19:10:01","modified_gmt":"2023-04-19T17:10:01","slug":"petzl-explo","status":"publish","type":"product","link":"https:\/\/lucacastelli.com\/de\/produkt\/petzl-explo\/","title":{"rendered":"PETZL EXPLO"},"content":{"rendered":"<p>Positionierungsgurte f\u00fcr CROLL, mit Materialschlaufen<\/p>\n<p>Die EXPLO-Zahnspangen erm\u00f6glichen es Ihnen, die CROLL-Bauchsteigklemme in der richtigen Position zu positionieren und zu halten, um die Effektivit\u00e4t und den Komfort des Aufstiegs am Seil in der H\u00f6hlenforschung zu optimieren. Jeder Schultergurt ist mit zwei Materialschlaufen aus HDPE und zwei Schlaufen ausgestattet, die den Transport des Materials erm\u00f6glichen. Die X-f\u00f6rmige Konstruktion sorgt f\u00fcr die korrekte Positionierung auf den Schultern und mit dem Brustgurt k\u00f6nnen Sie die Spannung der Bauchsteigklemme pr\u00e4zise einstellen.  <\/p>\n<p>Beschreibung<br \/>\nEffektivit\u00e4t und Benutzerfreundlichkeit beim Aufstieg am Seil:<br \/>\n &#8211; erm\u00f6glicht die effektive Positionierung einer CROLL Seilklemme beim Aufstieg am Seil,<br \/>\n &#8211; zwei Schlaufen aus hochdichtem Polyethylen (HDPE) und zwei Schlaufen an jedem Gurt zum Transport der Ausr\u00fcstung (PULSE tempor\u00e4rer Anker, Platten, Schl\u00fcssel&#8230;).<br \/>\nSchnelle Einstellung:<br \/>\n&#8211; X-f\u00f6rmige Konstruktion, einfach einzustellen, ohne Verbindung zum Gurtzeug<br \/>\n&#8211; Pr\u00e4zise und sofortige Einstellung der Spannung der CROLL-Bauchsteigklemme dank des Brustgurts, der mit einer Schnellverstellschnalle ausgestattet ist.<br \/>\nWiderstandsf\u00e4higkeit:<br \/>\n&#8211; abriebfestes Gurtband f\u00fcr hervorragende Haltbarkeit,<br \/>\n&#8211; Brustgurtband aus Polyethylen hoher Dichte (HDPE), das im Laufe der Zeit extrem haltbar ist,<br \/>\n&#8211; R\u00fcckenst\u00fctze aus thermoplastischem Polyurethan (TPU) f\u00fcr h\u00f6here Abriebfestigkeit.<br \/>\nSpezifisch<br \/>\nMaterialien: Polyethylen hoher Dichte (HDPE), thermoplastisches Polyurethan (TPU), Polyester, Stahl<\/p>\n<table>\n<tbody>\n<tr>\n<th class=\"rowTitle\">Referenzen<\/th>\n<th>C027AA00<\/th>\n<\/tr>\n<tr>\n<td class=\"rowTitle\">Farbe(n)<\/td>\n<td>Schwarz\/Orange <\/td>\n<\/tr>\n<tr>\n<td class=\"rowTitle\">Gewicht<\/td>\n<td>ca. 170 Gramm<\/td>\n<\/tr>\n<tr>\n<td class=\"rowTitle\">Garantie<\/td>\n<td>3 Jahre<\/td>\n<\/tr>\n<tr>\n<td class=\"rowTitle\">Verpackung<\/td>\n<td>1 <\/td>\n<\/tr>\n<\/tbody>\n<\/table>\n","protected":false},"excerpt":{"rendered":"<p>Positionierungsgurte f\u00fcr CROLL, mit Materialschlaufen Die EXPLO-Zahnspangen erm\u00f6glichen es Ihnen, die CROLL-Bauchsteigklemme in der richtigen Position zu positionieren und zu<\/p>\n","protected":false},"featured_media":93170,"template":"","meta":{"_seopress_robots_primary_cat":"","_seopress_titles_title":"","_seopress_titles_desc":"","_seopress_robots_index":""},"product_brand":[3446],"product_cat":[33,211,818],"product_tag":[],"class_list":{"0":"post-471788","1":"product","2":"type-product","3":"status-publish","4":"has-post-thumbnail","6":"product_brand-petzl","7":"product_cat-attrezzature","8":"product_cat-attrezzatura-per-il-tempo-libero","9":"product_cat-imbraghi-e-materiale-di-sicurezza-attrezzatura-per-il-tempo-libero","11":"first","12":"onbackorder","13":"shipping-taxable","14":"purchasable","15":"product-type-simple"},"_links":{"self":[{"href":"https:\/\/lucacastelli.com\/de\/wp-json\/wp\/v2\/product\/471788","targetHints":{"allow":["GET"]}}],"collection":[{"href":"https:\/\/lucacastelli.com\/de\/wp-json\/wp\/v2\/product"}],"about":[{"href":"https:\/\/lucacastelli.com\/de\/wp-json\/wp\/v2\/types\/product"}],"wp:featuredmedia":[{"embeddable":true,"href":"https:\/\/lucacastelli.com\/de\/wp-json\/wp\/v2\/media\/93170"}],"wp:attachment":[{"href":"https:\/\/lucacastelli.com\/de\/wp-json\/wp\/v2\/media?parent=471788"}],"wp:term":[{"taxonomy":"product_brand","embeddable":true,"href":"https:\/\/lucacastelli.com\/de\/wp-json\/wp\/v2\/product_brand?post=471788"},{"taxonomy":"product_cat","embeddable":true,"href":"https:\/\/lucacastelli.com\/de\/wp-json\/wp\/v2\/product_cat?post=471788"},{"taxonomy":"product_tag","embeddable":true,"href":"https:\/\/lucacastelli.com\/de\/wp-json\/wp\/v2\/product_tag?post=471788"}],"curies":[{"name":"wp","href":"https:\/\/api.w.org\/{rel}","templated":true}]}}