{"id":471783,"date":"2023-04-19T19:23:55","date_gmt":"2023-04-19T17:23:55","guid":{"rendered":"https:\/\/lucacastelli.com\/prodotto\/petzl-torse\/"},"modified":"2023-04-19T19:23:55","modified_gmt":"2023-04-19T17:23:55","slug":"petzl-torse","status":"publish","type":"product","link":"https:\/\/lucacastelli.com\/de\/produkt\/petzl-torse\/","title":{"rendered":"PETZL TORSE"},"content":{"rendered":"<p>Positionierstreben f\u00fcr den CROLL<\/p>\n<p>Die TORSE-Orthesen erm\u00f6glichen es Ihnen, eine CROLL-Bauchsteigklemme in der richtigen Position zu positionieren und zu halten, um die Effektivit\u00e4t und den Komfort des Aufstiegs am Seil in der H\u00f6hlenforschung zu optimieren. Die Schnellverstellung der Positionierungsschnallen sorgt f\u00fcr einen Halt am Gurtzeug. Die einfache und robuste Konstruktion erm\u00f6glicht es diesen Hosentr\u00e4gern, extrem langlebig zu sein.  <\/p>\n<p>Beschreibung<br \/>\nEffektivit\u00e4t und Benutzerfreundlichkeit beim Aufstieg am Seil:<br \/>\n &#8211; einfache Konstruktion, &#8211; erm\u00f6glicht es Ihnen,<br \/>\n eine CROLL Bauchsteigklemme beim Aufstieg am Seil effektiv zu positionieren.<br \/>\nSchnelle Einstellung:<br \/>\n &#8211; DOUBLEBACK-Schnalle f\u00fcr schnelle und pr\u00e4zise Einstellung,<br \/>\n &#8211; Schnellschnalle f\u00fcr einfaches Anbringen und Entfernen des Gurtes am Gurtzeug.<br \/>\nWiderstand:<br \/>\n&#8211; abriebfestes Gurtband f\u00fcr hervorragende Haltbarkeit,<br \/>\n&#8211; DOUBLEBACK-Schnalle aus Aluminium,Spezifikationen<\/p>\n<p> Materialien: DOUBLEBACK-Aluminium-Einstellschnalle, Kunststoff-R\u00fcckenschnalle, Polyester-Gurtband<\/p>\n<table>\n<tbody>\n<tr>\n<th class=\"rowTitle\">Referenzen<\/th>\n<th>C026AA00<\/th>\n<\/tr>\n<tr>\n<td class=\"rowTitle\">Farbe(n)<\/td>\n<td>Orange <\/td>\n<\/tr>\n<tr>\n<td class=\"rowTitle\">Gewicht<\/td>\n<td>ca. 90 g<\/td>\n<\/tr>\n<tr>\n<td class=\"rowTitle\">Garantie<\/td>\n<td>3 Jahre<\/td>\n<\/tr>\n<tr>\n<td class=\"rowTitle\">Verpackung<\/td>\n<td>1 <\/td>\n<\/tr>\n<\/tbody>\n<\/table>\n","protected":false},"excerpt":{"rendered":"<p>Positionierstreben f\u00fcr den CROLL Die TORSE-Orthesen erm\u00f6glichen es Ihnen, eine CROLL-Bauchsteigklemme in der richtigen Position zu positionieren und zu halten,<\/p>\n","protected":false},"featured_media":93175,"template":"","meta":{"_seopress_robots_primary_cat":"","_seopress_titles_title":"","_seopress_titles_desc":"","_seopress_robots_index":""},"product_brand":[3446],"product_cat":[33,211,818],"product_tag":[],"class_list":{"0":"post-471783","1":"product","2":"type-product","3":"status-publish","4":"has-post-thumbnail","6":"product_brand-petzl","7":"product_cat-attrezzature","8":"product_cat-attrezzatura-per-il-tempo-libero","9":"product_cat-imbraghi-e-materiale-di-sicurezza-attrezzatura-per-il-tempo-libero","11":"first","12":"onbackorder","13":"shipping-taxable","14":"purchasable","15":"product-type-simple"},"_links":{"self":[{"href":"https:\/\/lucacastelli.com\/de\/wp-json\/wp\/v2\/product\/471783","targetHints":{"allow":["GET"]}}],"collection":[{"href":"https:\/\/lucacastelli.com\/de\/wp-json\/wp\/v2\/product"}],"about":[{"href":"https:\/\/lucacastelli.com\/de\/wp-json\/wp\/v2\/types\/product"}],"wp:featuredmedia":[{"embeddable":true,"href":"https:\/\/lucacastelli.com\/de\/wp-json\/wp\/v2\/media\/93175"}],"wp:attachment":[{"href":"https:\/\/lucacastelli.com\/de\/wp-json\/wp\/v2\/media?parent=471783"}],"wp:term":[{"taxonomy":"product_brand","embeddable":true,"href":"https:\/\/lucacastelli.com\/de\/wp-json\/wp\/v2\/product_brand?post=471783"},{"taxonomy":"product_cat","embeddable":true,"href":"https:\/\/lucacastelli.com\/de\/wp-json\/wp\/v2\/product_cat?post=471783"},{"taxonomy":"product_tag","embeddable":true,"href":"https:\/\/lucacastelli.com\/de\/wp-json\/wp\/v2\/product_tag?post=471783"}],"curies":[{"name":"wp","href":"https:\/\/api.w.org\/{rel}","templated":true}]}}