{"id":471782,"date":"2023-04-19T12:38:29","date_gmt":"2023-04-19T10:38:29","guid":{"rendered":"https:\/\/lucacastelli.com\/prodotto\/petzl-karosserie\/"},"modified":"2023-04-19T12:38:29","modified_gmt":"2023-04-19T10:38:29","slug":"petzl-karosserie","status":"publish","type":"product","link":"https:\/\/lucacastelli.com\/de\/produkt\/petzl-karosserie\/","title":{"rendered":"PETZL-KAROSSERIE"},"content":{"rendered":"<p>Bequeme Hosentr\u00e4ger als Erg\u00e4nzung zu einem Kindersitzgurt<\/p>\n<p>Die BODY-Hosentr\u00e4ger sind als Erg\u00e4nzung zu einem Kindersitzgurt vom Typ MACCHU konzipiert. Sie verbessern das Gleichgewicht des Kindes in der Schwebe, dank der Ligatur auf H\u00f6he des Brustmuskels. Sie sind an die Morphologie des Kindes angepasst, bequem und einfach einzustellen.  <\/p>\n<p>Beschreibung<br \/>\nHebt den Gleichgewichtspunkt des Kindes an und verhindert ein Umkippen bei einem Sturz.<br \/>\nBequem und einfach einzustellen:<br \/>\n&#8211; DOUBLEBACK-Schnallen f\u00fcr eine schnelle und einfache Anpassung der Hosentr\u00e4ger,<br \/>\n&#8211; gepolsterte Oberfl\u00e4che f\u00fcr mehr Komfort.<br \/>\nSpezifikationen<br \/>\nMaterialien: Polyamid, Polyester, EVA, Polyurethan, Stahl<\/p>\n<table>\n<tbody>\n<tr>\n<th class=\"rowTitle\">Referenzen<\/th>\n<th>C018BA00<\/th>\n<\/tr>\n<tr>\n<td class=\"rowTitle\">Farbe(n)<\/td>\n<td>Blau <\/td>\n<\/tr>\n<tr>\n<td class=\"rowTitle\"><\/td>\n<td>Einheitsgr\u00f6\u00dfe  <\/td>\n<\/tr>\n<tr>\n<td class=\"rowTitle\"><\/td>\n<td>Brustumfang: 45-80 cm  <\/td>\n<\/tr>\n<tr>\n<td class=\"rowTitle\">Gewicht<\/td>\n<td>ca. 150 g<\/td>\n<\/tr>\n<tr>\n<td class=\"rowTitle\">Garantie<\/td>\n<td>3 Jahre<\/td>\n<\/tr>\n<tr>\n<td class=\"rowTitle\">Verpackung<\/td>\n<td>1 <\/td>\n<\/tr>\n<\/tbody>\n<\/table>\n","protected":false},"excerpt":{"rendered":"<p>Bequeme Hosentr\u00e4ger als Erg\u00e4nzung zu einem Kindersitzgurt Die BODY-Hosentr\u00e4ger sind als Erg\u00e4nzung zu einem Kindersitzgurt vom Typ MACCHU konzipiert. Sie<\/p>\n","protected":false},"featured_media":93135,"template":"","meta":{"_seopress_robots_primary_cat":"","_seopress_titles_title":"","_seopress_titles_desc":"","_seopress_robots_index":""},"product_brand":[3666],"product_cat":[1410,150,1409],"product_tag":[],"class_list":{"0":"post-471782","1":"product","2":"type-product","3":"status-publish","4":"has-post-thumbnail","6":"product_brand-petzl-de","7":"product_cat-auffanggurte-und-sicherheitsausrustung-de","8":"product_cat-ausrustung","9":"product_cat-freizeitausrustung","11":"first","12":"onbackorder","13":"shipping-taxable","14":"purchasable","15":"product-type-simple"},"_links":{"self":[{"href":"https:\/\/lucacastelli.com\/de\/wp-json\/wp\/v2\/product\/471782","targetHints":{"allow":["GET"]}}],"collection":[{"href":"https:\/\/lucacastelli.com\/de\/wp-json\/wp\/v2\/product"}],"about":[{"href":"https:\/\/lucacastelli.com\/de\/wp-json\/wp\/v2\/types\/product"}],"wp:featuredmedia":[{"embeddable":true,"href":"https:\/\/lucacastelli.com\/de\/wp-json\/wp\/v2\/media\/93135"}],"wp:attachment":[{"href":"https:\/\/lucacastelli.com\/de\/wp-json\/wp\/v2\/media?parent=471782"}],"wp:term":[{"taxonomy":"product_brand","embeddable":true,"href":"https:\/\/lucacastelli.com\/de\/wp-json\/wp\/v2\/product_brand?post=471782"},{"taxonomy":"product_cat","embeddable":true,"href":"https:\/\/lucacastelli.com\/de\/wp-json\/wp\/v2\/product_cat?post=471782"},{"taxonomy":"product_tag","embeddable":true,"href":"https:\/\/lucacastelli.com\/de\/wp-json\/wp\/v2\/product_tag?post=471782"}],"curies":[{"name":"wp","href":"https:\/\/api.w.org\/{rel}","templated":true}]}}