{"id":471763,"date":"2023-04-17T09:33:03","date_gmt":"2023-04-17T07:33:03","guid":{"rendered":"https:\/\/lucacastelli.com\/?post_type=product&#038;p=471763"},"modified":"2025-07-28T08:42:30","modified_gmt":"2025-07-28T06:42:30","slug":"petzl-string-m","status":"publish","type":"product","link":"https:\/\/lucacastelli.com\/de\/produkt\/petzl-string-m\/","title":{"rendered":"PETZL STRING M"},"content":{"rendered":"<p>Gurtbandschutz, um die Karabiner an den Gurtb\u00e4ndern EXPRESS und AXESS an Ort und Stelle zu halten (10er-Pack)<\/p>\n<p>Der STRING-Gurtbandschutz erf\u00fcllt zwei Funktionen: Er h\u00e4lt den Karabiner auf der Seilseite in Position und sch\u00fctzt das Gurtband vor Abrieb. Seine \u00d6ffnung gew\u00e4hrleistet den korrekten Einbau des Karabiners in das Gurtband. Es ist kompatibel mit EXPRESS- und AXESS-Gurtb\u00e4ndern.  <\/p>\n<p>Beschreibung<br \/>\nSchutz f\u00fcr Gurtb\u00e4nder von 15 bis 20 mm Breite.<br \/>\n\u00d6ffnung, die den korrekten Einbau des Karabiners in das Gurtband garantiert und die Kontrolle der Montage erleichtert.<br \/>\nKompatibel mit EXPRESS- und AXESS-Gurtb\u00e4ndern.<br \/>\nSpezifikationen<br \/>\nMaterialien: TPE (Thermoplastisches Elastomer)<\/p>\n","protected":false},"excerpt":{"rendered":"<p>Gurtbandschutz, um die Karabiner an den Gurtb\u00e4ndern EXPRESS und AXESS an Ort und Stelle zu halten (10er-Pack) Der STRING-Gurtbandschutz erf\u00fcllt<\/p>\n","protected":false},"featured_media":89509,"template":"","meta":{"_seopress_robots_primary_cat":"","_seopress_titles_title":"","_seopress_titles_desc":"","_seopress_robots_index":""},"product_brand":[3446],"product_cat":[33,537,814,211],"product_tag":[],"class_list":{"0":"post-471763","1":"product","2":"type-product","3":"status-publish","4":"has-post-thumbnail","6":"product_brand-petzl","7":"product_cat-attrezzature","8":"product_cat-attrezzatura-da-lavoro","9":"product_cat-imbraghi-e-materiale-di-sicurezza","10":"product_cat-attrezzatura-per-il-tempo-libero","12":"first","13":"onbackorder","14":"shipping-taxable","15":"purchasable","16":"product-type-simple"},"_links":{"self":[{"href":"https:\/\/lucacastelli.com\/de\/wp-json\/wp\/v2\/product\/471763","targetHints":{"allow":["GET"]}}],"collection":[{"href":"https:\/\/lucacastelli.com\/de\/wp-json\/wp\/v2\/product"}],"about":[{"href":"https:\/\/lucacastelli.com\/de\/wp-json\/wp\/v2\/types\/product"}],"wp:featuredmedia":[{"embeddable":true,"href":"https:\/\/lucacastelli.com\/de\/wp-json\/wp\/v2\/media\/89509"}],"wp:attachment":[{"href":"https:\/\/lucacastelli.com\/de\/wp-json\/wp\/v2\/media?parent=471763"}],"wp:term":[{"taxonomy":"product_brand","embeddable":true,"href":"https:\/\/lucacastelli.com\/de\/wp-json\/wp\/v2\/product_brand?post=471763"},{"taxonomy":"product_cat","embeddable":true,"href":"https:\/\/lucacastelli.com\/de\/wp-json\/wp\/v2\/product_cat?post=471763"},{"taxonomy":"product_tag","embeddable":true,"href":"https:\/\/lucacastelli.com\/de\/wp-json\/wp\/v2\/product_tag?post=471763"}],"curies":[{"name":"wp","href":"https:\/\/api.w.org\/{rel}","templated":true}]}}