{"id":471724,"date":"2023-04-17T07:47:53","date_gmt":"2023-04-17T05:47:53","guid":{"rendered":"https:\/\/lucacastelli.com\/?post_type=product&#038;p=471724"},"modified":"2025-07-28T08:42:37","modified_gmt":"2025-07-28T06:42:37","slug":"petzl-grillon","status":"publish","type":"product","link":"https:\/\/lucacastelli.com\/de\/produkt\/petzl-grillon\/","title":{"rendered":"PETZL GRILLON"},"content":{"rendered":"<p>Verstellbares Verbindungsmittel zur Arbeitsplatzpositionierung<\/p>\n<p>Das Verbindungsmittel GRILLON wird verwendet, um in Kombination mit einem Auffangger\u00e4t Arbeitsplatzvertierungssysteme zu erstellen. Es erm\u00f6glicht Ihnen, die L\u00e4nge, die Sie ben\u00f6tigen, genau und sehr einfach an die Besonderheiten des Arbeitsplatzes anzupassen, um sich bequem zu positionieren. Je nach Konfiguration kann es einfach oder doppelt verwendet werden. GRILLON ist in sieben L\u00e4ngen (2, 3, 4, 5, 10, 15 und 20 m) und in einer schwarzen Version erh\u00e4ltlich. Es ist nach europ\u00e4ischen, russischen und nordamerikanischen Normen zertifiziert.    <\/p>\n<p>Beschreibung<\/p>\n<p>Detaillierte Beschreibung<br \/>\nEinfach zu bedienen: Progressives Verstellsystem, mit dem Sie die L\u00e4nge, die Sie ben\u00f6tigen, um sich bequem am Arbeitsplatz zu positionieren, pr\u00e4zise einstellen k\u00f6nnen.<br \/>\nZwei Verwendungsmodi:<br \/>\n &#8211; Doppelt an den seitlichen Befestigungspunkten des Gurts, wenn der Benutzer auf den F\u00fc\u00dfen arbeitet. Diese Art der Verbindung sorgt f\u00fcr eine bessere Lastverteilung auf H\u00f6he des Hosentr\u00e4gergurtes. Die Einstellung erfolgt durch Dr\u00fccken des drehbaren Nockens,<br \/>\n der sich einfach auf den ventralen Befestigungspunkt des Gurtzeugs befindet, wenn sich der Anker \u00fcber dem Benutzer befindet, um die Last zwischen dem Gurt und den Beinschlaufen f\u00fcr mehr Komfort zu verteilen. Die Einstellung erfolgt durch Bet\u00e4tigen des Griffs und Halten des freien Endes des Verbindungsmittels.<br \/>\nVern\u00e4hte Abschl\u00fcsse an beiden Enden mit Kunststoffmantel, um den Verbinder an Ort und Stelle zu halten und das Seil vor Abrieb zu sch\u00fctzen.<br \/>\nSchutzmantel, der es Ihnen erm\u00f6glicht, das Seil vor Kontaktpunkten zu sch\u00fctzen, die es besch\u00e4digen k\u00f6nnten, indem Sie das Gleiten erleichtern. Dieser Schutz ist abnehmbar, so dass Sie n\u00e4her an den Anker heranklettern k\u00f6nnen, wenn das Verbindungsmittel einzeln verwendet wird.<br \/>\nErh\u00e4ltlich in sieben L\u00e4ngen: 2, 3, 4, 5, 10, 15 und 20 m. Die L\u00e4nge des Verbindungsmittels wird sofort anhand des farbigen Etiketts an dem Ende identifiziert, das den Stecker aufnimmt.<br \/>\nErh\u00e4ltlich in zwei Farben: wei\u00df\/gelb und schwarz.<br \/>\nSeile sind als Ersatzteile erh\u00e4ltlich.     <\/p>\n<p>Spezifikationen<br \/>\nMaterialien: Polyamid, Polyester, Aluminium<br \/>\nZertifizierung(en): ANSI Z359.3, CSA Z259.11, CE EN 358, CE EN 12841 Typ C, EAC<\/p>\n<table>\n<tbody>\n<tr>\n<th class=\"rowTitle\">Referenzen<\/th>\n<th>\n L052AA06<\/th>\n<th>\n L052AA07<\/th>\n<th>L052AA08<\/th>\n<\/tr>\n<tr>\n<td class=\"rowTitle\">L\u00e4nge<\/td>\n<td>ca. 20 m<\/td>\n<td>ca. 2 m<\/td>\n<td>3 m<\/td>\n<\/tr>\n<tr>\n<td class=\"rowTitle\">Farbe(n)<\/td>\n<td>wei\u00df\/gelb <\/td>\n<td>schwarz <\/td>\n<td>schwarz <\/td>\n<\/tr>\n<tr>\n<td class=\"rowTitle\">Gewicht<\/td>\n<td>ca. 1875 kg<\/td>\n<td>480 Gramm<\/td>\n<td>560 Gramm<\/td>\n<\/tr>\n<tr>\n<td class=\"rowTitle\">Garantie<\/td>\n<td>3 Jahre<\/td>\n<td>3 Jahre<\/td>\n<td>3 Jahre<\/td>\n<\/tr>\n<tr>\n<td class=\"rowTitle\">Verpackung<\/td>\n<td> <\/td>\n<p> 1<\/p>\n<td> <\/td>\n<p> 1<\/p>\n<td>1 <\/td>\n<\/tr>\n<\/tbody>\n<\/table>\n","protected":false},"excerpt":{"rendered":"<p>Verstellbares Verbindungsmittel zur Arbeitsplatzpositionierung Das Verbindungsmittel GRILLON wird verwendet, um in Kombination mit einem Auffangger\u00e4t Arbeitsplatzvertierungssysteme zu erstellen. Es erm\u00f6glicht<\/p>\n","protected":false},"featured_media":89366,"template":"","meta":{"_seopress_robots_primary_cat":"","_seopress_titles_title":"","_seopress_titles_desc":"","_seopress_robots_index":""},"product_brand":[3666],"product_cat":[1396,1403,1410,150,1409],"product_tag":[],"class_list":{"0":"post-471724","1":"product","2":"type-product","3":"status-publish","4":"has-post-thumbnail","6":"product_brand-petzl-de","7":"product_cat-arbeitsausrustung","8":"product_cat-auffanggurte-und-sicherheitsausrustung","9":"product_cat-auffanggurte-und-sicherheitsausrustung-de","10":"product_cat-ausrustung","11":"product_cat-freizeitausrustung","13":"first","14":"instock","15":"shipping-taxable","16":"purchasable","17":"product-type-variable"},"_links":{"self":[{"href":"https:\/\/lucacastelli.com\/de\/wp-json\/wp\/v2\/product\/471724","targetHints":{"allow":["GET"]}}],"collection":[{"href":"https:\/\/lucacastelli.com\/de\/wp-json\/wp\/v2\/product"}],"about":[{"href":"https:\/\/lucacastelli.com\/de\/wp-json\/wp\/v2\/types\/product"}],"wp:featuredmedia":[{"embeddable":true,"href":"https:\/\/lucacastelli.com\/de\/wp-json\/wp\/v2\/media\/89366"}],"wp:attachment":[{"href":"https:\/\/lucacastelli.com\/de\/wp-json\/wp\/v2\/media?parent=471724"}],"wp:term":[{"taxonomy":"product_brand","embeddable":true,"href":"https:\/\/lucacastelli.com\/de\/wp-json\/wp\/v2\/product_brand?post=471724"},{"taxonomy":"product_cat","embeddable":true,"href":"https:\/\/lucacastelli.com\/de\/wp-json\/wp\/v2\/product_cat?post=471724"},{"taxonomy":"product_tag","embeddable":true,"href":"https:\/\/lucacastelli.com\/de\/wp-json\/wp\/v2\/product_tag?post=471724"}],"curies":[{"name":"wp","href":"https:\/\/api.w.org\/{rel}","templated":true}]}}