{"id":471713,"date":"2023-04-17T08:05:23","date_gmt":"2023-04-17T06:05:23","guid":{"rendered":"https:\/\/lucacastelli.com\/?post_type=product&#038;p=471713"},"modified":"2025-07-28T08:42:34","modified_gmt":"2025-07-28T06:42:34","slug":"petzl-ersatzseil-fur-grillon","status":"publish","type":"product","link":"https:\/\/lucacastelli.com\/de\/produkt\/petzl-ersatzseil-fur-grillon\/","title":{"rendered":"PETZL Ersatzseil f\u00fcr GRILLON"},"content":{"rendered":"<p>Ersatzseil f\u00fcr GRILLON, GRILLON Anker und GRILLON Rettungsleine.<\/p>\n<p>Detaillierte Beschreibung<br \/>\nDas Seil ist in sieben L\u00e4ngen und zwei Farben erh\u00e4ltlich.<br \/>\nL\u00e4ngen von 2, 3, 4 und 5 m f\u00fcr GRILLON und GRILLON Anker.<br \/>\nL\u00e4ngen von 5, 10, 15 und 20 m f\u00fcr GRILLON Rettungsleine.<br \/>\nEs kann mit alten Versionen (vor 2018) und neuen Versionen (nach 2018) verwendet werden.<\/p>\n<table>\n<tbody>\n<tr>\n<th class=\"rowTitle\">Referenzen<\/th>\n<th>\n L052FA06<\/th>\n<th>\n L052FA07<\/th>\n<th>L052FA08<\/th>\n<\/tr>\n<tr>\n<td class=\"rowTitle\">L\u00e4nge<\/td>\n<td>ca. 20 m<\/td>\n<td>ca. 2 m<\/td>\n<td>3 m<\/td>\n<\/tr>\n<tr>\n<td class=\"rowTitle\">Farbe(n)<\/td>\n<td>wei\u00df\/gelb <\/td>\n<td>schwarz <\/td>\n<td>schwarz <\/td>\n<\/tr>\n<tr>\n<td class=\"rowTitle\">Garantie<\/td>\n<td>3 Jahre<\/td>\n<td>3 Jahre<\/td>\n<td>3 Jahre<\/td>\n<\/tr>\n<tr>\n<td class=\"rowTitle\">Verpackung<\/td>\n<td> <\/td>\n<p> 1<\/p>\n<td> <\/td>\n<p> 1<\/p>\n<td>1 <\/td>\n<\/tr>\n<\/tbody>\n<\/table>\n","protected":false},"excerpt":{"rendered":"<p>Ersatzseil f\u00fcr GRILLON, GRILLON Anker und GRILLON Rettungsleine. Detaillierte Beschreibung Das Seil ist in sieben L\u00e4ngen und zwei Farben erh\u00e4ltlich.<\/p>\n","protected":false},"featured_media":89430,"template":"","meta":{"_seopress_robots_primary_cat":"","_seopress_titles_title":"","_seopress_titles_desc":"","_seopress_robots_index":""},"product_brand":[3666],"product_cat":[1396,1403,1410,150,1409],"product_tag":[],"class_list":{"0":"post-471713","1":"product","2":"type-product","3":"status-publish","4":"has-post-thumbnail","6":"product_brand-petzl-de","7":"product_cat-arbeitsausrustung","8":"product_cat-auffanggurte-und-sicherheitsausrustung","9":"product_cat-auffanggurte-und-sicherheitsausrustung-de","10":"product_cat-ausrustung","11":"product_cat-freizeitausrustung","13":"first","14":"onbackorder","15":"shipping-taxable","16":"purchasable","17":"product-type-variable"},"_links":{"self":[{"href":"https:\/\/lucacastelli.com\/de\/wp-json\/wp\/v2\/product\/471713","targetHints":{"allow":["GET"]}}],"collection":[{"href":"https:\/\/lucacastelli.com\/de\/wp-json\/wp\/v2\/product"}],"about":[{"href":"https:\/\/lucacastelli.com\/de\/wp-json\/wp\/v2\/types\/product"}],"wp:featuredmedia":[{"embeddable":true,"href":"https:\/\/lucacastelli.com\/de\/wp-json\/wp\/v2\/media\/89430"}],"wp:attachment":[{"href":"https:\/\/lucacastelli.com\/de\/wp-json\/wp\/v2\/media?parent=471713"}],"wp:term":[{"taxonomy":"product_brand","embeddable":true,"href":"https:\/\/lucacastelli.com\/de\/wp-json\/wp\/v2\/product_brand?post=471713"},{"taxonomy":"product_cat","embeddable":true,"href":"https:\/\/lucacastelli.com\/de\/wp-json\/wp\/v2\/product_cat?post=471713"},{"taxonomy":"product_tag","embeddable":true,"href":"https:\/\/lucacastelli.com\/de\/wp-json\/wp\/v2\/product_tag?post=471713"}],"curies":[{"name":"wp","href":"https:\/\/api.w.org\/{rel}","templated":true}]}}