{"id":471702,"date":"2023-04-17T07:36:22","date_gmt":"2023-04-17T05:36:22","guid":{"rendered":"https:\/\/lucacastelli.com\/?post_type=product&#038;p=471702"},"modified":"2025-07-28T09:04:50","modified_gmt":"2025-07-28T07:04:50","slug":"petzl-demi-rond","status":"publish","type":"product","link":"https:\/\/lucacastelli.com\/de\/produkt\/petzl-demi-rond\/","title":{"rendered":"PETZL Demi rond"},"content":{"rendered":"<p>Schnellglied aus Aluminiumlegierung, halbrunde Form<\/p>\n<p>Mit diesem mit einem Schl\u00fcssel verriegelten Aluminium-Schnellverschluss k\u00f6nnen Sie jeden Kabelbaum schlie\u00dfen, in dem Sie die beiden Befestigungspunkte verbinden m\u00fcssen.<\/p>\n<p>Beschreibung<br \/>\nErm\u00f6glicht das Schlie\u00dfen jedes Kabelbaums, in dem die beiden Befestigungspunkte verbunden werden m\u00fcssen.<br \/>\nSpezifikationen<br \/>\nDrahtdurchmesser 10 mm<br \/>\nMaterialien: Aluminium<br \/>\nZertifizierung(en): CE EN 362 Typ Q<\/p>\n<table>\n<tbody>\n<tr>\n<th class=\"rowTitle\">Referenzen<\/th>\n<th>Seite 18<\/th>\n<\/tr>\n<tr>\n<td class=\"rowTitle\">Farbe(n)<\/td>\n<td>grau <\/td>\n<\/tr>\n<tr>\n<td class=\"rowTitle\">Gewicht<\/td>\n<td>55 Gramm<\/td>\n<\/tr>\n<tr>\n                                                        Widerstand <\/p>\n<td class=\"rowTitle\">der Hauptachse<\/td>\n<td>25 kN<\/td>\n<\/tr>\n<tr>\n<td class=\"rowTitle\">Widerstand der kleinen<\/td>\n<p> Achse<\/p>\n<td>10 kN<\/td>\n<\/tr>\n<tr>\n<td class=\"rowTitle\">\u00d6ffnung<\/td>\n<td>ca. 10 mm<\/td>\n<\/tr>\n<tr>\n<td class=\"rowTitle\">Garantie<\/td>\n<td>3 Jahre<\/td>\n<\/tr>\n<tr>\n<td class=\"rowTitle\">Verpackung<\/td>\n<td>1 <\/td>\n<\/tr>\n<\/tbody>\n<\/table>\n","protected":false},"excerpt":{"rendered":"<p>Schnellglied aus Aluminiumlegierung, halbrunde Form Mit diesem mit einem Schl\u00fcssel verriegelten Aluminium-Schnellverschluss k\u00f6nnen Sie jeden Kabelbaum schlie\u00dfen, in dem Sie<\/p>\n","protected":false},"featured_media":89361,"template":"","meta":{"_seopress_robots_primary_cat":"","_seopress_titles_title":"","_seopress_titles_desc":"","_seopress_robots_index":""},"product_brand":[3666],"product_cat":[1396,1403,150],"product_tag":[],"class_list":{"0":"post-471702","1":"product","2":"type-product","3":"status-publish","4":"has-post-thumbnail","6":"product_brand-petzl-de","7":"product_cat-arbeitsausrustung","8":"product_cat-auffanggurte-und-sicherheitsausrustung","9":"product_cat-ausrustung","11":"first","12":"onbackorder","13":"shipping-taxable","14":"purchasable","15":"product-type-simple"},"_links":{"self":[{"href":"https:\/\/lucacastelli.com\/de\/wp-json\/wp\/v2\/product\/471702","targetHints":{"allow":["GET"]}}],"collection":[{"href":"https:\/\/lucacastelli.com\/de\/wp-json\/wp\/v2\/product"}],"about":[{"href":"https:\/\/lucacastelli.com\/de\/wp-json\/wp\/v2\/types\/product"}],"wp:featuredmedia":[{"embeddable":true,"href":"https:\/\/lucacastelli.com\/de\/wp-json\/wp\/v2\/media\/89361"}],"wp:attachment":[{"href":"https:\/\/lucacastelli.com\/de\/wp-json\/wp\/v2\/media?parent=471702"}],"wp:term":[{"taxonomy":"product_brand","embeddable":true,"href":"https:\/\/lucacastelli.com\/de\/wp-json\/wp\/v2\/product_brand?post=471702"},{"taxonomy":"product_cat","embeddable":true,"href":"https:\/\/lucacastelli.com\/de\/wp-json\/wp\/v2\/product_cat?post=471702"},{"taxonomy":"product_tag","embeddable":true,"href":"https:\/\/lucacastelli.com\/de\/wp-json\/wp\/v2\/product_tag?post=471702"}],"curies":[{"name":"wp","href":"https:\/\/api.w.org\/{rel}","templated":true}]}}