{"id":471687,"date":"2023-04-16T16:41:32","date_gmt":"2023-04-16T14:41:32","guid":{"rendered":"https:\/\/lucacastelli.com\/?post_type=product&#038;p=471687"},"modified":"2026-02-14T20:55:32","modified_gmt":"2026-02-14T19:55:32","slug":"petzl-smd","status":"publish","type":"product","link":"https:\/\/lucacastelli.com\/de\/produkt\/petzl-smd\/","title":{"rendered":"PETZL Sm&#8217;D"},"content":{"rendered":"<p>Ultraleichter asymmetrischer Karabiner<\/p>\n<p>Der kompakte asymmetrische Aluminiumkarabiner Sm&#8217;D wird f\u00fcr Arbeiter in der H\u00f6he empfohlen, die auf der Suche nach Ultraleichtigkeit sind. Durch die D-Form eignet er sich besonders f\u00fcr den Anschluss von Ger\u00e4ten. Er ist in zwei Schlie\u00dfsystemen (automatisches TRIACT-LOCK-System und manuelles SCREW-LOCK-System) oder ohne Schlie\u00dfsystem erh\u00e4ltlich.  <\/p>\n<p>Beschreibung<br \/>\nD-Form, besonders geeignet f\u00fcr den Anschluss von Ger\u00e4ten.<br \/>\nKompakter Aluminiumkarabiner, geeignet f\u00fcr Arbeiter in der H\u00f6he, die Ultraleichtigkeit suchen.<br \/>\nErleichtert Man\u00f6ver:- flie\u00dfendes Innendesign,<br \/>\n um das Risiko stabiler N\u00e4hte zu verringern und die Drehung des Karabiners zu erleichtern,- Keylock-System,<br \/>\n um ein unbeabsichtigtes Einhaken des Karabiners zu verhindern.<br \/>\nH-Profil:<br \/>\n&#8211; garantiert ein optimales Verh\u00e4ltnis von Festigkeit zu Helligkeit,<br \/>\n&#8211; sch\u00fctzt die Markierungen vor Abrieb.<br \/>\nLoch, mit dem Sie Ger\u00e4te wie TIBLOC oder MICRO TRAXION anschlie\u00dfen k\u00f6nnen, um das Risiko eines Verlusts zu verringern.<br \/>\nErh\u00e4ltlich in zwei Versionen des Verriegelungssystems:<br \/>\n &#8211; TRIACT-LOCK: automatische Verriegelung mit dreifacher \u00d6ffnung, &#8211; SCREW-LOCK: manuelle Schraubenverriegelung mit roter optischer Anzeige,<br \/>\n wenn der Karabiner nicht verriegelt ist.<br \/>\nErh\u00e4ltlich ohne Verriegelungssystem f\u00fcr einfaches Einh\u00e4ngen w\u00e4hrend des Fortschritts mit Klettertechnik.<br \/>\nSpezifisch<br \/>\nMaterialien: Aluminium<\/p>\n<table>\n<tbody>\n<tr>\n<th class=\"rowTitle\">Artikelnummern<\/th>\n<th>M39A SL<\/th>\n<th>M39A RL<\/th>\n<\/tr>\n<tr>\n<td class=\"rowTitle\">Gewicht<\/td>\n<td>46 Gramm<\/td>\n<td>51 g<\/td>\n<\/tr>\n<tr>\n<td class=\"rowTitle\">Schlie\u00dfsystem<\/td>\n<td>SCHRAUBVERSCHLUSS <\/td>\n<td>DREHVERSCHLUSS <\/td>\n<\/tr>\n<tr>\n<td class=\"rowTitle\">Art<\/td>\n<td>Vgl. <\/td>\n<td>Vgl. <\/td>\n<\/tr>\n<tr>\n<td class=\"rowTitle\">Farbe(n)<\/td>\n<td>Gelb <\/td>\n<td>Gelb <\/td>\n<\/tr>\n<tr>\n                                        Widerstand <\/p>\n<td class=\"rowTitle\">der Hauptachse<\/td>\n<td>23 kN<\/td>\n<td>23 kN<\/td>\n<\/tr>\n<tr>\n<td class=\"rowTitle\">Widerstand der kleinen<\/td>\n<p> Achse<\/p>\n<td>8 kN<\/td>\n<td>8 kN<\/td>\n<\/tr>\n<tr>\n                                        Offener <\/p>\n<td class=\"rowTitle\">Hebelwiderstand<\/td>\n<td>7 kN<\/td>\n<td>7 kN<\/td>\n<\/tr>\n<tr>\n<td class=\"rowTitle\">\u00d6ffnung<\/td>\n<td>ca. 20 mm<\/td>\n<td>ca. 20 mm<\/td>\n<\/tr>\n<tr>\n<td class=\"rowTitle\">Garantie<\/td>\n<td>3 Jahre<\/td>\n<td>3 Jahre<\/td>\n<\/tr>\n<tr>\n<td class=\"rowTitle\">Verpackung<\/td>\n<td> <\/td>\n<p> 1<\/p>\n<td>1 <\/td>\n<\/tr>\n<\/tbody>\n<\/table>\n","protected":false},"excerpt":{"rendered":"<p>Ultraleichter asymmetrischer Karabiner Der kompakte asymmetrische Aluminiumkarabiner Sm&#8217;D wird f\u00fcr Arbeiter in der H\u00f6he empfohlen, die auf der Suche nach<\/p>\n","protected":false},"featured_media":89268,"template":"","meta":{"_seopress_robots_primary_cat":"","_seopress_titles_title":"","_seopress_titles_desc":"","_seopress_robots_index":""},"product_brand":[3666],"product_cat":[1396,1403,150],"product_tag":[],"class_list":{"0":"post-471687","1":"product","2":"type-product","3":"status-publish","4":"has-post-thumbnail","6":"product_brand-petzl-de","7":"product_cat-arbeitsausrustung","8":"product_cat-auffanggurte-und-sicherheitsausrustung","9":"product_cat-ausrustung","11":"first","12":"instock","13":"shipping-taxable","14":"purchasable","15":"product-type-variable"},"_links":{"self":[{"href":"https:\/\/lucacastelli.com\/de\/wp-json\/wp\/v2\/product\/471687","targetHints":{"allow":["GET"]}}],"collection":[{"href":"https:\/\/lucacastelli.com\/de\/wp-json\/wp\/v2\/product"}],"about":[{"href":"https:\/\/lucacastelli.com\/de\/wp-json\/wp\/v2\/types\/product"}],"wp:featuredmedia":[{"embeddable":true,"href":"https:\/\/lucacastelli.com\/de\/wp-json\/wp\/v2\/media\/89268"}],"wp:attachment":[{"href":"https:\/\/lucacastelli.com\/de\/wp-json\/wp\/v2\/media?parent=471687"}],"wp:term":[{"taxonomy":"product_brand","embeddable":true,"href":"https:\/\/lucacastelli.com\/de\/wp-json\/wp\/v2\/product_brand?post=471687"},{"taxonomy":"product_cat","embeddable":true,"href":"https:\/\/lucacastelli.com\/de\/wp-json\/wp\/v2\/product_cat?post=471687"},{"taxonomy":"product_tag","embeddable":true,"href":"https:\/\/lucacastelli.com\/de\/wp-json\/wp\/v2\/product_tag?post=471687"}],"curies":[{"name":"wp","href":"https:\/\/api.w.org\/{rel}","templated":true}]}}