{"id":471668,"date":"2023-04-14T11:51:40","date_gmt":"2023-04-14T09:51:40","guid":{"rendered":"https:\/\/lucacastelli.com\/?post_type=product&#038;p=471668"},"modified":"2025-07-28T10:09:29","modified_gmt":"2025-07-28T08:09:29","slug":"petzl-achse-mit-genahter-endverbindung","status":"publish","type":"product","link":"https:\/\/lucacastelli.com\/de\/produkt\/petzl-achse-mit-genahter-endverbindung\/","title":{"rendered":"PETZL-ACHSE mit gen\u00e4hter Endverbindung"},"content":{"rendered":"<p>Halbstatische Seile mit vern\u00e4hter Endverbindung f\u00fcr die Verwendung mit einem mobilen Auffangger\u00e4t ASAP LOCK<\/p>\n<p>Das halbstatische Seil AXIS 11 mm mit gen\u00e4hter Endverbindung ist f\u00fcr die Verwendung mit einem mobilen Auffangger\u00e4t ASAP LOCK und einem Falld\u00e4mpfer ASAP&#8217;SORBER oder ASAP&#8217;SORBER AXESS vorgesehen. Er verf\u00fcgt \u00fcber einen eingen\u00e4hten Anschluss mit einem Schutzmantel, der es Ihnen erm\u00f6glicht, den Steckverbinder in der richtigen Position zu halten, so dass Sie die Anforderungen der europ\u00e4ischen Norm EN 353-2 zum Schutz vor St\u00fcrzen erf\u00fcllen k\u00f6nnen. Der Standarddurchmesser sorgt f\u00fcr einen guten Halt und erleichtert das Man\u00f6vrieren. Die EverFlex-Technologie garantiert gro\u00dfe Flexibilit\u00e4t und konstante Leistung \u00fcber die Zeit. Das Seil ist in sechs L\u00e4ngen erh\u00e4ltlich.    <\/p>\n<p>Detaillierte Beschreibung<br \/>\nSeil mit gen\u00e4hter Endverbindung, mit dem Sie die Anforderungen der EN 353-2 erf\u00fcllen k\u00f6nnen, wenn Sie es mit einem mobilen Auffangger\u00e4t ASAP LOCK und einem Falld\u00e4mpfer ASAP&#8217;SORBER oder ASAP&#8217;SORBER AXESS verwenden.<br \/>\nStandarddurchmesser, der einen guten Halt garantiert, um Man\u00f6ver zu erleichtern.<br \/>\nKonstante Leistung im Laufe der Zeit:<br \/>\n&#8211; Konstruktion mit einem Polyamidkern und einer Polyesterh\u00fclle mit einer speziellen Webart,- EverFlex-Technologie,<br \/>\n die eine gro\u00dfe Flexibilit\u00e4t im Laufe der Zeit garantiert, unabh\u00e4ngig von den Bedingungen (Wasser, Staub, Schlamm&#8230;), um eine hervorragende Handhabung und einen optimalen Betrieb mit den Ger\u00e4ten zu gew\u00e4hrleisten.<br \/>\nSeil mit eingen\u00e4hter Endverbindung: Diese Endverbindung verf\u00fcgt \u00fcber einen Schutzmantel, um den Verbindungsst\u00fcck korrekt an Ort und Stelle zu halten und die Bedienung zu erleichtern.<br \/>\nIndividuelle Kennzeichnungskennzeichnung auf dem Kunststoffmantel, um das Ger\u00e4t w\u00e4hrend seiner gesamten Lebensdauer zu \u00fcberpr\u00fcfen.<br \/>\nStandardl\u00e4ngen: 10, 20, 30, 40, 50 und 60 m.<br \/>\nAnpassung auf Anfrage:<br \/>\n&#8211; M\u00f6glichkeit, ein Seil in der gew\u00fcnschten L\u00e4nge zu bestellen,<br \/>\n&#8211; Hinzuf\u00fcgen eines gen\u00e4hten Abschlusses am zweiten Ende.<\/p>\n<p>Spezifikationen<br \/>\nDurchmesser: 11 mm<br \/>\nMaterialien: Polyester, Polyamid<br \/>\nZertifizierung(en): CE EN 1891 Typ A, UKCA, EAC, NFPA 2500 Technische Verwendung<br \/>\nGewicht pro Meter: 82 g<br \/>\nWiderstand mit vern\u00e4hter Endverbindung: 22 kN<br \/>\nSchlagkraft (Faktor 0,3): 5,2 kN<br \/>\nAnzahl der Tropfen Faktor 1: 12<br \/>\nKonstruktion: 32 Spindeln<br \/>\nProzentsatz des Mantels: 41 %<br \/>\nStatische Dehnung: 3 %<\/p>\n<p>3 Jahre Garantie<\/p>\n","protected":false},"excerpt":{"rendered":"<p>Halbstatische Seile mit vern\u00e4hter Endverbindung f\u00fcr die Verwendung mit einem mobilen Auffangger\u00e4t ASAP LOCK Das halbstatische Seil AXIS 11 mm<\/p>\n","protected":false},"featured_media":89243,"template":"","meta":{"_seopress_robots_primary_cat":"","_seopress_titles_title":"","_seopress_titles_desc":"","_seopress_robots_index":""},"product_brand":[3666],"product_cat":[1396,1403,150],"product_tag":[],"class_list":{"0":"post-471668","1":"product","2":"type-product","3":"status-publish","4":"has-post-thumbnail","6":"product_brand-petzl-de","7":"product_cat-arbeitsausrustung","8":"product_cat-auffanggurte-und-sicherheitsausrustung","9":"product_cat-ausrustung","11":"first","12":"onbackorder","13":"shipping-taxable","14":"purchasable","15":"product-type-variable"},"_links":{"self":[{"href":"https:\/\/lucacastelli.com\/de\/wp-json\/wp\/v2\/product\/471668","targetHints":{"allow":["GET"]}}],"collection":[{"href":"https:\/\/lucacastelli.com\/de\/wp-json\/wp\/v2\/product"}],"about":[{"href":"https:\/\/lucacastelli.com\/de\/wp-json\/wp\/v2\/types\/product"}],"wp:featuredmedia":[{"embeddable":true,"href":"https:\/\/lucacastelli.com\/de\/wp-json\/wp\/v2\/media\/89243"}],"wp:attachment":[{"href":"https:\/\/lucacastelli.com\/de\/wp-json\/wp\/v2\/media?parent=471668"}],"wp:term":[{"taxonomy":"product_brand","embeddable":true,"href":"https:\/\/lucacastelli.com\/de\/wp-json\/wp\/v2\/product_brand?post=471668"},{"taxonomy":"product_cat","embeddable":true,"href":"https:\/\/lucacastelli.com\/de\/wp-json\/wp\/v2\/product_cat?post=471668"},{"taxonomy":"product_tag","embeddable":true,"href":"https:\/\/lucacastelli.com\/de\/wp-json\/wp\/v2\/product_tag?post=471668"}],"curies":[{"name":"wp","href":"https:\/\/api.w.org\/{rel}","templated":true}]}}