{"id":471655,"date":"2023-04-13T14:04:14","date_gmt":"2023-04-13T12:04:14","guid":{"rendered":"https:\/\/lucacastelli.com\/?post_type=product&#038;p=471655"},"modified":"2025-07-28T10:09:37","modified_gmt":"2025-07-28T08:09:37","slug":"petzl-pro-traxion","status":"publish","type":"product","link":"https:\/\/lucacastelli.com\/de\/produkt\/petzl-pro-traxion\/","title":{"rendered":"PETZL PRO TRAXION"},"content":{"rendered":"<p>Unverlierbare Steigrolle mit sehr hoher Leistung<\/p>\n<p>Die PRO TRAXION Seilrolle ist so konzipiert, dass das Seil installiert werden kann, wenn die Seilrolle auf dem Anschlagpunkt positioniert ist. Mit seiner gro\u00dfen Umlenkrolle und seinem hervorragenden Wirkungsgrad eignet er sich besonders f\u00fcr schweres Heben. Der verriegelte Flansch verhindert, dass sich die Riemenscheibe w\u00e4hrend des Gebrauchs \u00f6ffnet. Durch den unteren Anschlusspunkt k\u00f6nnen verschiedene Arten der R\u00fcckgewinnung durchgef\u00fchrt werden.   <\/p>\n<p>Detaillierte Beschreibung<br \/>\nUnverlierbare Umlenkrolle:<br \/>\n &#8211; erm\u00f6glicht die Installation des Seils, wenn die Umlenkrolle auf den Anker gelegt wird.<br \/>\nBesonders geeignet f\u00fcr schweres Heben:<br \/>\n&#8211; Aluminium-Riemenscheibe mit gro\u00dfem Durchmesser, montiert auf abgedichtetem Kugellager f\u00fcr hervorragende Effizienz,- Flansch unter Last verriegelt,<br \/>\n um zu verhindern, dass sich die Riemenscheibe w\u00e4hrend des Gebrauchs \u00f6ffnet.<br \/>\nVielseitigkeit der Verwendung:<br \/>\n&#8211; niedrigerer Verbindungspunkt, um verschiedene Arten von R\u00fcckholungen durchzuf\u00fchren,<br \/>\n&#8211; gezackter Schnuranschlag mit Rille zur Beseitigung von Verunreinigungen, um den Betrieb unter allen Bedingungen zu optimieren: gefrorenes Seil, schlammiges Seil&#8230;<br \/>\n&#8211; Verwenden Sie es als einfache Riemenscheibe, indem Sie den Nocken in einer angehobenen Position arretieren.<\/p>\n<p>Spezifikationen<br \/>\nGewicht: 265 g<br \/>\nZertifizierung(en): CE EN 567, NFPA 1983 Technische Verwendung, UKCA, EAC<br \/>\nMaterialien: Aluminium, Edelstahl, Polyamid<br \/>\nMin. Seildurchmesser: 8 mm<br \/>\nMax. Seildurchmesser: 13 mm<br \/>\nScheibentyp: abgedichtetes<br \/>\nKugellager Scheibendurchmesser: 38 mm<br \/>\nMaximale Arbeitslast: 2 x 2,5 = 5 kN<br \/>\nBruchlast &#8211; Umlenkrolle:  11 kN x 2 = 22 kN<br \/>\nMaximale Betriebslast &#8211; Blocker: 2,5 kN<br \/>\nBruchlast &#8211; Blocker: 4 kN<br \/>\nWirkungsgrad: 95 %<\/p>\n<p>3 Jahre Garantie<\/p>\n","protected":false},"excerpt":{"rendered":"<p>Unverlierbare Steigrolle mit sehr hoher Leistung Die PRO TRAXION Seilrolle ist so konzipiert, dass das Seil installiert werden kann, wenn<\/p>\n","protected":false},"featured_media":89234,"template":"","meta":{"_seopress_robots_primary_cat":"","_seopress_titles_title":"","_seopress_titles_desc":"","_seopress_robots_index":""},"product_brand":[3446],"product_cat":[1103],"product_tag":[],"class_list":{"0":"post-471655","1":"product","2":"type-product","3":"status-publish","4":"has-post-thumbnail","6":"product_brand-petzl","7":"product_cat-shops","9":"first","10":"onbackorder","11":"shipping-taxable","12":"purchasable","13":"product-type-simple"},"_links":{"self":[{"href":"https:\/\/lucacastelli.com\/de\/wp-json\/wp\/v2\/product\/471655","targetHints":{"allow":["GET"]}}],"collection":[{"href":"https:\/\/lucacastelli.com\/de\/wp-json\/wp\/v2\/product"}],"about":[{"href":"https:\/\/lucacastelli.com\/de\/wp-json\/wp\/v2\/types\/product"}],"wp:featuredmedia":[{"embeddable":true,"href":"https:\/\/lucacastelli.com\/de\/wp-json\/wp\/v2\/media\/89234"}],"wp:attachment":[{"href":"https:\/\/lucacastelli.com\/de\/wp-json\/wp\/v2\/media?parent=471655"}],"wp:term":[{"taxonomy":"product_brand","embeddable":true,"href":"https:\/\/lucacastelli.com\/de\/wp-json\/wp\/v2\/product_brand?post=471655"},{"taxonomy":"product_cat","embeddable":true,"href":"https:\/\/lucacastelli.com\/de\/wp-json\/wp\/v2\/product_cat?post=471655"},{"taxonomy":"product_tag","embeddable":true,"href":"https:\/\/lucacastelli.com\/de\/wp-json\/wp\/v2\/product_tag?post=471655"}],"curies":[{"name":"wp","href":"https:\/\/api.w.org\/{rel}","templated":true}]}}