{"id":471648,"date":"2023-03-07T08:07:16","date_gmt":"2023-03-07T07:07:16","guid":{"rendered":"https:\/\/lucacastelli.com\/?post_type=product&#038;p=471648"},"modified":"2025-07-28T10:59:56","modified_gmt":"2025-07-28T08:59:56","slug":"petzl-id-l","status":"publish","type":"product","link":"https:\/\/lucacastelli.com\/de\/produkt\/petzl-id-l\/","title":{"rendered":"PETZL I&#8217;D L"},"content":{"rendered":"<p>Selbstbremsendes Abseilger\u00e4t mit Anti-Panik-Funktion f\u00fcr die Rettung<\/p>\n<p>Das selbstbremsende Abseilger\u00e4t I&#8217;D L ist in erster Linie f\u00fcr die Rettung gedacht. Er ist mit einem ergonomischen Griff ausgestattet, um den Abstieg bequem zu kontrollieren. Die integrierte Panikfunktion und der Anti-Fehler-Nocken reduzieren das Unfallrisiko bei falscher Bedienung. Das AUTO-LOCK-System erm\u00f6glicht es Ihnen, anzuhalten, ohne den Griff zu verwenden und den Stoppschl\u00fcssel zu dr\u00fccken. Einmal verriegelt, kann das Seil wieder eingeholt werden, ohne den Griff bet\u00e4tigen zu m\u00fcssen. Durch den \u00d6ffnungsklick kann das Seil installiert werden, w\u00e4hrend das Ger\u00e4t mit dem Gurt verbunden bleibt. I&#8217;D L ist kompatibel mit Seilen von 12,5 bis 13 mm und erm\u00f6glicht die Handhabung von Lasten bis zu 280 kg.      <\/p>\n<p>Beschreibung<br \/>\nEntwickelt f\u00fcr die Rettung.<br \/>\nBenutzerfreundlichkeit:<br \/>\n&#8211; Es verf\u00fcgt \u00fcber einen \u00d6ffnungsklick am beweglichen Flansch, mit dem Sie das Seil einfach einf\u00fchren und das Ger\u00e4t mit dem Gurt verbinden k\u00f6nnen,<br \/>\n&#8211; einfache Installation des Seils dank der F\u00fchrung und der indikativen Markierungen,- Anti-Fehler-Seilstopper,<br \/>\n um das Unfallrisiko durch falsches Einf\u00fchren des Seils zu begrenzen,<br \/>\n&#8211; Ergonomischer Griff, mit dem Sie das Seil befreien und den Abstieg bequem steuern k\u00f6nnen. Zwei Abstiegsoptionen: am Flansch oder in der V-f\u00f6rmigen Bremsnut,<br \/>\n&#8211; Anti-Panik-Funktion, die das Abseilen automatisch stoppt, wenn der Benutzer den Griff zu stark zieht,<br \/>\n&#8211; erm\u00f6glicht sanfte Bewegungen auf horizontalen Fl\u00e4chen oder schiefen Ebenen,<br \/>\n&#8211; AUTO-LOCK-System, das es Ihnen erm\u00f6glicht, anzuhalten, ohne den Griff zu benutzen und den Stopp-Schl\u00fcssel zu dr\u00fccken: wenn der Benutzer den Griff losl\u00e4sst,  Das Seil wird automatisch im Ger\u00e4t verriegelt. Die automatische R\u00fcckkehr des Griffs verringert das Risiko eines unbeabsichtigten H\u00e4ngenbleibens, automatischer \u00dcbergang des Griffs in die Ruheposition,<br \/>\n wenn das Seil aus dem Ger\u00e4t entfernt wird, wodurch das Risiko eines unbeabsichtigten H\u00e4ngenbleibens beim Tragen des Abseilger\u00e4ts am Gurt verringert wird.<br \/>\nVielseitigkeit der Verwendung:<br \/>\n&#8211; Einmal verriegelt, kann das Seil geborgen werden, ohne den Griff benutzen zu m\u00fcssen, so dass Sie ein Bergungssystem reversibel machen oder kurze Seilaufstiege leicht machen k\u00f6nnen,<br \/>\n&#8211; Nocke, mit der Sie leicht ein Seil aufnehmen oder einen Vorsteiger sichern k\u00f6nnen,<br \/>\n&#8211; Schraube, mit der Sie den mobilen Flansch verriegeln k\u00f6nnen, um den I&#8217;D L in Rettungssets zu integrieren,<br \/>\n&#8211; M\u00f6glichkeit, eine zus\u00e4tzliche Bremse, offen oder geschlossen, hinzuzuf\u00fcgen, um den Abstieg je nach Last und Durchmesser des Seils besser zu kontrollieren.<br \/>\nSchutzverst\u00e4rkung aus Edelstahl in dem Bereich, in dem das Seil reibt, wodurch die Verschlei\u00dffestigkeit erh\u00f6ht werden kann.<br \/>\nAbstieg mit schweren Lasten bis zu 280 kg.<br \/>\nKompatibilit\u00e4t mit Seilen: von 12,5 bis 13 mm Durchmesser.<br \/>\nErh\u00e4ltlich in zwei Farben: rot und schwarz.<\/p>\n<p>Spezifikationen<br \/>\nMaterialien: Aluminium, Stahl, Polyamid<br \/>\nGewicht: 600 g<br \/>\nMaximale Belastung f\u00fcr eine Person: bis zu 150 kg (weitere Informationen in den Informationen und technischen Ratschl\u00e4gen auf der www.petzl.com Website)<br \/>\nMaximale Belastung f\u00fcr zwei Personen (Rettung): bis zu 280 kg (weitere Informationen im Informationsschreiben und technische Ratschl\u00e4ge auf der Website<br \/>\n www.petzl.com)Zertifizierung(en): EN 341 Typ 2 Klasse A,  CE EN 12841 Typ C, ANSI Z359.4, NFPA 2500 Allgemeine Verwendung, UKCA, EAC<\/p>\n<table>\n<tbody>\n<tr>\n<th class=\"rowTitle\">Referenzen<\/th>\n<th>\n D020BA00<\/th>\n<th>D020BA01<\/th>\n<\/tr>\n<tr>\n<td class=\"rowTitle\">Farbe(n)<\/td>\n<td>rot <\/td>\n<td>schwarz <\/td>\n<\/tr>\n<tr>\n<td class=\"rowTitle\">Kompatibilit\u00e4t mit Seilen<\/td>\n<td>12,5 &#8211; 13 mm <\/td>\n<td>12,5 &#8211; 13 mm <\/td>\n<\/tr>\n<tr>\n<td class=\"rowTitle\">Garantie<\/td>\n<td>3 Jahre<\/td>\n<td>3 Jahre<\/td>\n<\/tr>\n<tr>\n<td class=\"rowTitle\">Verpackung<\/td>\n<td> <\/td>\n<p> 1<\/p>\n<td>1 <\/td>\n<\/tr>\n<\/tbody>\n<\/table>\n","protected":false},"excerpt":{"rendered":"<p>Selbstbremsendes Abseilger\u00e4t mit Anti-Panik-Funktion f\u00fcr die Rettung Das selbstbremsende Abseilger\u00e4t I&#8217;D L ist in erster Linie f\u00fcr die Rettung gedacht.<\/p>\n","protected":false},"featured_media":86922,"template":"","meta":{"_seopress_robots_primary_cat":"","_seopress_titles_title":"","_seopress_titles_desc":"","_seopress_robots_index":""},"product_brand":[3666],"product_cat":[150,1396,1403],"product_tag":[],"class_list":{"0":"post-471648","1":"product","2":"type-product","3":"status-publish","4":"has-post-thumbnail","6":"product_brand-petzl-de","7":"product_cat-ausrustung","8":"product_cat-arbeitsausrustung","9":"product_cat-auffanggurte-und-sicherheitsausrustung","11":"first","12":"onbackorder","13":"shipping-taxable","14":"purchasable","15":"product-type-variable"},"_links":{"self":[{"href":"https:\/\/lucacastelli.com\/de\/wp-json\/wp\/v2\/product\/471648","targetHints":{"allow":["GET"]}}],"collection":[{"href":"https:\/\/lucacastelli.com\/de\/wp-json\/wp\/v2\/product"}],"about":[{"href":"https:\/\/lucacastelli.com\/de\/wp-json\/wp\/v2\/types\/product"}],"wp:featuredmedia":[{"embeddable":true,"href":"https:\/\/lucacastelli.com\/de\/wp-json\/wp\/v2\/media\/86922"}],"wp:attachment":[{"href":"https:\/\/lucacastelli.com\/de\/wp-json\/wp\/v2\/media?parent=471648"}],"wp:term":[{"taxonomy":"product_brand","embeddable":true,"href":"https:\/\/lucacastelli.com\/de\/wp-json\/wp\/v2\/product_brand?post=471648"},{"taxonomy":"product_cat","embeddable":true,"href":"https:\/\/lucacastelli.com\/de\/wp-json\/wp\/v2\/product_cat?post=471648"},{"taxonomy":"product_tag","embeddable":true,"href":"https:\/\/lucacastelli.com\/de\/wp-json\/wp\/v2\/product_tag?post=471648"}],"curies":[{"name":"wp","href":"https:\/\/api.w.org\/{rel}","templated":true}]}}