{"id":471640,"date":"2023-03-21T13:37:17","date_gmt":"2023-03-21T12:37:17","guid":{"rendered":"https:\/\/lucacastelli.com\/?post_type=product&#038;p=471640"},"modified":"2025-07-28T10:09:33","modified_gmt":"2025-07-28T08:09:33","slug":"petzl-stirnband-mit-komfortschaum","status":"publish","type":"product","link":"https:\/\/lucacastelli.com\/de\/produkt\/petzl-stirnband-mit-komfortschaum\/","title":{"rendered":"PETZL Stirnband mit Komfortschaum"},"content":{"rendered":"<p>Beschreibung<br \/>\nErm\u00f6glicht den Austausch des Stirnbandes von VERTEX und STRATO Helmen f\u00fcr eine l\u00e4ngere Lebensdauer.<br \/>\nBereit f\u00fcr die Montage an Helmen.<br \/>\nEinfache Montage und Demontage.<br \/>\nKompatibel mit VERTEX Helmen (1) und STRATO Helmen.<br \/>\nErh\u00e4ltlich in zwei Versionen:<br \/>\n &#8211; geschlossenzelliger Standard-Komfortschaum, der weder Wasser noch Schwei\u00df aufnimmt und die Wartung erleichtert.<br \/>\n&#8211; Saugf\u00e4higer, offenzelliger Komfortschaum, der Schwei\u00df absorbiert und in der Maschine waschbar ist.<\/p>\n<p>(1) Fassungen ab 2019.<\/p>\n<p>Spezifikationen<br \/>\nKopfgr\u00f6\u00dfe: 53-63 cm<br \/>\nGewicht: 30 g<br \/>\nMaterialien: Polyethylen, Polyamid<\/p>\n<p>Packung \u00e0 5 St\u00fcck<\/p>\n<table>\n<tbody>\n<tr>\n<th class=\"rowTitle\">Referenzen<\/th>\n<th>\n A010HA00<\/th>\n<th>A010JA00<\/th>\n<\/tr>\n<tr>\n<td class=\"rowTitle\">Version<\/td>\n<td>Norm <\/td>\n<td>saugf\u00e4hig <\/td>\n<\/tr>\n<tr>\n<td class=\"rowTitle\">Garantie<\/td>\n<td>3 Jahre<\/td>\n<td>3 Jahre<\/td>\n<\/tr>\n<tr>\n<td class=\"rowTitle\">Verpackung<\/td>\n<td> <\/td>\n<p> 1<\/p>\n<td>1 <\/td>\n<\/tr>\n<\/tbody>\n<\/table>\n","protected":false},"excerpt":{"rendered":"<p>Beschreibung Erm\u00f6glicht den Austausch des Stirnbandes von VERTEX und STRATO Helmen f\u00fcr eine l\u00e4ngere Lebensdauer. Bereit f\u00fcr die Montage an<\/p>\n","protected":false},"featured_media":87735,"template":"","meta":{"_seopress_robots_primary_cat":"","_seopress_titles_title":"","_seopress_titles_desc":"","_seopress_robots_index":""},"product_brand":[3666],"product_cat":[1396,150,1404,1411],"product_tag":[],"class_list":{"0":"post-471640","1":"product","2":"type-product","3":"status-publish","4":"has-post-thumbnail","6":"product_brand-petzl-de","7":"product_cat-arbeitsausrustung","8":"product_cat-ausrustung","9":"product_cat-helme","10":"product_cat-visiere-und-schutzbrillen","12":"first","13":"instock","14":"shipping-taxable","15":"purchasable","16":"product-type-variable"},"_links":{"self":[{"href":"https:\/\/lucacastelli.com\/de\/wp-json\/wp\/v2\/product\/471640","targetHints":{"allow":["GET"]}}],"collection":[{"href":"https:\/\/lucacastelli.com\/de\/wp-json\/wp\/v2\/product"}],"about":[{"href":"https:\/\/lucacastelli.com\/de\/wp-json\/wp\/v2\/types\/product"}],"wp:featuredmedia":[{"embeddable":true,"href":"https:\/\/lucacastelli.com\/de\/wp-json\/wp\/v2\/media\/87735"}],"wp:attachment":[{"href":"https:\/\/lucacastelli.com\/de\/wp-json\/wp\/v2\/media?parent=471640"}],"wp:term":[{"taxonomy":"product_brand","embeddable":true,"href":"https:\/\/lucacastelli.com\/de\/wp-json\/wp\/v2\/product_brand?post=471640"},{"taxonomy":"product_cat","embeddable":true,"href":"https:\/\/lucacastelli.com\/de\/wp-json\/wp\/v2\/product_cat?post=471640"},{"taxonomy":"product_tag","embeddable":true,"href":"https:\/\/lucacastelli.com\/de\/wp-json\/wp\/v2\/product_tag?post=471640"}],"curies":[{"name":"wp","href":"https:\/\/api.w.org\/{rel}","templated":true}]}}