{"id":471638,"date":"2023-03-06T10:41:04","date_gmt":"2023-03-06T09:41:04","guid":{"rendered":"https:\/\/lucacastelli.com\/?post_type=product&#038;p=471638"},"modified":"2025-07-28T10:09:41","modified_gmt":"2025-07-28T08:09:41","slug":"petzl-alcanadre-guide-45","status":"publish","type":"product","link":"https:\/\/lucacastelli.com\/de\/produkt\/petzl-alcanadre-guide-45\/","title":{"rendered":"PETZL ALCANADRE GUIDE 45"},"content":{"rendered":"<p>Die gro\u00dfartige Ressource, um alles mitzubringen! ALCANADRE GUIDE ist eine 45-Liter-Tasche f\u00fcr Selbstst\u00e4ndige und Canyoning-Betreuer. Im Ann\u00e4herungs- oder Progressionsgetriebe ist sein Komfort dank der zahlreichen Polsterungen optimal. Mehrere L\u00f6cher leiten das Wasser leicht ab. Auf der Ausr\u00fcstungsseite hat es farbige Ringe f\u00fcr die Enden des Seils, einen abnehmbaren G\u00fcrtel und Schnallen an jedem Schultergurt, um die Tasche im Rettungsfall schnell zu verlassen. Im Inneren erm\u00f6glichen zwei F\u00e4cher den direkten Zugriff auf das Innere der Tasche und des Seils, eine aufgesetzte Tasche bietet Platz f\u00fcr Rettungsmaterial und eine Netztasche kann zur Aufbewahrung von Kleinwerkzeug genutzt werden. Die Konstruktion und der verst\u00e4rkte obere Griff verleihen ihm eine gro\u00dfe Widerstandsf\u00e4higkeit.      <\/p>\n<p>Beschreibung<br \/>\nKomfortable und ergonomische Tasche f\u00fcr Selbstst\u00e4ndige und Canyoning-Betreuer:<br \/>\n&#8211; gepolsterte R\u00fcckenlehne, Schultergurte und Gurt f\u00fcr optimalen Komfort auf langen Anfahrtsm\u00e4rschen,<br \/>\n&#8211; verstellbarer Brustgurt f\u00fcr bessere Stabilit\u00e4t beim Transport,<br \/>\n&#8211; Bauchgurt, der bei Nichtgebrauch entfernt werden kann,<br \/>\n&#8211; Kordel mit Tanka und Klappe zum einfachen Verschlie\u00dfen der Tasche,<br \/>\n&#8211; Gurtband mit offener oder geschlossener Klappe, um die Tasche in jeder Situation effektiv zu sichern,<br \/>\n&#8211; perforierte Seiten und Boden f\u00fcr eine effektive Wasserableitung,- Schnallen an beiden Schultergurten,<br \/>\n um die Tasche im Rettungsfall schnell zu verlassen,<br \/>\n&#8211; abnehmbarer Separator zwischen dem oberen und unteren Fach, um das Bef\u00fcllen der Tasche und den Komfort im Zustiegsgang zu optimieren,<br \/>\n&#8211; Vorgeformter oberer Griff und vorderer Griff, um den Transport der Tasche zu erleichtern.<br \/>\nEinfacher Zugang zum Material:<br \/>\n&#8211; Oberes Fach mit starrer Vorderseite zum einfachen Herausziehen und Anordnen des Seils. Es kann mit einem YARA GUIDE 25 Seilsack verwendet werden,<br \/>\n&#8211; unteres Fach, das ge\u00f6ffnet werden kann, um direkt in den Sack zu gelangen,- zwei Ringe in verschiedenen Farben im Inneren des Sacks,<br \/>\n um die Enden des Seils einzuhaken. Wenn die Tasche am Standplatz befestigt ist, bleiben die Ringe dank der \u00d6ffnung auf der Vorderseite sichtbar-<br \/>\n Tasche im Inneren der Tasche mit einem Ring, der es Ihnen erm\u00f6glicht, das Rettungsmaterial schnell zu verstauen und darauf zuzugreifen, ohne den Hauptzugang der Tasche zu behindern,<br \/>\n&#8211; Netzh\u00fclle in der Klappe f\u00fcr den schnellen Zugriff auf eine Maske oder ein anderes kleines Material. Diese Tasche ist mit einer Befestigung ausgestattet, mit der Sie das Material sichern k\u00f6nnen, &#8211; spezifischer Markierungsbereich an der Au\u00dfenseite,<br \/>\n um die Tasche leicht zu identifizieren.<br \/>\nHervorragende Best\u00e4ndigkeit f\u00fcr intensiven Gebrauch:<br \/>\n&#8211; TPU-Tech-Gewebe und verst\u00e4rkter Boden aus geschwei\u00dftem Tech-Gewebe, um eine hohe Abriebfestigkeit zu gew\u00e4hrleisten,<br \/>\n&#8211; extrem widerstandsf\u00e4higer Tank- und Rei\u00dfverschluss,<br \/>\n&#8211; oberer Griff mit Schutzh\u00fclle verst\u00e4rkt.   <\/p>\n<p>Spezifikationen<br \/>\nGewicht: 1745 g<br \/>\nMaterialien: TPU-Tech-Gewebe (PVC-frei), verst\u00e4rkter TPU-Boden (PVC-frei), Polyester-Gurtband, geschlossenzellige Polsterung<\/p>\n","protected":false},"excerpt":{"rendered":"<p>Die gro\u00dfartige Ressource, um alles mitzubringen! ALCANADRE GUIDE ist eine 45-Liter-Tasche f\u00fcr Selbstst\u00e4ndige und Canyoning-Betreuer. Im Ann\u00e4herungs- oder Progressionsgetriebe ist<\/p>\n","protected":false},"featured_media":86916,"template":"","meta":{"_seopress_robots_primary_cat":"","_seopress_titles_title":"","_seopress_titles_desc":"","_seopress_robots_index":""},"product_brand":[3666],"product_cat":[1478],"product_tag":[],"class_list":{"0":"post-471638","1":"product","2":"type-product","3":"status-publish","4":"has-post-thumbnail","6":"product_brand-petzl-de","7":"product_cat-shop-de","9":"first","10":"onbackorder","11":"shipping-taxable","12":"purchasable","13":"product-type-simple"},"_links":{"self":[{"href":"https:\/\/lucacastelli.com\/de\/wp-json\/wp\/v2\/product\/471638","targetHints":{"allow":["GET"]}}],"collection":[{"href":"https:\/\/lucacastelli.com\/de\/wp-json\/wp\/v2\/product"}],"about":[{"href":"https:\/\/lucacastelli.com\/de\/wp-json\/wp\/v2\/types\/product"}],"wp:featuredmedia":[{"embeddable":true,"href":"https:\/\/lucacastelli.com\/de\/wp-json\/wp\/v2\/media\/86916"}],"wp:attachment":[{"href":"https:\/\/lucacastelli.com\/de\/wp-json\/wp\/v2\/media?parent=471638"}],"wp:term":[{"taxonomy":"product_brand","embeddable":true,"href":"https:\/\/lucacastelli.com\/de\/wp-json\/wp\/v2\/product_brand?post=471638"},{"taxonomy":"product_cat","embeddable":true,"href":"https:\/\/lucacastelli.com\/de\/wp-json\/wp\/v2\/product_cat?post=471638"},{"taxonomy":"product_tag","embeddable":true,"href":"https:\/\/lucacastelli.com\/de\/wp-json\/wp\/v2\/product_tag?post=471638"}],"curies":[{"name":"wp","href":"https:\/\/api.w.org\/{rel}","templated":true}]}}