{"id":471632,"date":"2023-02-23T12:00:46","date_gmt":"2023-02-23T11:00:46","guid":{"rendered":"https:\/\/lucacastelli.com\/?post_type=product&#038;p=471632"},"modified":"2025-07-28T10:46:02","modified_gmt":"2025-07-28T08:46:02","slug":"petzl-ouistiti","status":"publish","type":"product","link":"https:\/\/lucacastelli.com\/de\/produkt\/petzl-ouistiti\/","title":{"rendered":"PETZL OUISTITI"},"content":{"rendered":"<p>Ganzk\u00f6rper-Klettergurt f\u00fcr Kinder mit einem Gewicht von weniger als 30 kg<\/p>\n<p>Um Ihren Kindern die ersten Schritte beim Klettern zu erm\u00f6glichen! OUISTITI ist ein einfach zu tragendes und normales Geschirr f\u00fcr Kinder mit einem Gewicht von weniger als 30 kg. Es muss kein Stecker geschlossen werden und das Verstellsystem ist f\u00fcr das Kind schwer zug\u00e4nglich. Die gepolsterte Struktur und der vordere Einbindepunkt machen ihn auch im aufgeh\u00e4ngten Zustand zu einem bequemen Gurtzeug. Der dorsale Befestigungspunkt erm\u00f6glicht es Ihnen, den Gurt zu befestigen, um andere spezifische Aktivit\u00e4ten zu entdecken.    <\/p>\n<p>Detaillierte Beschreibung<br \/>\nLeicht anzulegen und einzustellen:<br \/>\n&#8211; Gurt kann einfach vom orangefarbenen R\u00fcckenpunkt aus angelegt werden,<br \/>\n&#8211; halbstarre und farbcodierte Struktur (grauer Schaumstoff innen und blaue Au\u00dfenseite), um das Anziehen zu erleichtern,<br \/>\n&#8211; Haupteinstellung durch Anpassung der Gurte der mit DOUBLEBACK-Schnallen ausgestatteten Hosentr\u00e4ger,<br \/>\n&#8211; sekund\u00e4re Einstellung f\u00fcr kleine oder gro\u00dfe Kinder durch zwei DOUBLEBACK-Schnallen, die auf dem R\u00fccken platziert sind.<br \/>\nKomfortable Verwendung auf dem Boden und in der Aufh\u00e4ngung:<br \/>\n&#8211; gepolsterte geschlossenzellige Schaumstoffstruktur an den Beinschlaufen, dem Positionierungsgurt und den Schultergurten,<br \/>\n&#8211; ben\u00f6tigt keinen Verbindungsteil, um geschlossen zu bleiben, erm\u00f6glicht es dem Kind, den Gurt zu halten, um ohne Hindernisse zu spielen,<br \/>\n&#8211; verst\u00e4rkter und abgesenkter vorderer Einbindepunkt f\u00fcr mehr Komfort beim Klettern, insbesondere bergab.<br \/>\nVielseitigkeit beim Klettern, in Clubs und Abenteuerparks:<br \/>\n&#8211; Einheitsgr\u00f6\u00dfe bis zu 30 kg,<br \/>\n&#8211; DOUBLEBACK-Schnallen au\u00dferhalb der Reichweite von Kindern,<br \/>\n&#8211; vorderer Einbindepunkt mit gr\u00fcnem Farbcode, zum Klettern,<br \/>\n&#8211; dorsaler Befestigungspunkt mit orangefarbenem Farbcode f\u00fcr andere spezifische Situationen.<\/p>\n<p>Spezifikationen<br \/>\nMaterialien: hochfestes Polyester-Gurtband, geschlossenzellige<br \/>\nPolsterung Zertifizierung(en): CE EN 12277 Typ B, UKCA, UIAA<br \/>\nGurtzeug wird in einer sch\u00fctzenden Tragetasche geliefert<\/p>\n<p>Farbe: methylblau<br \/>\n, Gewicht: 410 g<br \/>\n, Taillenumfang: 58-70 cm<br \/>\n, Oberschenkelumfang: 32-40 cm<br \/>\n, Garantie: 3 Jahre<\/p>\n","protected":false},"excerpt":{"rendered":"<p>Ganzk\u00f6rper-Klettergurt f\u00fcr Kinder mit einem Gewicht von weniger als 30 kg Um Ihren Kindern die ersten Schritte beim Klettern zu<\/p>\n","protected":false},"featured_media":86733,"template":"","meta":{"_seopress_robots_primary_cat":"","_seopress_titles_title":"","_seopress_titles_desc":"","_seopress_robots_index":""},"product_brand":[3446],"product_cat":[33,537,814],"product_tag":[],"class_list":{"0":"post-471632","1":"product","2":"type-product","3":"status-publish","4":"has-post-thumbnail","6":"product_brand-petzl","7":"product_cat-attrezzature","8":"product_cat-attrezzatura-da-lavoro","9":"product_cat-imbraghi-e-materiale-di-sicurezza","11":"first","12":"onbackorder","13":"shipping-taxable","14":"purchasable","15":"product-type-simple"},"_links":{"self":[{"href":"https:\/\/lucacastelli.com\/de\/wp-json\/wp\/v2\/product\/471632","targetHints":{"allow":["GET"]}}],"collection":[{"href":"https:\/\/lucacastelli.com\/de\/wp-json\/wp\/v2\/product"}],"about":[{"href":"https:\/\/lucacastelli.com\/de\/wp-json\/wp\/v2\/types\/product"}],"wp:featuredmedia":[{"embeddable":true,"href":"https:\/\/lucacastelli.com\/de\/wp-json\/wp\/v2\/media\/86733"}],"wp:attachment":[{"href":"https:\/\/lucacastelli.com\/de\/wp-json\/wp\/v2\/media?parent=471632"}],"wp:term":[{"taxonomy":"product_brand","embeddable":true,"href":"https:\/\/lucacastelli.com\/de\/wp-json\/wp\/v2\/product_brand?post=471632"},{"taxonomy":"product_cat","embeddable":true,"href":"https:\/\/lucacastelli.com\/de\/wp-json\/wp\/v2\/product_cat?post=471632"},{"taxonomy":"product_tag","embeddable":true,"href":"https:\/\/lucacastelli.com\/de\/wp-json\/wp\/v2\/product_tag?post=471632"}],"curies":[{"name":"wp","href":"https:\/\/api.w.org\/{rel}","templated":true}]}}