{"id":471624,"date":"2023-02-07T13:15:58","date_gmt":"2023-02-07T12:15:58","guid":{"rendered":"https:\/\/lucacastelli.com\/?post_type=product&#038;p=471624"},"modified":"2025-10-20T23:01:59","modified_gmt":"2025-10-20T21:01:59","slug":"petzl-ring-offen","status":"publish","type":"product","link":"https:\/\/lucacastelli.com\/de\/produkt\/petzl-ring-offen\/","title":{"rendered":"PETZL RING OFFEN"},"content":{"rendered":"<p>Multidirektionaler \u00d6ffnungsring<\/p>\n<p>Der RING OPEN \u00d6ffnungsring eignet sich f\u00fcr den nahezu dauerhaften Anschluss der Ger\u00e4te. Seine kreisf\u00f6rmige Form sorgt f\u00fcr einen optimalen Betrieb in alle Richtungen. Es hat eine breite \u00d6ffnung, die die Installation von Seilen mit gen\u00e4hten Enden erm\u00f6glicht.  <\/p>\n<p>Detaillierte Beschreibung<\/p>\n<p>Ring f\u00fcr eine nahezu dauerhafte Befestigung des Ger\u00e4tes.<br \/>\nKreisf\u00f6rmige Form f\u00fcr optimalen Betrieb in alle Richtungen.<br \/>\nGro\u00dfe \u00d6ffnung f\u00fcr die Installation von Seilen mit gen\u00e4hten Enden.<br \/>\nErh\u00e4ltlich in Gelb oder Anthrazitgrau.<\/p>\n<p>Spezifikationen<br \/>\nFestigkeit der Hauptachse: 23 kN<br \/>\nFestigkeit der Nebenachse: 23 kN<br \/>\n\u00d6ffnung: 11 mm<br \/>\nGewicht: 70 g<br \/>\nZertifizierung(en): CE EN 362, UKCA<br \/>\nMaterialien: Aluminium, Kunststoff<\/p>\n","protected":false},"excerpt":{"rendered":"<p>Multidirektionaler \u00d6ffnungsring Der RING OPEN \u00d6ffnungsring eignet sich f\u00fcr den nahezu dauerhaften Anschluss der Ger\u00e4te. Seine kreisf\u00f6rmige Form sorgt f\u00fcr<\/p>\n","protected":false},"featured_media":85952,"template":"","meta":{"_seopress_robots_primary_cat":"","_seopress_titles_title":"","_seopress_titles_desc":"","_seopress_robots_index":""},"product_brand":[3666],"product_cat":[150,1396,1403,1409,1410],"product_tag":[],"class_list":{"0":"post-471624","1":"product","2":"type-product","3":"status-publish","4":"has-post-thumbnail","6":"product_brand-petzl-de","7":"product_cat-ausrustung","8":"product_cat-arbeitsausrustung","9":"product_cat-auffanggurte-und-sicherheitsausrustung","10":"product_cat-freizeitausrustung","11":"product_cat-auffanggurte-und-sicherheitsausrustung-de","13":"first","14":"onbackorder","15":"shipping-taxable","16":"purchasable","17":"product-type-variable"},"_links":{"self":[{"href":"https:\/\/lucacastelli.com\/de\/wp-json\/wp\/v2\/product\/471624","targetHints":{"allow":["GET"]}}],"collection":[{"href":"https:\/\/lucacastelli.com\/de\/wp-json\/wp\/v2\/product"}],"about":[{"href":"https:\/\/lucacastelli.com\/de\/wp-json\/wp\/v2\/types\/product"}],"wp:featuredmedia":[{"embeddable":true,"href":"https:\/\/lucacastelli.com\/de\/wp-json\/wp\/v2\/media\/85952"}],"wp:attachment":[{"href":"https:\/\/lucacastelli.com\/de\/wp-json\/wp\/v2\/media?parent=471624"}],"wp:term":[{"taxonomy":"product_brand","embeddable":true,"href":"https:\/\/lucacastelli.com\/de\/wp-json\/wp\/v2\/product_brand?post=471624"},{"taxonomy":"product_cat","embeddable":true,"href":"https:\/\/lucacastelli.com\/de\/wp-json\/wp\/v2\/product_cat?post=471624"},{"taxonomy":"product_tag","embeddable":true,"href":"https:\/\/lucacastelli.com\/de\/wp-json\/wp\/v2\/product_tag?post=471624"}],"curies":[{"name":"wp","href":"https:\/\/api.w.org\/{rel}","templated":true}]}}