{"id":471620,"date":"2023-02-07T13:29:10","date_gmt":"2023-02-07T12:29:10","guid":{"rendered":"https:\/\/lucacastelli.com\/?post_type=product&#038;p=471620"},"modified":"2025-07-28T11:00:00","modified_gmt":"2025-07-28T09:00:00","slug":"petzl-delta","status":"publish","type":"product","link":"https:\/\/lucacastelli.com\/de\/produkt\/petzl-delta\/","title":{"rendered":"PETZL DELTA"},"content":{"rendered":"<p>Stahl-Schnellglied, dreieckige<\/p>\n<p>Form Stahl-Schnellglieder, dreieckige Form.<\/p>\n<p>Detaillierte Beschreibung<br \/>\nErh\u00e4ltlich in drei Ausf\u00fchrungen (Drahtdurchmesser 10 mm, 8 mm, 8 mm mit CROLL Positionierungsstange am Kabelbaum) und auch in schwarz erh\u00e4ltlich.<\/p>\n<p>Spezifikationen<br \/>\nWerkstoffe: Stahl<br \/>\nZertifizierung(en): CE EN 362 Typ Q<\/p>\n","protected":false},"excerpt":{"rendered":"<p>Stahl-Schnellglied, dreieckige Form Stahl-Schnellglieder, dreieckige Form. Detaillierte Beschreibung Erh\u00e4ltlich in drei Ausf\u00fchrungen (Drahtdurchmesser 10 mm, 8 mm, 8 mm mit<\/p>\n","protected":false},"featured_media":85965,"template":"","meta":{"_seopress_robots_primary_cat":"","_seopress_titles_title":"","_seopress_titles_desc":"","_seopress_robots_index":""},"product_brand":[3446],"product_cat":[33,537,814,211,818],"product_tag":[],"class_list":{"0":"post-471620","1":"product","2":"type-product","3":"status-publish","4":"has-post-thumbnail","6":"product_brand-petzl","7":"product_cat-attrezzature","8":"product_cat-attrezzatura-da-lavoro","9":"product_cat-imbraghi-e-materiale-di-sicurezza","10":"product_cat-attrezzatura-per-il-tempo-libero","11":"product_cat-imbraghi-e-materiale-di-sicurezza-attrezzatura-per-il-tempo-libero","13":"first","14":"onbackorder","15":"shipping-taxable","16":"purchasable","17":"product-type-variable"},"_links":{"self":[{"href":"https:\/\/lucacastelli.com\/de\/wp-json\/wp\/v2\/product\/471620","targetHints":{"allow":["GET"]}}],"collection":[{"href":"https:\/\/lucacastelli.com\/de\/wp-json\/wp\/v2\/product"}],"about":[{"href":"https:\/\/lucacastelli.com\/de\/wp-json\/wp\/v2\/types\/product"}],"wp:featuredmedia":[{"embeddable":true,"href":"https:\/\/lucacastelli.com\/de\/wp-json\/wp\/v2\/media\/85965"}],"wp:attachment":[{"href":"https:\/\/lucacastelli.com\/de\/wp-json\/wp\/v2\/media?parent=471620"}],"wp:term":[{"taxonomy":"product_brand","embeddable":true,"href":"https:\/\/lucacastelli.com\/de\/wp-json\/wp\/v2\/product_brand?post=471620"},{"taxonomy":"product_cat","embeddable":true,"href":"https:\/\/lucacastelli.com\/de\/wp-json\/wp\/v2\/product_cat?post=471620"},{"taxonomy":"product_tag","embeddable":true,"href":"https:\/\/lucacastelli.com\/de\/wp-json\/wp\/v2\/product_tag?post=471620"}],"curies":[{"name":"wp","href":"https:\/\/api.w.org\/{rel}","templated":true}]}}