{"id":471615,"date":"2023-02-01T13:05:26","date_gmt":"2023-02-01T12:05:26","guid":{"rendered":"https:\/\/lucacastelli.com\/?post_type=product&#038;p=471615"},"modified":"2025-07-28T10:46:14","modified_gmt":"2025-07-28T08:46:14","slug":"petzl-go-8-mm","status":"publish","type":"product","link":"https:\/\/lucacastelli.com\/de\/produkt\/petzl-go-8-mm\/","title":{"rendered":"PETZL GO 8 mm"},"content":{"rendered":"<p>8 mm gro\u00dfe \u00d6ffnung Schnellglied aus verzinktem Stahl<\/p>\n<p>GO ist ein 8 mm schnelles Glied mit einer gro\u00dfen \u00d6ffnung, mit dem Sie ein Expressschlingen-Gurtband dauerhaft mit einem Anker verbinden k\u00f6nnen. Es kann auch an einem Standplatz belassen werden, um ein Abseilen zu installieren. Der K\u00f6rper aus verzinktem Stahl bietet eine hervorragende Festigkeit.  <\/p>\n<p>Detaillierte Beschreibung<br \/>\nEs erm\u00f6glicht Ihnen, eine Expressschlinge dauerhaft an einem Fixpunkt zu befestigen oder kann an einem Stand belassen werden, um ein Abseilen zu installieren.<br \/>\nWiderstand:<br \/>\n &#8211; 8 mm Durchmesser, der eine gute Best\u00e4ndigkeit f\u00f6rdert,<br \/>\n &#8211; extrem widerstandsf\u00e4higer K\u00f6rper aus verzinktem Stahl.<br \/>\nErh\u00e4ltlich in einer Packung mit 10 St\u00fcck oder in einer Einzelpackung.<\/p>\n<p>Spezifikationen<br \/>\nGewicht: 95 g<br \/>\nFestigkeit der Hauptachse: 30 kN<br \/>\nFestigkeit der Nebenachse: 10 kN<br \/>\n\u00d6ffnung: 17 mm<br \/>\nMaterialien: verzinkter<br \/>\nStahl Zertifizierung(en): CE EN 12275, EN 362<\/p>\n","protected":false},"excerpt":{"rendered":"<p>8 mm gro\u00dfe \u00d6ffnung Schnellglied aus verzinktem Stahl GO ist ein 8 mm schnelles Glied mit einer gro\u00dfen \u00d6ffnung, mit<\/p>\n","protected":false},"featured_media":85736,"template":"","meta":{"_seopress_robots_primary_cat":"","_seopress_titles_title":"","_seopress_titles_desc":"","_seopress_robots_index":""},"product_brand":[3446],"product_cat":[33,537,814,211,818],"product_tag":[],"class_list":{"0":"post-471615","1":"product","2":"type-product","3":"status-publish","4":"has-post-thumbnail","6":"product_brand-petzl","7":"product_cat-attrezzature","8":"product_cat-attrezzatura-da-lavoro","9":"product_cat-imbraghi-e-materiale-di-sicurezza","10":"product_cat-attrezzatura-per-il-tempo-libero","11":"product_cat-imbraghi-e-materiale-di-sicurezza-attrezzatura-per-il-tempo-libero","13":"first","14":"onbackorder","15":"shipping-taxable","16":"purchasable","17":"product-type-simple"},"_links":{"self":[{"href":"https:\/\/lucacastelli.com\/de\/wp-json\/wp\/v2\/product\/471615","targetHints":{"allow":["GET"]}}],"collection":[{"href":"https:\/\/lucacastelli.com\/de\/wp-json\/wp\/v2\/product"}],"about":[{"href":"https:\/\/lucacastelli.com\/de\/wp-json\/wp\/v2\/types\/product"}],"wp:featuredmedia":[{"embeddable":true,"href":"https:\/\/lucacastelli.com\/de\/wp-json\/wp\/v2\/media\/85736"}],"wp:attachment":[{"href":"https:\/\/lucacastelli.com\/de\/wp-json\/wp\/v2\/media?parent=471615"}],"wp:term":[{"taxonomy":"product_brand","embeddable":true,"href":"https:\/\/lucacastelli.com\/de\/wp-json\/wp\/v2\/product_brand?post=471615"},{"taxonomy":"product_cat","embeddable":true,"href":"https:\/\/lucacastelli.com\/de\/wp-json\/wp\/v2\/product_cat?post=471615"},{"taxonomy":"product_tag","embeddable":true,"href":"https:\/\/lucacastelli.com\/de\/wp-json\/wp\/v2\/product_tag?post=471615"}],"curies":[{"name":"wp","href":"https:\/\/api.w.org\/{rel}","templated":true}]}}