{"id":471601,"date":"2023-02-01T12:47:16","date_gmt":"2023-02-01T11:47:16","guid":{"rendered":"https:\/\/lucacastelli.com\/?post_type=product&#038;p=471601"},"modified":"2025-07-28T11:00:08","modified_gmt":"2025-07-28T09:00:08","slug":"petzl-mgo-open","status":"publish","type":"product","link":"https:\/\/lucacastelli.com\/de\/produkt\/petzl-mgo-open\/","title":{"rendered":"PETZL MGO OPEN"},"content":{"rendered":"<p>Richtungsverbinder mit gro\u00dfer \u00d6ffnung und automatischer Verriegelung, mit \u00d6ffnungsanschlusspunkt.<\/p>\n<p>MGO OPEN ist ein selbstverriegelnder Richtsteckverbinder mit gro\u00dfer \u00d6ffnung f\u00fcr den Anschluss an Metallkonstruktionen oder an Kabel und Stangen mit gro\u00dfem Durchmesser. Es verf\u00fcgt \u00fcber einen Verbindungspunkt, der ge\u00f6ffnet werden kann, um mit verschiedenen Arten von Verbindungsmitteln kombiniert zu werden. Wenn das Verbindungsmittel besch\u00e4digt ist, kann es wiederverwendet werden. MGO OPEN ist in zwei Versionen erh\u00e4ltlich.   <\/p>\n<p>Detaillierte Beschreibung<br \/>\nEntwickelt f\u00fcr den Anschluss an Metallkonstruktionen, Kabel und Stangen mit gro\u00dfem Durchmesser.<br \/>\nZu \u00f6ffnender Verbindungspunkt, mit dem der MGO OPEN-Anschluss direkt am Ende des Doppelverbindungsmittels ABSORBICA-I, ABSORBICA-Y, JANE, PROGRESS oder PROGRESS ADJUST und des Verbindungsmittels zur Arbeitsplatzpositionierung vom Typ GRILLON installiert werden kann. Wenn das Verbindungsmittel besch\u00e4digt ist, kann es wiederverwendet werden.<br \/>\nDedizierter Verbindungspunkt, um die Arbeit an der Hauptachse zu erleichtern.<br \/>\nErgonomischer Entriegelungsgriff.<br \/>\nErh\u00e4ltlich in zwei Versionen:<br \/>\n &#8211; MGO OPEN 60 mit gro\u00dfer \u00d6ffnung (60 mm \u00d6ffnung),<br \/>\n &#8211; MGO OPEN 110 mit sehr breiter \u00d6ffnung (110 mm \u00d6ffnung). <\/p>\n<p>Spezifikationen<br \/>\nMaterialien: Aluminium<\/p>\n","protected":false},"excerpt":{"rendered":"<p>Richtungsverbinder mit gro\u00dfer \u00d6ffnung und automatischer Verriegelung, mit \u00d6ffnungsanschlusspunkt. MGO OPEN ist ein selbstverriegelnder Richtsteckverbinder mit gro\u00dfer \u00d6ffnung f\u00fcr den<\/p>\n","protected":false},"featured_media":85721,"template":"","meta":{"_seopress_robots_primary_cat":"","_seopress_titles_title":"","_seopress_titles_desc":"","_seopress_robots_index":""},"product_brand":[3666],"product_cat":[150,1396,1403,1409,1410],"product_tag":[],"class_list":{"0":"post-471601","1":"product","2":"type-product","3":"status-publish","4":"has-post-thumbnail","6":"product_brand-petzl-de","7":"product_cat-ausrustung","8":"product_cat-arbeitsausrustung","9":"product_cat-auffanggurte-und-sicherheitsausrustung","10":"product_cat-freizeitausrustung","11":"product_cat-auffanggurte-und-sicherheitsausrustung-de","13":"first","14":"onbackorder","15":"shipping-taxable","16":"purchasable","17":"product-type-variable"},"_links":{"self":[{"href":"https:\/\/lucacastelli.com\/de\/wp-json\/wp\/v2\/product\/471601","targetHints":{"allow":["GET"]}}],"collection":[{"href":"https:\/\/lucacastelli.com\/de\/wp-json\/wp\/v2\/product"}],"about":[{"href":"https:\/\/lucacastelli.com\/de\/wp-json\/wp\/v2\/types\/product"}],"wp:featuredmedia":[{"embeddable":true,"href":"https:\/\/lucacastelli.com\/de\/wp-json\/wp\/v2\/media\/85721"}],"wp:attachment":[{"href":"https:\/\/lucacastelli.com\/de\/wp-json\/wp\/v2\/media?parent=471601"}],"wp:term":[{"taxonomy":"product_brand","embeddable":true,"href":"https:\/\/lucacastelli.com\/de\/wp-json\/wp\/v2\/product_brand?post=471601"},{"taxonomy":"product_cat","embeddable":true,"href":"https:\/\/lucacastelli.com\/de\/wp-json\/wp\/v2\/product_cat?post=471601"},{"taxonomy":"product_tag","embeddable":true,"href":"https:\/\/lucacastelli.com\/de\/wp-json\/wp\/v2\/product_tag?post=471601"}],"curies":[{"name":"wp","href":"https:\/\/api.w.org\/{rel}","templated":true}]}}