{"id":471589,"date":"2023-01-17T14:22:14","date_gmt":"2023-01-17T13:22:14","guid":{"rendered":"https:\/\/lucacastelli.com\/?post_type=product&#038;p=471589"},"modified":"2025-07-28T11:00:12","modified_gmt":"2025-07-28T09:00:12","slug":"petzl-connexion-vario","status":"publish","type":"product","link":"https:\/\/lucacastelli.com\/de\/produkt\/petzl-connexion-vario\/","title":{"rendered":"PETZL CONNEXION VARIO"},"content":{"rendered":"<p>Verstellbares Ankergurtband<\/p>\n<p>CONNEXION VARIO ist ein robustes und verstellbares Ankerband, das mit zwei Befestigungspunkten aus geschmiedetem Stahl ausgestattet ist. Es garantiert verschiedene Konfigurationen, um einen Anker zu installieren: direkt auf einem Anker oder um eine geeignete Struktur herum. Die L\u00e4nge des Gurtbandes ist dank einer Verstellschnalle verstellbar. Ein System erm\u00f6glicht es, das restliche Gurtband anzuordnen. Er ist in zwei L\u00e4ngen (30 bis 200 cm und 200 bis 400 cm) erh\u00e4ltlich.    <\/p>\n<p>Detaillierte Beschreibung<\/p>\n<p>Es erm\u00f6glicht verschiedene Konfigurationen, um einen Anker zu installieren:<br \/>\n &#8211; direkt auf einem Anker,<br \/>\n &#8211; um eine Ankerkonstruktion,<br \/>\n &#8211; mit einem Wolfsmaulknoten auf einer Ankerkonstruktion, dank der Befestigungspunkte in verschiedenen Gr\u00f6\u00dfen.<br \/>\nEinstellschnalle, mit der Sie die L\u00e4nge des Gurtbandes anpassen k\u00f6nnen, das f\u00fcr die Herstellung des Ankers erforderlich ist.<br \/>\nIntegrierter Velcro zur Aufnahme der verbleibenden L\u00e4nge des Gurtbandes,Langlebige<br \/>\n Konstruktion:<br \/>\n&#8211; abriebfestes Gurtband,<br \/>\n&#8211; Befestigungspunkte aus geschmiedetem Stahl.<br \/>\nErh\u00e4ltlich in zwei L\u00e4ngen: von 30 bis 200 cm und von 200 bis 400 cm. Die L\u00e4nge des Gurtbandes wird dank des Etiketts am Ende, das mit der gro\u00dfen Schnalle ausgestattet ist, sofort identifiziert. <\/p>\n<p>Spezifikationen<br \/>\nZugfestigkeit: 25 kN<br \/>\nZertifizierung(en): CE EN 795 B, NFPA 1983 Allgemeine Verwendung, ANSI Z359.18, CSA Z259.15-17, UKCA<\/p>\n","protected":false},"excerpt":{"rendered":"<p>Verstellbares Ankergurtband CONNEXION VARIO ist ein robustes und verstellbares Ankerband, das mit zwei Befestigungspunkten aus geschmiedetem Stahl ausgestattet ist. Es<\/p>\n","protected":false},"featured_media":85479,"template":"","meta":{"_seopress_robots_primary_cat":"","_seopress_titles_title":"","_seopress_titles_desc":"","_seopress_robots_index":""},"product_brand":[3666],"product_cat":[150,1396,1403,1409,1410],"product_tag":[],"class_list":{"0":"post-471589","1":"product","2":"type-product","3":"status-publish","4":"has-post-thumbnail","6":"product_brand-petzl-de","7":"product_cat-ausrustung","8":"product_cat-arbeitsausrustung","9":"product_cat-auffanggurte-und-sicherheitsausrustung","10":"product_cat-freizeitausrustung","11":"product_cat-auffanggurte-und-sicherheitsausrustung-de","13":"first","14":"onbackorder","15":"shipping-taxable","16":"purchasable","17":"product-type-variable"},"_links":{"self":[{"href":"https:\/\/lucacastelli.com\/de\/wp-json\/wp\/v2\/product\/471589","targetHints":{"allow":["GET"]}}],"collection":[{"href":"https:\/\/lucacastelli.com\/de\/wp-json\/wp\/v2\/product"}],"about":[{"href":"https:\/\/lucacastelli.com\/de\/wp-json\/wp\/v2\/types\/product"}],"wp:featuredmedia":[{"embeddable":true,"href":"https:\/\/lucacastelli.com\/de\/wp-json\/wp\/v2\/media\/85479"}],"wp:attachment":[{"href":"https:\/\/lucacastelli.com\/de\/wp-json\/wp\/v2\/media?parent=471589"}],"wp:term":[{"taxonomy":"product_brand","embeddable":true,"href":"https:\/\/lucacastelli.com\/de\/wp-json\/wp\/v2\/product_brand?post=471589"},{"taxonomy":"product_cat","embeddable":true,"href":"https:\/\/lucacastelli.com\/de\/wp-json\/wp\/v2\/product_cat?post=471589"},{"taxonomy":"product_tag","embeddable":true,"href":"https:\/\/lucacastelli.com\/de\/wp-json\/wp\/v2\/product_tag?post=471589"}],"curies":[{"name":"wp","href":"https:\/\/api.w.org\/{rel}","templated":true}]}}