{"id":471560,"date":"2023-01-17T14:04:51","date_gmt":"2023-01-17T13:04:51","guid":{"rendered":"https:\/\/lucacastelli.com\/?post_type=product&#038;p=471560"},"modified":"2025-07-28T11:00:17","modified_gmt":"2025-07-28T09:00:17","slug":"petzl-vulcan","status":"publish","type":"product","link":"https:\/\/lucacastelli.com\/de\/produkt\/petzl-vulcan\/","title":{"rendered":"PETZL VULCAN"},"content":{"rendered":"<p>Asymmetrischer Karabiner mit hoher Festigkeit und gro\u00dfer Kapazit\u00e4t<\/p>\n<p>VULCAN ist ein hochfester Karabiner aus Stahl, der f\u00fcr den Einsatz in rauen Umgebungen bestimmt ist. Die asymmetrische Form mit gro\u00dfem Fassungsverm\u00f6gen ist f\u00fcr mehrere Anker geeignet. Der VULCAN-Karabiner ist in zwei Verriegelungssystemen erh\u00e4ltlich: dem automatischen TRIACT-LOCK-System und dem manuellen SCREW-LOCK-System. VULCAN TRIACT-LOCK ist in europ\u00e4ischen und internationalen Versionen erh\u00e4ltlich. VULCAN kann mit der CAPTIV-Stange kombiniert werden, um die Belastung des Karabiners auf der L\u00e4ngsachse zu erleichtern, die Kippgefahr zu verringern und ihn in das Ger\u00e4t zu integrieren.    <\/p>\n<p>Detaillierte Beschreibung<\/p>\n<p>Karabiner aus hochfestem Stahl f\u00fcr den Einsatz in rauen Umgebungen und besonders geeignet f\u00fcr Mehrfachanker.<br \/>\nErleichtert Man\u00f6ver:- flie\u00dfendes Innendesign,<br \/>\n um das Risiko eines stabilen Stichs zu verringern und die Drehung des Karabiners zu erleichtern,<br \/>\n&#8211; Keylock-System, um ein unbeabsichtigtes Einhaken des Karabiners zu verhindern,<br \/>\n&#8211; kann mit der CAPTIV-Stange kombiniert werden, um die Belastung des Karabiners auf der Hauptachse zu erleichtern, ihn in das Ger\u00e4t zu integrieren und das Risiko des Umkippens zu verringern.<br \/>\nH-Profil:<br \/>\n&#8211; garantiert ein optimales Verh\u00e4ltnis von Festigkeit zu Helligkeit,<br \/>\n&#8211; sch\u00fctzt die Markierungen vor Abrieb.<br \/>\nErh\u00e4ltlich in zwei Versionen des Verriegelungssystems:<br \/>\n &#8211; TRIACT-LOCK: automatische Verriegelung mit dreifacher \u00d6ffnung, &#8211; SCREW-LOCK: manuelle Schraubenverriegelung mit roter optischer Anzeige,<br \/>\n wenn der Karabiner nicht verriegelt ist.<br \/>\nErh\u00e4ltlich in europ\u00e4ischen und internationalen Versionen.<br \/>\nAuch in der schwarzen Version erh\u00e4ltlich.<\/p>\n<p>Spezifikationen<br \/>\nMaterialien: Stahl<\/p>\n","protected":false},"excerpt":{"rendered":"<p>Asymmetrischer Karabiner mit hoher Festigkeit und gro\u00dfer Kapazit\u00e4t VULCAN ist ein hochfester Karabiner aus Stahl, der f\u00fcr den Einsatz in<\/p>\n","protected":false},"featured_media":85443,"template":"","meta":{"_seopress_robots_primary_cat":"","_seopress_titles_title":"","_seopress_titles_desc":"","_seopress_robots_index":""},"product_brand":[3446],"product_cat":[33,537,814,211,818],"product_tag":[],"class_list":{"0":"post-471560","1":"product","2":"type-product","3":"status-publish","4":"has-post-thumbnail","6":"product_brand-petzl","7":"product_cat-attrezzature","8":"product_cat-attrezzatura-da-lavoro","9":"product_cat-imbraghi-e-materiale-di-sicurezza","10":"product_cat-attrezzatura-per-il-tempo-libero","11":"product_cat-imbraghi-e-materiale-di-sicurezza-attrezzatura-per-il-tempo-libero","13":"first","14":"onbackorder","15":"shipping-taxable","16":"purchasable","17":"product-type-variable"},"_links":{"self":[{"href":"https:\/\/lucacastelli.com\/de\/wp-json\/wp\/v2\/product\/471560","targetHints":{"allow":["GET"]}}],"collection":[{"href":"https:\/\/lucacastelli.com\/de\/wp-json\/wp\/v2\/product"}],"about":[{"href":"https:\/\/lucacastelli.com\/de\/wp-json\/wp\/v2\/types\/product"}],"wp:featuredmedia":[{"embeddable":true,"href":"https:\/\/lucacastelli.com\/de\/wp-json\/wp\/v2\/media\/85443"}],"wp:attachment":[{"href":"https:\/\/lucacastelli.com\/de\/wp-json\/wp\/v2\/media?parent=471560"}],"wp:term":[{"taxonomy":"product_brand","embeddable":true,"href":"https:\/\/lucacastelli.com\/de\/wp-json\/wp\/v2\/product_brand?post=471560"},{"taxonomy":"product_cat","embeddable":true,"href":"https:\/\/lucacastelli.com\/de\/wp-json\/wp\/v2\/product_cat?post=471560"},{"taxonomy":"product_tag","embeddable":true,"href":"https:\/\/lucacastelli.com\/de\/wp-json\/wp\/v2\/product_tag?post=471560"}],"curies":[{"name":"wp","href":"https:\/\/api.w.org\/{rel}","templated":true}]}}