{"id":471551,"date":"2023-01-17T13:23:49","date_gmt":"2023-01-17T12:23:49","guid":{"rendered":"https:\/\/lucacastelli.com\/?post_type=product&#038;p=471551"},"modified":"2025-07-28T11:00:24","modified_gmt":"2025-07-28T09:00:24","slug":"petzl-schakelhaken-verbindungsmittel","status":"publish","type":"product","link":"https:\/\/lucacastelli.com\/de\/produkt\/petzl-schakelhaken-verbindungsmittel\/","title":{"rendered":"PETZL Sch\u00e4kelhaken Verbindungsmittel"},"content":{"rendered":"<p>Verstellbares Verbindungsmittel zur Arbeitsplatzpositionierung mit HOOK-Anschluss<\/p>\n<p>Das Verbindungsmittel GRILLON HOOK wird verwendet, um in Kombination mit einem Auffangger\u00e4t Arbeitsplatzpositionierungssysteme zu erstellen. Es erm\u00f6glicht Ihnen, die L\u00e4nge, die Sie ben\u00f6tigen, genau und sehr einfach an die Besonderheiten des Arbeitsplatzes anzupassen, um sich bequem zu positionieren. Sein HOOK-Verbinder ist ideal f\u00fcr die doppelte Verwendung an den seitlichen Befestigungspunkten des Gurtzeugs. GRILLON HOOK ist in vier L\u00e4ngen (2, 3, 4 und 5 m) erh\u00e4ltlich und nach europ\u00e4ischen und russischen Normen zertifiziert.   <\/p>\n<p>Detaillierte Beschreibung<\/p>\n<p>Einfach zu bedienen:<br \/>\n&#8211; Progressives Verstellsystem, mit dem Sie die L\u00e4nge, die Sie ben\u00f6tigen, um sich bequem am Arbeitsplatz zu positionieren, pr\u00e4zise einstellen k\u00f6nnen,- Doppelte Verwendung an den seitlichen Befestigungspunkten des Gurts,<br \/>\n wenn der Benutzer auf seinen F\u00fc\u00dfen arbeitet. Diese Art der Verbindung sorgt f\u00fcr eine bessere Lastverteilung auf H\u00f6he des Hosentr\u00e4gergurtes. Die Einstellung erfolgt durch Dr\u00fccken des drehbaren Nockens.<br \/>\nVern\u00e4hte Abschl\u00fcsse an beiden Enden mit Kunststoffmantel, um den Verbinder an Ort und Stelle zu halten und das Seil vor Abrieb zu sch\u00fctzen.<br \/>\nAbnehmbarer Schutzmantel, mit dem Sie das Seil vor Kontaktpunkten sch\u00fctzen k\u00f6nnen, die es besch\u00e4digen k\u00f6nnten, was sein Gleiten beg\u00fcnstigt.<br \/>\nDas Produkt wird mit einem HOOK-Konnektor geliefert, der sich ideal f\u00fcr die Verwendung des doppelten Verbindungsmittels an den seitlichen Befestigungspunkten des Gurtzeugs eignet.<br \/>\nErh\u00e4ltlich in vier L\u00e4ngen: 2, 3, 4 und 5 m. Die L\u00e4nge des Verbindungsmittels wird sofort anhand des farbigen Etiketts an dem Ende identifiziert, das den Stecker aufnimmt.<br \/>\nSeile sind als Ersatzteile erh\u00e4ltlich.   <\/p>\n<p>Spezifikationen<br \/>\nMaterialien: Polyamid, Polyester, Aluminium<br \/>\nZertifizierung(en): CE EN 358, CE EN 12841 Typ C, EAC, UKCA (Haken)<\/p>\n","protected":false},"excerpt":{"rendered":"<p>Verstellbares Verbindungsmittel zur Arbeitsplatzpositionierung mit HOOK-Anschluss Das Verbindungsmittel GRILLON HOOK wird verwendet, um in Kombination mit einem Auffangger\u00e4t Arbeitsplatzpositionierungssysteme zu<\/p>\n","protected":false},"featured_media":85415,"template":"","meta":{"_seopress_robots_primary_cat":"","_seopress_titles_title":"","_seopress_titles_desc":"","_seopress_robots_index":""},"product_brand":[3666],"product_cat":[150,1396,1403,1409,1410],"product_tag":[],"class_list":{"0":"post-471551","1":"product","2":"type-product","3":"status-publish","4":"has-post-thumbnail","6":"product_brand-petzl-de","7":"product_cat-ausrustung","8":"product_cat-arbeitsausrustung","9":"product_cat-auffanggurte-und-sicherheitsausrustung","10":"product_cat-freizeitausrustung","11":"product_cat-auffanggurte-und-sicherheitsausrustung-de","13":"first","14":"onbackorder","15":"shipping-taxable","16":"purchasable","17":"product-type-variable"},"_links":{"self":[{"href":"https:\/\/lucacastelli.com\/de\/wp-json\/wp\/v2\/product\/471551","targetHints":{"allow":["GET"]}}],"collection":[{"href":"https:\/\/lucacastelli.com\/de\/wp-json\/wp\/v2\/product"}],"about":[{"href":"https:\/\/lucacastelli.com\/de\/wp-json\/wp\/v2\/types\/product"}],"wp:featuredmedia":[{"embeddable":true,"href":"https:\/\/lucacastelli.com\/de\/wp-json\/wp\/v2\/media\/85415"}],"wp:attachment":[{"href":"https:\/\/lucacastelli.com\/de\/wp-json\/wp\/v2\/media?parent=471551"}],"wp:term":[{"taxonomy":"product_brand","embeddable":true,"href":"https:\/\/lucacastelli.com\/de\/wp-json\/wp\/v2\/product_brand?post=471551"},{"taxonomy":"product_cat","embeddable":true,"href":"https:\/\/lucacastelli.com\/de\/wp-json\/wp\/v2\/product_cat?post=471551"},{"taxonomy":"product_tag","embeddable":true,"href":"https:\/\/lucacastelli.com\/de\/wp-json\/wp\/v2\/product_tag?post=471551"}],"curies":[{"name":"wp","href":"https:\/\/api.w.org\/{rel}","templated":true}]}}