{"id":471542,"date":"2023-01-17T14:02:27","date_gmt":"2023-01-17T13:02:27","guid":{"rendered":"https:\/\/lucacastelli.com\/?post_type=product&#038;p=471542"},"modified":"2025-07-28T11:00:20","modified_gmt":"2025-07-28T09:00:20","slug":"petzl-ich-wurde-evakuieren","status":"publish","type":"product","link":"https:\/\/lucacastelli.com\/de\/produkt\/petzl-ich-wurde-evakuieren\/","title":{"rendered":"PETZL ICH W\u00dcRDE EVAKUIEREN"},"content":{"rendered":"<p>Selbstbremsendes Abseilger\u00e4t mit Anti-Panik-Funktion f\u00fcr Evakuierungen am Anker<\/p>\n<p>Das selbstbremsende Abseilger\u00e4t ID EVAC ist haupts\u00e4chlich f\u00fcr Evakuierungen an Ankern bestimmt. Der ergonomische Griff ist speziell auf die Handhabung der Last am Anker abgestimmt und erm\u00f6glicht eine komfortable Kontrolle des Abstiegs. Die integrierte Panikfunktion und der Anti-Fehler-Nocken reduzieren das Unfallrisiko bei falscher Bedienung. Das AUTO-LOCK-System erm\u00f6glicht es Ihnen, das Seil automatisch zu verriegeln, ohne den Griff zu verwenden und den Stoppschl\u00fcssel zu dr\u00fccken. Einmal verriegelt, kann das Seil wieder eingeholt werden, ohne den Griff bet\u00e4tigen zu m\u00fcssen. Der \u00d6ffnungsklick erm\u00f6glicht die Installation des Seils, w\u00e4hrend das Ger\u00e4t mit dem Anschlagpunkt verbunden bleibt. Der I&#8217;D EVAC ist kompatibel mit Seilen von 10 bis 11,5 mm und erm\u00f6glicht die Handhabung von Lasten bis zu 250 kg.      <\/p>\n<p>Detaillierte Beschreibung<\/p>\n<p>Konzipiert f\u00fcr Evakuierungen vor Anker.<br \/>\nBenutzerfreundlichkeit:<br \/>\n&#8211; Es verf\u00fcgt \u00fcber einen \u00d6ffnungsklick am beweglichen Flansch, mit dem Sie das Seil einfach einf\u00fchren k\u00f6nnen, wodurch das Ger\u00e4t mit dem Anker verbunden bleibt,<br \/>\n&#8211; einfache Installation des Seils dank der F\u00fchrung und der indikativen Markierungen,<br \/>\n&#8211; Anti-Fehler-Nocke, um das Unfallrisiko durch falsches Einf\u00fchren des Seils zu begrenzen,<br \/>\n&#8211; Ergonomischer Griff, mit dem Sie das Seil befreien und den Abstieg bequem steuern k\u00f6nnen. Zwei Abfahrtsm\u00f6glichkeiten: am Flansch oder in der V-f\u00f6rmigen Bremsnut. Der Griff ist speziell auf die Handhabung der Last am Anker<br \/>\n ausgerichtet,- Anti-Panik-Funktion, die das Abseilen automatisch stoppt, wenn der Benutzer den Griff zu stark zieht,- AUTO-LOCK-System,<br \/>\n mit dem das Seil automatisch verriegelt werden kann, ohne dass der Griff verwendet und der Stoppschl\u00fcssel gedr\u00fcckt werden muss. Die automatische R\u00fcckkehr des Griffs verringert das Risiko eines unbeabsichtigten H\u00e4ngenbleibens, automatischer \u00dcbergang des Griffs in die Ruheposition,<br \/>\n wenn das Seil aus dem Ger\u00e4t entfernt wird, wodurch das Risiko eines unbeabsichtigten H\u00e4ngenbleibens beim Tragen des Abseilger\u00e4ts am Gurt verringert wird.<br \/>\nVielseitigkeit der Verwendung:<br \/>\n&#8211; Einmal verriegelt, kann das Seil zur\u00fcckgeholt werden, ohne den Griff benutzen zu m\u00fcssen, wodurch ein R\u00fcckgewinnungssystem reversibel ist,- Schraube, mit der der bewegliche Flansch verriegelt werden kann,<br \/>\n um den I&#8217;D EVAC in Evakuierungskits zu integrieren,- zus\u00e4tzliche offene Bremse,<br \/>\n um die Bremswirkung entsprechend der Last und dem Durchmesser des Seils zu erh\u00f6hen und das Seil jederzeit zu installieren oder zu befreien.<br \/>\nSchutzverst\u00e4rkung aus Edelstahl in dem Bereich, in dem das Seil reibt, wodurch die Verschlei\u00dffestigkeit erh\u00f6ht werden kann.<br \/>\nTieferlegung schwerer Lasten bis zu 250 kg.<br \/>\nKompatibilit\u00e4t mit Seilen: von 10 bis 11,5 mm Durchmesser.<br \/>\nErh\u00e4ltlich in zwei Farben: gelb und schwarz.<\/p>\n<p>Spezifisch<\/p>\n<p>Materialien: Aluminium, Stahl, Polyamid<br \/>\nGewicht: 615 g<br \/>\nMaximale Belastung f\u00fcr eine Person: bis zu 150 kg (weitere Informationen finden Sie im Informationsschreiben und in der technischen Beratung auf der Website von www.petzl.com)<br \/>\nMaximale Belastung f\u00fcr zwei Personen (Rettung): bis zu 250 kg (weitere Informationen finden Sie im Informationsschreiben und in den technischen Hinweisen auf der Website der www.petzl.com)<br \/>\nZertifizierung(en): EN 341 Typ 2 Klasse A, CE EN 12841 Typ C, ANSI Z359.4, NFPA 1983 Technische Verwendung, EAC &#8211; EN 341 Typ 2 Klasse A bei Verwendung mit einem PARALLELEN 10,5 mm oder AXIS 11 mm Seil, &#8211; EN 12841 Typ C bei Verwendung mit einem EN 1891 A Seil von 10 bis 11,5 mm, &#8211; ANSI Z359.4 bei Verwendung mit einem Seil von 10 bis 11,5 mm,  &#8211; NFPA 1983 Technische Verwendung bei Verwendung mit einem Seil von 10 bis 11,5 mm.<\/p>\n","protected":false},"excerpt":{"rendered":"<p>Selbstbremsendes Abseilger\u00e4t mit Anti-Panik-Funktion f\u00fcr Evakuierungen am Anker Das selbstbremsende Abseilger\u00e4t ID EVAC ist haupts\u00e4chlich f\u00fcr Evakuierungen an Ankern bestimmt.<\/p>\n","protected":false},"featured_media":85424,"template":"","meta":{"_seopress_robots_primary_cat":"","_seopress_titles_title":"","_seopress_titles_desc":"","_seopress_robots_index":""},"product_brand":[3666],"product_cat":[1396,1403,1410,150,1409],"product_tag":[],"class_list":{"0":"post-471542","1":"product","2":"type-product","3":"status-publish","4":"has-post-thumbnail","6":"product_brand-petzl-de","7":"product_cat-arbeitsausrustung","8":"product_cat-auffanggurte-und-sicherheitsausrustung","9":"product_cat-auffanggurte-und-sicherheitsausrustung-de","10":"product_cat-ausrustung","11":"product_cat-freizeitausrustung","13":"first","14":"onbackorder","15":"shipping-taxable","16":"purchasable","17":"product-type-variable"},"_links":{"self":[{"href":"https:\/\/lucacastelli.com\/de\/wp-json\/wp\/v2\/product\/471542","targetHints":{"allow":["GET"]}}],"collection":[{"href":"https:\/\/lucacastelli.com\/de\/wp-json\/wp\/v2\/product"}],"about":[{"href":"https:\/\/lucacastelli.com\/de\/wp-json\/wp\/v2\/types\/product"}],"wp:featuredmedia":[{"embeddable":true,"href":"https:\/\/lucacastelli.com\/de\/wp-json\/wp\/v2\/media\/85424"}],"wp:attachment":[{"href":"https:\/\/lucacastelli.com\/de\/wp-json\/wp\/v2\/media?parent=471542"}],"wp:term":[{"taxonomy":"product_brand","embeddable":true,"href":"https:\/\/lucacastelli.com\/de\/wp-json\/wp\/v2\/product_brand?post=471542"},{"taxonomy":"product_cat","embeddable":true,"href":"https:\/\/lucacastelli.com\/de\/wp-json\/wp\/v2\/product_cat?post=471542"},{"taxonomy":"product_tag","embeddable":true,"href":"https:\/\/lucacastelli.com\/de\/wp-json\/wp\/v2\/product_tag?post=471542"}],"curies":[{"name":"wp","href":"https:\/\/api.w.org\/{rel}","templated":true}]}}