{"id":471534,"date":"2022-12-22T14:22:46","date_gmt":"2022-12-22T13:22:46","guid":{"rendered":"https:\/\/lucacastelli.com\/?post_type=product&#038;p=471534"},"modified":"2025-07-28T11:00:27","modified_gmt":"2025-07-28T09:00:27","slug":"petzl-spin-l2","status":"publish","type":"product","link":"https:\/\/lucacastelli.com\/de\/produkt\/petzl-spin-l2\/","title":{"rendered":"PETZL SPIN L2"},"content":{"rendered":"<p>Doppelriemenscheibe mit sehr hohem Wirkungsgrad und Drehgelenk<\/p>\n<p>SPIN L2 ist eine Doppelrolle, die auch ge\u00f6ffnet werden kann, wenn sie auf dem Anker positioniert ist, um die Installation von Berge- oder Seilrutschensystemen so weit wie m\u00f6glich zu vereinfachen. Dank der beiden parallel montierten Umlenkrollen und des zus\u00e4tzlichen Befestigungspunkts k\u00f6nnen Sie mit der Umlenkrolle verschiedene Arten von komplexen Entnahmen durchf\u00fchren. Die umlenkrollen mit gro\u00dfem durchmesser auf abgedichteten kugellagern garantieren eine hervorragende leistung, man\u00f6ver werden dank des wirbels erleichtert, der es ihnen erm\u00f6glicht, die Umlenkrolle unter Last auszurichten und Karabiner, Seile oder Schlingen direkt zu verbinden.  <\/p>\n<p>Detaillierte Beschreibung<\/p>\n<p>Entwickelt, um die Installation von Bergungs- oder Seilbahnsystemen bei Arbeiten in der H\u00f6he und bei der Rettung so weit wie m\u00f6glich zu vereinfachen:<br \/>\n&#8211; dreifache \u00d6ffnung des beweglichen Flansches, einfach und schnell, auch mit Handschuhen,<br \/>\n&#8211; M\u00f6glichkeit, das Seil zu installieren, w\u00e4hrend das Ger\u00e4t mit dem Anschlagpunkt verbunden bleibt,- rote visuelle Anzeige,<br \/>\n wenn der mobile Flansch nicht verriegelt ist,<br \/>\n&#8211; spezifisches Design der Flansche, die den Durchgang des Seils sch\u00fctzen.<br \/>\nOptimierter Wirkungsgrad:<br \/>\n &#8211; Riemenscheibe mit gro\u00dfem Durchmesser auf abgedichtetem Kugellager f\u00fcr hervorragende Effizienz,<br \/>\n &#8211; parallel montierte Riemenscheiben und zus\u00e4tzlicher Befestigungspunkt, um verschiedene Arten von komplexer Wiederherstellung zu realisieren.<br \/>\nErleichterte Man\u00f6ver:<br \/>\n&#8211; Wirbel, mit dem Sie die Umlenkrolle unter Last ausrichten k\u00f6nnen,<br \/>\n&#8211; Wirbel, der bis zu drei Karabiner aufnehmen kann,<br \/>\n&#8211; Wirbel und zus\u00e4tzlicher Befestigungspunkt, der die Verwendung von Seilen und Schlingen erm\u00f6glicht, um Man\u00f6ver zu erleichtern.<\/p>\n<p>Spezifisch<\/p>\n<p>Gewicht: 480 g<br \/>\nZertifizierung(en): CE EN 12278, NFPA 2500 Umlenkrolle Allgemeine Verwendung, UIAA, UKCA<br \/>\nMaterialien: Aluminium, Edelstahl, Polyamid<br \/>\nMin. Seildurchmesser: 7 mm<br \/>\nMax. Seildurchmesser: 13 mm<br \/>\nScheibentyp: abgedichtete<br \/>\nKugellager Scheibendurchmesser: 38 mm<br \/>\nMaximale Betriebslast: 8 kN (3 kN pro Kopf, weitere Informationen in der Informationsnotiz)<br \/>\nZugfestigkeit:  36 kN<br \/>\nWirkungsgrad: 95 %<\/p>\n<p>3 Jahre Garantie<\/p>\n","protected":false},"excerpt":{"rendered":"<p>Doppelriemenscheibe mit sehr hohem Wirkungsgrad und Drehgelenk SPIN L2 ist eine Doppelrolle, die auch ge\u00f6ffnet werden kann, wenn sie auf<\/p>\n","protected":false},"featured_media":85271,"template":"","meta":{"_seopress_robots_primary_cat":"","_seopress_titles_title":"","_seopress_titles_desc":"","_seopress_robots_index":""},"product_brand":[3446],"product_cat":[33,537,814,211,818],"product_tag":[],"class_list":{"0":"post-471534","1":"product","2":"type-product","3":"status-publish","4":"has-post-thumbnail","6":"product_brand-petzl","7":"product_cat-attrezzature","8":"product_cat-attrezzatura-da-lavoro","9":"product_cat-imbraghi-e-materiale-di-sicurezza","10":"product_cat-attrezzatura-per-il-tempo-libero","11":"product_cat-imbraghi-e-materiale-di-sicurezza-attrezzatura-per-il-tempo-libero","13":"first","14":"onbackorder","15":"shipping-taxable","16":"purchasable","17":"product-type-variable"},"_links":{"self":[{"href":"https:\/\/lucacastelli.com\/de\/wp-json\/wp\/v2\/product\/471534","targetHints":{"allow":["GET"]}}],"collection":[{"href":"https:\/\/lucacastelli.com\/de\/wp-json\/wp\/v2\/product"}],"about":[{"href":"https:\/\/lucacastelli.com\/de\/wp-json\/wp\/v2\/types\/product"}],"wp:featuredmedia":[{"embeddable":true,"href":"https:\/\/lucacastelli.com\/de\/wp-json\/wp\/v2\/media\/85271"}],"wp:attachment":[{"href":"https:\/\/lucacastelli.com\/de\/wp-json\/wp\/v2\/media?parent=471534"}],"wp:term":[{"taxonomy":"product_brand","embeddable":true,"href":"https:\/\/lucacastelli.com\/de\/wp-json\/wp\/v2\/product_brand?post=471534"},{"taxonomy":"product_cat","embeddable":true,"href":"https:\/\/lucacastelli.com\/de\/wp-json\/wp\/v2\/product_cat?post=471534"},{"taxonomy":"product_tag","embeddable":true,"href":"https:\/\/lucacastelli.com\/de\/wp-json\/wp\/v2\/product_tag?post=471534"}],"curies":[{"name":"wp","href":"https:\/\/api.w.org\/{rel}","templated":true}]}}