{"id":471533,"date":"2022-12-22T14:04:09","date_gmt":"2022-12-22T13:04:09","guid":{"rendered":"https:\/\/lucacastelli.com\/?post_type=product&#038;p=471533"},"modified":"2025-07-28T11:08:53","modified_gmt":"2025-07-28T09:08:53","slug":"petzl-tandem","status":"publish","type":"product","link":"https:\/\/lucacastelli.com\/de\/produkt\/petzl-tandem\/","title":{"rendered":"PETZL TANDEM"},"content":{"rendered":"<p>Doppelte Umlenkrolle f\u00fcr Seilbewegung<\/p>\n<p>Die TANDEM-Umlenkrolle ist f\u00fcr effektive und ruckfreie Seiltiroler konzipiert.<\/p>\n<p>Detaillierte Beschreibung<\/p>\n<p>Gute Leistung dank der Aluminium-Riemenscheiben, die auf selbstschmierenden Lagern montiert sind.<br \/>\nDer Befestigungspunkt bietet Platz f\u00fcr bis zu drei Karabiner f\u00fcr ein einfaches Man\u00f6vrieren.<\/p>\n<p>Spezifikationen<br \/>\nMaximal zul\u00e4ssige Geschwindigkeit: 10 m\/s<br \/>\nZertifizierung(en): CE EN 12278, UKCA, UIAA<\/p>\n<p>Gewicht 195 g<br \/>\nSeildurchmesser max. 13 mm<br \/>\nFlaschenzugdurchmesser 21 mm<br \/>\nWirkungsgrad 71 %<br \/>\nArbeitslast 10 kN<br \/>\nBruchlast 24 kN<br \/>\nGarantie 3 Jahre<\/p>\n","protected":false},"excerpt":{"rendered":"<p>Doppelte Umlenkrolle f\u00fcr Seilbewegung Die TANDEM-Umlenkrolle ist f\u00fcr effektive und ruckfreie Seiltiroler konzipiert. Detaillierte Beschreibung Gute Leistung dank der Aluminium-Riemenscheiben,<\/p>\n","protected":false},"featured_media":85240,"template":"","meta":{"_seopress_robots_primary_cat":"","_seopress_titles_title":"","_seopress_titles_desc":"","_seopress_robots_index":""},"product_brand":[3666],"product_cat":[1396,1403,1410,150,1409],"product_tag":[],"class_list":{"0":"post-471533","1":"product","2":"type-product","3":"status-publish","4":"has-post-thumbnail","6":"product_brand-petzl-de","7":"product_cat-arbeitsausrustung","8":"product_cat-auffanggurte-und-sicherheitsausrustung","9":"product_cat-auffanggurte-und-sicherheitsausrustung-de","10":"product_cat-ausrustung","11":"product_cat-freizeitausrustung","13":"first","14":"onbackorder","15":"shipping-taxable","16":"purchasable","17":"product-type-simple"},"_links":{"self":[{"href":"https:\/\/lucacastelli.com\/de\/wp-json\/wp\/v2\/product\/471533","targetHints":{"allow":["GET"]}}],"collection":[{"href":"https:\/\/lucacastelli.com\/de\/wp-json\/wp\/v2\/product"}],"about":[{"href":"https:\/\/lucacastelli.com\/de\/wp-json\/wp\/v2\/types\/product"}],"wp:featuredmedia":[{"embeddable":true,"href":"https:\/\/lucacastelli.com\/de\/wp-json\/wp\/v2\/media\/85240"}],"wp:attachment":[{"href":"https:\/\/lucacastelli.com\/de\/wp-json\/wp\/v2\/media?parent=471533"}],"wp:term":[{"taxonomy":"product_brand","embeddable":true,"href":"https:\/\/lucacastelli.com\/de\/wp-json\/wp\/v2\/product_brand?post=471533"},{"taxonomy":"product_cat","embeddable":true,"href":"https:\/\/lucacastelli.com\/de\/wp-json\/wp\/v2\/product_cat?post=471533"},{"taxonomy":"product_tag","embeddable":true,"href":"https:\/\/lucacastelli.com\/de\/wp-json\/wp\/v2\/product_tag?post=471533"}],"curies":[{"name":"wp","href":"https:\/\/api.w.org\/{rel}","templated":true}]}}