{"id":471526,"date":"2022-12-22T13:29:56","date_gmt":"2022-12-22T12:29:56","guid":{"rendered":"https:\/\/lucacastelli.com\/?post_type=product&#038;p=471526"},"modified":"2025-07-28T11:08:56","modified_gmt":"2025-07-28T09:08:56","slug":"petzl-ruckholkugel-fur-eject","status":"publish","type":"product","link":"https:\/\/lucacastelli.com\/de\/produkt\/petzl-ruckholkugel-fur-eject\/","title":{"rendered":"PETZL R\u00fcckholkugel f\u00fcr EJECT"},"content":{"rendered":"<p>R\u00fcckholkugel f\u00fcr verstellbare Spaltgabel EJECT<\/p>\n<p>Mit einem Durchmesser von 21 mm ist diese R\u00fcckholkugel speziell f\u00fcr die verstellbare Schergabel EJECT konzipiert. Es erm\u00f6glicht Ihnen, das System einfach und schnell von unten zu entnehmen. <\/p>\n<p>Detaillierte Beschreibung<\/p>\n<p>21 mm Durchmesser, der speziell f\u00fcr die verstellbare Schergabel EJECT entwickelt wurde.<br \/>\nEs erm\u00f6glicht Ihnen, die Schere einfach von unten zu holen.<\/p>\n<p>Spezifikationen<br \/>\nGewicht: 8 g<br \/>\nDurchmesser: 21 mm<br \/>\nMaterialien: Polyamid<\/p>\n<p>3 Jahre Garantie<\/p>\n","protected":false},"excerpt":{"rendered":"<p>R\u00fcckholkugel f\u00fcr verstellbare Spaltgabel EJECT Mit einem Durchmesser von 21 mm ist diese R\u00fcckholkugel speziell f\u00fcr die verstellbare Schergabel EJECT<\/p>\n","protected":false},"featured_media":85235,"template":"","meta":{"_seopress_robots_primary_cat":"","_seopress_titles_title":"","_seopress_titles_desc":"","_seopress_robots_index":""},"product_brand":[3446],"product_cat":[33,537,814,211,818],"product_tag":[],"class_list":{"0":"post-471526","1":"product","2":"type-product","3":"status-publish","4":"has-post-thumbnail","6":"product_brand-petzl","7":"product_cat-attrezzature","8":"product_cat-attrezzatura-da-lavoro","9":"product_cat-imbraghi-e-materiale-di-sicurezza","10":"product_cat-attrezzatura-per-il-tempo-libero","11":"product_cat-imbraghi-e-materiale-di-sicurezza-attrezzatura-per-il-tempo-libero","13":"first","14":"onbackorder","15":"shipping-taxable","16":"purchasable","17":"product-type-simple"},"_links":{"self":[{"href":"https:\/\/lucacastelli.com\/de\/wp-json\/wp\/v2\/product\/471526","targetHints":{"allow":["GET"]}}],"collection":[{"href":"https:\/\/lucacastelli.com\/de\/wp-json\/wp\/v2\/product"}],"about":[{"href":"https:\/\/lucacastelli.com\/de\/wp-json\/wp\/v2\/types\/product"}],"wp:featuredmedia":[{"embeddable":true,"href":"https:\/\/lucacastelli.com\/de\/wp-json\/wp\/v2\/media\/85235"}],"wp:attachment":[{"href":"https:\/\/lucacastelli.com\/de\/wp-json\/wp\/v2\/media?parent=471526"}],"wp:term":[{"taxonomy":"product_brand","embeddable":true,"href":"https:\/\/lucacastelli.com\/de\/wp-json\/wp\/v2\/product_brand?post=471526"},{"taxonomy":"product_cat","embeddable":true,"href":"https:\/\/lucacastelli.com\/de\/wp-json\/wp\/v2\/product_cat?post=471526"},{"taxonomy":"product_tag","embeddable":true,"href":"https:\/\/lucacastelli.com\/de\/wp-json\/wp\/v2\/product_tag?post=471526"}],"curies":[{"name":"wp","href":"https:\/\/api.w.org\/{rel}","templated":true}]}}