{"id":471523,"date":"2022-12-22T14:18:26","date_gmt":"2022-12-22T13:18:26","guid":{"rendered":"https:\/\/lucacastelli.com\/?post_type=product&#038;p=471523"},"modified":"2025-07-28T11:00:31","modified_gmt":"2025-07-28T09:00:31","slug":"petzl-spin-l1","status":"publish","type":"product","link":"https:\/\/lucacastelli.com\/de\/produkt\/petzl-spin-l1\/","title":{"rendered":"PETZL SPIN L1"},"content":{"rendered":"<p>Einfache Umlenkrolle mit sehr hohem Wirkungsgrad mit Drehgelenk<\/p>\n<p>Die Umlenkrolle SPIN L1, die auch ge\u00f6ffnet werden kann, wenn sie auf dem Anker positioniert ist, wurde entwickelt, um die Installation von Bergungs-, Zipline- oder Lastumleitungssystemen so weit wie m\u00f6glich zu vereinfachen. Die Riemenscheibe mit gro\u00dfem Durchmesser auf abgedichtetem Kugellager garantiert einen hervorragenden Wirkungsgrad. Man\u00f6ver werden dank des Drehgelenks erleichtert, mit dem Sie die Umlenkrolle unter Last ausrichten und Karabiner, Seile oder Schlingen direkt verbinden k\u00f6nnen.  <\/p>\n<p>Detaillierte Beschreibung<\/p>\n<p>Entwickelt, um die Installation von Bergungs-, Seilbahn- oder Lastumleitungssystemen bei Arbeiten in der H\u00f6he, bei der Rettung und bei Arbeiten an B\u00e4umen so weit wie m\u00f6glich zu vereinfachen:<br \/>\n&#8211; dreifach wirkende \u00d6ffnung des beweglichen Flansches, einfach und schnell, auch mit Handschuhen,<br \/>\n&#8211; M\u00f6glichkeit, das Seil zu installieren, w\u00e4hrend das Ger\u00e4t mit dem Anker verbunden bleibt,- rote optische Anzeige,<br \/>\n wenn der bewegliche Flansch nicht verriegelt ist,<br \/>\n&#8211; Spezifische Konstruktion der Flansche, die den Durchgang des Seils sch\u00fctzen.<br \/>\nOptimierte Effizienz und einfaches Man\u00f6vrieren:<br \/>\n&#8211; Umlenkrolle mit gro\u00dfem Durchmesser auf abgedichtetem Kugellager f\u00fcr hervorragende Leistung,<br \/>\n&#8211; Drehgelenk, mit dem Sie die Umlenkrolle unter Last ausrichten k\u00f6nnen,<br \/>\n&#8211; Drehgelenk, das bis zu drei Karabiner aufnehmen kann und die Verwendung von Seilen und Schlingen erm\u00f6glicht, um Man\u00f6ver zu erleichtern.<\/p>\n<p>Spezifisch<\/p>\n<p>Gewicht: 290 g<br \/>\nZertifizierung(en): CE EN 12278, NFPA 2500 Umlenkrolle Allgemeine Verwendung, UIAA, UKCA<br \/>\nMaterialien: Aluminium, Edelstahl, Polyamid<br \/>\nMin. Seildurchmesser: 7 mm<br \/>\nMax. Seildurchmesser: 13 mm<br \/>\nRollentyp: abgedichtete<br \/>\nKugellager Rollendurchmesser: 38 mm<br \/>\nMaximale Arbeitslast: 4 x 2 = 8 kN<br \/>\nZugfestigkeit:  36 kN<br \/>\nWirkungsgrad: 95 %<\/p>\n<p>3 Jahre Garantie<\/p>\n","protected":false},"excerpt":{"rendered":"<p>Einfache Umlenkrolle mit sehr hohem Wirkungsgrad mit Drehgelenk Die Umlenkrolle SPIN L1, die auch ge\u00f6ffnet werden kann, wenn sie auf<\/p>\n","protected":false},"featured_media":85245,"template":"","meta":{"_seopress_robots_primary_cat":"","_seopress_titles_title":"","_seopress_titles_desc":"","_seopress_robots_index":""},"product_brand":[3666],"product_cat":[1396,1403,1410,150,1409],"product_tag":[],"class_list":{"0":"post-471523","1":"product","2":"type-product","3":"status-publish","4":"has-post-thumbnail","6":"product_brand-petzl-de","7":"product_cat-arbeitsausrustung","8":"product_cat-auffanggurte-und-sicherheitsausrustung","9":"product_cat-auffanggurte-und-sicherheitsausrustung-de","10":"product_cat-ausrustung","11":"product_cat-freizeitausrustung","13":"first","14":"onbackorder","15":"shipping-taxable","16":"purchasable","17":"product-type-variable"},"_links":{"self":[{"href":"https:\/\/lucacastelli.com\/de\/wp-json\/wp\/v2\/product\/471523","targetHints":{"allow":["GET"]}}],"collection":[{"href":"https:\/\/lucacastelli.com\/de\/wp-json\/wp\/v2\/product"}],"about":[{"href":"https:\/\/lucacastelli.com\/de\/wp-json\/wp\/v2\/types\/product"}],"wp:featuredmedia":[{"embeddable":true,"href":"https:\/\/lucacastelli.com\/de\/wp-json\/wp\/v2\/media\/85245"}],"wp:attachment":[{"href":"https:\/\/lucacastelli.com\/de\/wp-json\/wp\/v2\/media?parent=471523"}],"wp:term":[{"taxonomy":"product_brand","embeddable":true,"href":"https:\/\/lucacastelli.com\/de\/wp-json\/wp\/v2\/product_brand?post=471523"},{"taxonomy":"product_cat","embeddable":true,"href":"https:\/\/lucacastelli.com\/de\/wp-json\/wp\/v2\/product_cat?post=471523"},{"taxonomy":"product_tag","embeddable":true,"href":"https:\/\/lucacastelli.com\/de\/wp-json\/wp\/v2\/product_tag?post=471523"}],"curies":[{"name":"wp","href":"https:\/\/api.w.org\/{rel}","templated":true}]}}