{"id":471516,"date":"2022-12-16T14:18:01","date_gmt":"2022-12-16T13:18:01","guid":{"rendered":"https:\/\/lucacastelli.com\/?post_type=product&#038;p=471516"},"modified":"2025-07-28T11:44:14","modified_gmt":"2025-07-28T09:44:14","slug":"petzl-steuerung-125-mm","status":"publish","type":"product","link":"https:\/\/lucacastelli.com\/de\/produkt\/petzl-steuerung-125-mm\/","title":{"rendered":"PETZL STEUERUNG 12,5 mm"},"content":{"rendered":"<p>Halbstatisches Seil mit hoher Festigkeit und ausgezeichnetem Grip f\u00fcr Arbeiten an B\u00e4umen.<\/p>\n<p>Das halbstatische Seil CONTROL 12,5 mm ist f\u00fcr die Baumarbeit bestimmt. Der gro\u00dfe Durchmesser sorgt f\u00fcr eine hohe Festigkeit und einen hervorragenden Halt. Die EverFlex-Technologie garantiert gro\u00dfe Flexibilit\u00e4t und Handhabbarkeit im Laufe der Zeit. Er wird mit einem Splei\u00df an einem Ende geliefert, um einen optimalen Seildurchgang in Gabel- oder Flaschenzugvorrichtungen und Wellengabeln zu gew\u00e4hrleisten. Die Kompaktheit dieses Splei\u00dfes erm\u00f6glicht es, ihn durch die Verriegelungskette der mechanischen Prusik ZIGZAG und ZIGZAG PLUS zu f\u00fchren. Das Seil ist in zwei Farben und drei L\u00e4ngen erh\u00e4ltlich.     <\/p>\n<p>Konzipiert<br \/>\nf\u00fcr die Baumbearbeitung: patentiertes Splei\u00dfen an einem Ende f\u00fcr optimale Seilf\u00fchrung in Klauenvorrichtungen oder Umlenkrollen und Schaftgabeln. Die Kompaktheit dieses Splei\u00dfes erm\u00f6glicht es, ihn durch die Verriegelungskette der mechanischen Prusik ZIGZAG und ZIGZAG PLUS zu f\u00fchren.<br \/>\nGro\u00dfer Durchmesser, der eine hohe Festigkeit und einen hervorragenden Grip garantiert.<br \/>\nKonstante Leistung im Laufe der Zeit:<br \/>\n&#8211; Konstruktion aus 100% Polyester und doppeltes Geflecht,<br \/>\n&#8211; EverFlex-Technologie, die eine gro\u00dfe Flexibilit\u00e4t im Laufe der Zeit garantiert, unabh\u00e4ngig von den Bedingungen (Wasser, Staub, Schlamm&#8230;), um eine hervorragende Handhabung und einen optimalen Betrieb mit den Ger\u00e4ten zu gew\u00e4hrleisten.<br \/>\nErh\u00e4ltlich in zwei Farben (gr\u00fcn und orange), damit Sie die verschiedenen Arbeitsseile leicht erkennen k\u00f6nnen.<br \/>\nStandardl\u00e4ngen: 35, 45 und 60 m. <\/p>\n<p>Spezifikationen<br \/>\nDurchmesser: 12,5 mm<br \/>\nMaterialien: Polyester<br \/>\nZertifizierung(en): CE EN 1891 Typ A, ANSI Z133<br \/>\nGewicht pro Meter: 115 g<br \/>\nFestigkeit mit Achterknoten: 15 kN<br \/>\nFestigkeit mit Splei\u00dfen: 19 kN<br \/>\nSchlagkraft (Faktor 0,3): 5,2 kN<br \/>\nAnzahl der St\u00fcrze Faktor 1: 8<br \/>\nKonstruktion: 24 Spindeln<br \/>\nProzentsatz des Mantels: 62 %<br \/>\nStatische Dehnung: 3,1 %<\/p>\n","protected":false},"excerpt":{"rendered":"<p>Halbstatisches Seil mit hoher Festigkeit und ausgezeichnetem Grip f\u00fcr Arbeiten an B\u00e4umen. Das halbstatische Seil CONTROL 12,5 mm ist f\u00fcr<\/p>\n","protected":false},"featured_media":85138,"template":"","meta":{"_seopress_robots_primary_cat":"","_seopress_titles_title":"","_seopress_titles_desc":"","_seopress_robots_index":""},"product_brand":[3666],"product_cat":[1396,1410,1403,150,1409],"product_tag":[],"class_list":{"0":"post-471516","1":"product","2":"type-product","3":"status-publish","4":"has-post-thumbnail","6":"product_brand-petzl-de","7":"product_cat-arbeitsausrustung","8":"product_cat-auffanggurte-und-sicherheitsausrustung-de","9":"product_cat-auffanggurte-und-sicherheitsausrustung","10":"product_cat-ausrustung","11":"product_cat-freizeitausrustung","13":"first","14":"onbackorder","15":"shipping-taxable","16":"purchasable","17":"product-type-variable"},"_links":{"self":[{"href":"https:\/\/lucacastelli.com\/de\/wp-json\/wp\/v2\/product\/471516","targetHints":{"allow":["GET"]}}],"collection":[{"href":"https:\/\/lucacastelli.com\/de\/wp-json\/wp\/v2\/product"}],"about":[{"href":"https:\/\/lucacastelli.com\/de\/wp-json\/wp\/v2\/types\/product"}],"wp:featuredmedia":[{"embeddable":true,"href":"https:\/\/lucacastelli.com\/de\/wp-json\/wp\/v2\/media\/85138"}],"wp:attachment":[{"href":"https:\/\/lucacastelli.com\/de\/wp-json\/wp\/v2\/media?parent=471516"}],"wp:term":[{"taxonomy":"product_brand","embeddable":true,"href":"https:\/\/lucacastelli.com\/de\/wp-json\/wp\/v2\/product_brand?post=471516"},{"taxonomy":"product_cat","embeddable":true,"href":"https:\/\/lucacastelli.com\/de\/wp-json\/wp\/v2\/product_cat?post=471516"},{"taxonomy":"product_tag","embeddable":true,"href":"https:\/\/lucacastelli.com\/de\/wp-json\/wp\/v2\/product_tag?post=471516"}],"curies":[{"name":"wp","href":"https:\/\/api.w.org\/{rel}","templated":true}]}}