{"id":471494,"date":"2022-12-07T08:31:25","date_gmt":"2022-12-07T07:31:25","guid":{"rendered":"https:\/\/lucacastelli.com\/?post_type=product&#038;p=471494"},"modified":"2025-07-28T11:44:10","modified_gmt":"2025-07-28T09:44:10","slug":"petzl-volta-92-mm","status":"publish","type":"product","link":"https:\/\/lucacastelli.com\/de\/produkt\/petzl-volta-92-mm\/","title":{"rendered":"PETZL VOLTA 9,2 mm"},"content":{"rendered":"<p>Ultraleichtes Mehrzweckseil mit einem Durchmesser von 9,2 mm f\u00fcr Kletter- oder Bergsteigerleistungen<\/p>\n<p>Das VOLTA 9,2 mm Einfachseil bietet die Leichtigkeit, die f\u00fcr Kletterer und Bergsteiger notwendig ist. Dieses Seil profitiert von der Duratec Dry-Behandlung, um maximale Langlebigkeit und Leistung unter allen Bedingungen zu gew\u00e4hrleisten. Dank seiner hervorragenden Griffigkeit und seines hervorragenden Handlings wird das Man\u00f6vrieren erleichtert. Er ist je nach Einsatzzweck in verschiedenen L\u00e4ngen erh\u00e4ltlich, von 30 Metern f\u00fcr klassisches Bergsteigen bis hin zu 100 Metern f\u00fcr Mehrseill\u00e4ngenrouten am Fels.   <\/p>\n<p>Detailbeschreibung<br \/>\nUltraleichtes Seil f\u00fcr die Leistung beim Klettern und Bergsteigen:<br \/>\n&#8211; hervorragendes Verh\u00e4ltnis von Durchmesser zu Leichtigkeit,<br \/>\n&#8211; kompakt im Seilsack,<br \/>\n&#8211; verst\u00e4rkter Widerstand dank der Duratec Dry-Behandlung,<br \/>\n&#8211; UltraSonic Finish: Der Kern und die Socke sind an ihren Enden dank einer Ultraschallbeschichtung namens UltraSonic Finish verbunden. Es erm\u00f6glicht eine l\u00e4ngere Lebensdauer und verhindert, dass das Ende des Seils bricht.<br \/>\nBenutzerkomfort:<br \/>\n&#8211; flexibles Seil, das das Aufwickeln, die Handhabung der Ringe und das Einsetzen des Seils in Sicherungsger\u00e4ten erleichtert,<br \/>\n&#8211; EverFlex-Behandlung: spezifische W\u00e4rmebehandlung, die die Dr\u00e4hte stabilisiert und das Seil homogener macht. Es garantiert einen hervorragenden Grip und eine konstante Handhabung im Laufe der Zeit,<br \/>\n &#8211; Duratec Dry-Behandlung f\u00fcr den Einsatz auf Fels, Mischgewebe, Schnee oder Eis: hydrophobe Behandlung, die es dem Seil erm\u00f6glicht, widerstandsf\u00e4higer gegen Wasser, Schmutz und Abrieb zu sein. Handhabung, Grip und Eigenschaften bleiben bei K\u00e4lte und N\u00e4sse l\u00e4nger erhalten,<br \/>\n&#8211; ClimbReady-Rollreffanlage: spezielle Rollreffanlage, um das Seil einsatzbereit zu machen. Es verhindert falsche Abrollman\u00f6ver durch den Benutzer und erh\u00f6ht die Langlebigkeit.<br \/>\nGriff, der Man\u00f6ver erleichtert:<br \/>\n&#8211; Griff von 40 Spindeln f\u00fcr bessere Kontrolle,<br \/>\n&#8211; Mittlere Markierung: Unterscheidung des halben Seils, um Man\u00f6ver zu erleichtern.    <\/p>\n<p>Spezifikationen<br \/>\nZertifizierung(en): CE EN 892, UKCA, UIAA<br \/>\nDurchmesser: 9,2 mm<br \/>\nSeiltyp: Multityp: Einfachseile, Halbseile und Zwillingsseile<br \/>\nGewicht pro Meter: 55 g<br \/>\nProzentsatz des Mantels: 42 %<br \/>\n Anzahl der St\u00fcrze Faktor 1,77: 6 (einfach), &gt; 20 (halb), &gt; 30 (zwilling)<br \/>\nStatische Dehnung: 7,5 % (einfach), 7,5 % (halb), 6 % (zwilling)<br \/>\nDynamische Dehnung: 33 % (einfach), 30 % (halb),  26 % (Zwilling)<br \/>\nSchlagkraft: 8,6 kN (einfach), 6,8 kN (halb), 10,5 kN (zwilling)<br \/>\nKonstruktion: 40 Spindeln<br \/>\nWerkstoffe: Polyamid<\/p>\n<table>\n<tbody>\n<tr>\n<th class=\"rowTitle\">Referenzen<\/th>\n<th>R35AN 050<\/th>\n<th>R35AN 060<\/th>\n<th>R35AN 070<\/th>\n<th>R35AN 080<\/th>\n<\/tr>\n<tr>\n<td class=\"rowTitle\">Farbe(n)<\/td>\n<td>Grau <\/td>\n<td>Grau <\/td>\n<td>Grau <\/td>\n<td>Grau <\/td>\n<\/tr>\n<tr>\n<td class=\"rowTitle\">L\u00e4nge<\/td>\n<td>ca. 50 m<\/td>\n<td>ca. 60 m<\/td>\n<td>ca. 70 m<\/td>\n<td>ca. 80 m<\/td>\n<\/tr>\n<tr>\n<td class=\"rowTitle\">Garantie<\/td>\n<td>3 Jahre<\/td>\n<td>3 Jahre<\/td>\n<td>3 Jahre<\/td>\n<td>3 Jahre<\/td>\n<\/tr>\n<tr>\n<td class=\"rowTitle\">Anzahl der Innenpackungen<\/td>\n<td> <\/td>\n<p> 1<\/p>\n<td> <\/td>\n<p> 1<\/p>\n<td> <\/td>\n<p> 1<\/p>\n<td>1 <\/td>\n<\/tr>\n<\/tbody>\n<\/table>\n","protected":false},"excerpt":{"rendered":"<p>Ultraleichtes Mehrzweckseil mit einem Durchmesser von 9,2 mm f\u00fcr Kletter- oder Bergsteigerleistungen Das VOLTA 9,2 mm Einfachseil bietet die Leichtigkeit,<\/p>\n","protected":false},"featured_media":84831,"template":"","meta":{"_seopress_robots_primary_cat":"","_seopress_titles_title":"","_seopress_titles_desc":"","_seopress_robots_index":""},"product_brand":[3446],"product_cat":[33,537,814,211,818],"product_tag":[],"class_list":{"0":"post-471494","1":"product","2":"type-product","3":"status-publish","4":"has-post-thumbnail","6":"product_brand-petzl","7":"product_cat-attrezzature","8":"product_cat-attrezzatura-da-lavoro","9":"product_cat-imbraghi-e-materiale-di-sicurezza","10":"product_cat-attrezzatura-per-il-tempo-libero","11":"product_cat-imbraghi-e-materiale-di-sicurezza-attrezzatura-per-il-tempo-libero","13":"first","14":"onbackorder","15":"shipping-taxable","16":"purchasable","17":"product-type-variable"},"_links":{"self":[{"href":"https:\/\/lucacastelli.com\/de\/wp-json\/wp\/v2\/product\/471494","targetHints":{"allow":["GET"]}}],"collection":[{"href":"https:\/\/lucacastelli.com\/de\/wp-json\/wp\/v2\/product"}],"about":[{"href":"https:\/\/lucacastelli.com\/de\/wp-json\/wp\/v2\/types\/product"}],"wp:featuredmedia":[{"embeddable":true,"href":"https:\/\/lucacastelli.com\/de\/wp-json\/wp\/v2\/media\/84831"}],"wp:attachment":[{"href":"https:\/\/lucacastelli.com\/de\/wp-json\/wp\/v2\/media?parent=471494"}],"wp:term":[{"taxonomy":"product_brand","embeddable":true,"href":"https:\/\/lucacastelli.com\/de\/wp-json\/wp\/v2\/product_brand?post=471494"},{"taxonomy":"product_cat","embeddable":true,"href":"https:\/\/lucacastelli.com\/de\/wp-json\/wp\/v2\/product_cat?post=471494"},{"taxonomy":"product_tag","embeddable":true,"href":"https:\/\/lucacastelli.com\/de\/wp-json\/wp\/v2\/product_tag?post=471494"}],"curies":[{"name":"wp","href":"https:\/\/api.w.org\/{rel}","templated":true}]}}