{"id":471488,"date":"2022-11-30T16:44:34","date_gmt":"2022-11-30T15:44:34","guid":{"rendered":"https:\/\/lucacastelli.com\/?post_type=product&#038;p=471488"},"modified":"2025-07-28T11:44:06","modified_gmt":"2025-07-28T09:44:06","slug":"petzl-dart","status":"publish","type":"product","link":"https:\/\/lucacastelli.com\/de\/produkt\/petzl-dart\/","title":{"rendered":"PETZL DART"},"content":{"rendered":"<p>Modulare Steigeisen zum Eisklettern und Dry Tooling<\/p>\n<p>An Mut mangelt es ihnen nicht! Die technischen und leichten DART-Steigeisen sind f\u00fcr Eisklettern und Drytooling konzipiert. Mit modularen Frontspitzen (kurz\/lang Single-Point, Two-Point oder asymmetrischer Two-Point) eignen sie sich f\u00fcr alle schwierigen Anstiege, vom Schneecouloirs bis zum Dry Tooling. Die St\u00fctzen sind stabil, unabh\u00e4ngig von den Reliefs des Eises (Blumenkohl, Bl\u00fctenbl\u00e4tter), dank der seitlichen Halbspitzen. Die Anordnung der Spitzen erm\u00f6glicht ein pr\u00e4zises und effektives Einh\u00e4ngen. Das LEVERLOCK FIL Bindungssystem ist kompatibel mit Schuhen mit Vorder- und Hinterkante.     <\/p>\n<p>Detaillierte Beschreibung<br \/>\nSehr technische und verstellbare Steigeisen f\u00fcr das \u00dcben des Eiskletterns und des Dry Tooling:<br \/>\n&#8211; gezackte Frontspitzen, die ein hervorragendes Eindringen in das Eis garantieren,<br \/>\n&#8211; L\u00e4nge der vorderen Spitzen mit einer einzigen Schraube einstellbar (Petzl-Patent),<br \/>\n&#8211; Als Einpunkt-Steigeisen konfiguriert, lassen sich die Steigeisen leicht in Zweipunkt-Steigeisen verwandeln: Zweipunkt-Steigeisen f\u00fcr Schneerinnen und Rinnen, asymmetrische Zweipunkt-Steigeisen f\u00fcr reines Eis, kurze Einpunkt-Steigeisen f\u00fcr Eis und lange f\u00fcr gemischte<br \/>\n&#8211; stabile St\u00fctzen, unabh\u00e4ngig von Eisreliefs (Blumenkohl, Bl\u00fctenbl\u00e4tter), dank der 8 seitlichen Halbpunkte, einschlie\u00dflich des Einpunkts,<br \/>\n&#8211; pr\u00e4zises und effektives Einhaken dank der Anordnung der Spitzen,<br \/>\n&#8211; dritte Reihe von Spitzen, die nach hinten ausgerichtet sind, um Zugbewegungen auszuf\u00fchren,<br \/>\n&#8211; Stahlsteigeisen f\u00fcr maximale Widerstandsf\u00e4higkeit,<br \/>\n&#8211; LEVERLOCK FIL-Bindungssystem, das besonders f\u00fcr Stiefel mit Kante (vorne und hinten) geeignet ist,<br \/>\n&#8211; ANTISNOW DART Anti-Hufsystem, um die Bildung des Schneehufs bei allen Schneebedingungen zu reduzieren.<br \/>\nLeichtigkeit und Asymmetrie f\u00fcr erfahrene Bergsteiger:<br \/>\n&#8211; optimiertes Gewicht: 812 g als einzelne Spitze,<br \/>\n&#8211; asymmetrische vordere Bl\u00f6cke, die perfekt f\u00fcr technische Bergschuhe geeignet sind.<br \/>\nVollst\u00e4ndige Modularit\u00e4t dank des ALPEN ADAPT-Systems:<br \/>\n&#8211; Spitzen, vordere Bl\u00f6cke, Stangen, Anti-Huf-System und Bindungssystem, die unabh\u00e4ngig voneinander ausgetauscht werden k\u00f6nnen,<br \/>\n&#8211; kompatibel mit dem FLEXLOCK-Bindungssystem (FIL und BACK FLEX) zur Anpassung an Stiefel ohne Kante,<br \/>\n&#8211; kompatibel mit der FIL SMALL-Frontbindung zur Anpassung an sehr schmale Stiefel mit Kante,<br \/>\n&#8211; kompatibel mit dem CORD-TEC KIT, um mehr Wert auf Leichtigkeit und Kompaktheit zu legen.<\/p>\n<p>Spezifikationen<br \/>\nAnzahl der Bits: 12<br \/>\nGr\u00f6\u00dfen: 34 bis 44 mit der Standard-M-Schiene, 38 bis 49 mit der L-Schiene (optional)<br \/>\nZertifizierung(en): CE, UKCA, UIAA<\/p>\n","protected":false},"excerpt":{"rendered":"<p>Modulare Steigeisen zum Eisklettern und Dry Tooling An Mut mangelt es ihnen nicht! Die technischen und leichten DART-Steigeisen sind f\u00fcr<\/p>\n","protected":false},"featured_media":514299,"template":"","meta":{"_seopress_robots_primary_cat":"","_seopress_titles_title":"","_seopress_titles_desc":"","_seopress_robots_index":""},"product_brand":[3666],"product_cat":[150,1396,1403,1409,1410],"product_tag":[],"class_list":{"0":"post-471488","1":"product","2":"type-product","3":"status-publish","4":"has-post-thumbnail","6":"product_brand-petzl-de","7":"product_cat-ausrustung","8":"product_cat-arbeitsausrustung","9":"product_cat-auffanggurte-und-sicherheitsausrustung","10":"product_cat-freizeitausrustung","11":"product_cat-auffanggurte-und-sicherheitsausrustung-de","13":"first","14":"onbackorder","15":"shipping-taxable","16":"purchasable","17":"product-type-simple"},"_links":{"self":[{"href":"https:\/\/lucacastelli.com\/de\/wp-json\/wp\/v2\/product\/471488","targetHints":{"allow":["GET"]}}],"collection":[{"href":"https:\/\/lucacastelli.com\/de\/wp-json\/wp\/v2\/product"}],"about":[{"href":"https:\/\/lucacastelli.com\/de\/wp-json\/wp\/v2\/types\/product"}],"wp:featuredmedia":[{"embeddable":true,"href":"https:\/\/lucacastelli.com\/de\/wp-json\/wp\/v2\/media\/514299"}],"wp:attachment":[{"href":"https:\/\/lucacastelli.com\/de\/wp-json\/wp\/v2\/media?parent=471488"}],"wp:term":[{"taxonomy":"product_brand","embeddable":true,"href":"https:\/\/lucacastelli.com\/de\/wp-json\/wp\/v2\/product_brand?post=471488"},{"taxonomy":"product_cat","embeddable":true,"href":"https:\/\/lucacastelli.com\/de\/wp-json\/wp\/v2\/product_cat?post=471488"},{"taxonomy":"product_tag","embeddable":true,"href":"https:\/\/lucacastelli.com\/de\/wp-json\/wp\/v2\/product_tag?post=471488"}],"curies":[{"name":"wp","href":"https:\/\/api.w.org\/{rel}","templated":true}]}}