{"id":471483,"date":"2022-11-07T10:01:03","date_gmt":"2022-11-07T09:01:03","guid":{"rendered":"https:\/\/lucacastelli.com\/?post_type=product&#038;p=471483"},"modified":"2025-07-28T11:43:59","modified_gmt":"2025-07-28T09:43:59","slug":"petzl-puranneau","status":"publish","type":"product","link":"https:\/\/lucacastelli.com\/de\/produkt\/petzl-puranneau\/","title":{"rendered":"PETZL PUR&#8217;ANNEAU"},"content":{"rendered":"<p>Ultraleichter gen\u00e4hter Ring<\/p>\n<p>PUR&#8217;ANNEAU ist ein sehr leichter und au\u00dfergew\u00f6hnlich widerstandsf\u00e4higer Gurtbandring, der aus hochdichtem Polyethylen besteht. Es ist besonders flexibel f\u00fcr eine einfache Anwendung. Er ist in drei L\u00e4ngen erh\u00e4ltlich, die farbcodiert sind, um die L\u00e4nge leicht zu identifizieren.  <\/p>\n<p>Beschreibung<\/p>\n<p>Detaillierte<br \/>\nBeschreibung Geringes Gewicht und au\u00dfergew\u00f6hnliche Festigkeit dank der Konstruktion aus hochdichtem Polyethylen.<br \/>\nGro\u00dfe Flexibilit\u00e4t f\u00fcr einfache Bedienung.<br \/>\nErh\u00e4ltlich in drei Gr\u00f6\u00dfen, die durch die Farbe der Naht gekennzeichnet sind, um die Identifizierung w\u00e4hrend der Aktivit\u00e4t zu erleichtern: 60, 120 und 180 cm.<\/p>\n<p>Spezifikationen<br \/>\nMaterialien: Polyethylen-Gurtband mit hoher Dichte, Polyamid-N\u00e4hte<br \/>\nZugfestigkeit: 22 kN<br \/>\nZertifizierung(en): CE EN 795 B, UKCA<\/p>\n","protected":false},"excerpt":{"rendered":"<p>Ultraleichter gen\u00e4hter Ring PUR&#8217;ANNEAU ist ein sehr leichter und au\u00dfergew\u00f6hnlich widerstandsf\u00e4higer Gurtbandring, der aus hochdichtem Polyethylen besteht. Es ist besonders<\/p>\n","protected":false},"featured_media":83466,"template":"","meta":{"_seopress_robots_primary_cat":"","_seopress_titles_title":"","_seopress_titles_desc":"","_seopress_robots_index":""},"product_brand":[3666],"product_cat":[1396,1410,1403,150,1409],"product_tag":[],"class_list":{"0":"post-471483","1":"product","2":"type-product","3":"status-publish","4":"has-post-thumbnail","6":"product_brand-petzl-de","7":"product_cat-arbeitsausrustung","8":"product_cat-auffanggurte-und-sicherheitsausrustung-de","9":"product_cat-auffanggurte-und-sicherheitsausrustung","10":"product_cat-ausrustung","11":"product_cat-freizeitausrustung","13":"first","14":"onbackorder","15":"shipping-taxable","16":"purchasable","17":"product-type-variable"},"_links":{"self":[{"href":"https:\/\/lucacastelli.com\/de\/wp-json\/wp\/v2\/product\/471483","targetHints":{"allow":["GET"]}}],"collection":[{"href":"https:\/\/lucacastelli.com\/de\/wp-json\/wp\/v2\/product"}],"about":[{"href":"https:\/\/lucacastelli.com\/de\/wp-json\/wp\/v2\/types\/product"}],"wp:featuredmedia":[{"embeddable":true,"href":"https:\/\/lucacastelli.com\/de\/wp-json\/wp\/v2\/media\/83466"}],"wp:attachment":[{"href":"https:\/\/lucacastelli.com\/de\/wp-json\/wp\/v2\/media?parent=471483"}],"wp:term":[{"taxonomy":"product_brand","embeddable":true,"href":"https:\/\/lucacastelli.com\/de\/wp-json\/wp\/v2\/product_brand?post=471483"},{"taxonomy":"product_cat","embeddable":true,"href":"https:\/\/lucacastelli.com\/de\/wp-json\/wp\/v2\/product_cat?post=471483"},{"taxonomy":"product_tag","embeddable":true,"href":"https:\/\/lucacastelli.com\/de\/wp-json\/wp\/v2\/product_tag?post=471483"}],"curies":[{"name":"wp","href":"https:\/\/api.w.org\/{rel}","templated":true}]}}