{"id":471476,"date":"2022-11-17T14:51:31","date_gmt":"2022-11-17T13:51:31","guid":{"rendered":"https:\/\/lucacastelli.com\/?post_type=product&#038;p=471476"},"modified":"2025-07-28T11:44:03","modified_gmt":"2025-07-28T09:44:03","slug":"petzl-maestro-s","status":"publish","type":"product","link":"https:\/\/lucacastelli.com\/de\/produkt\/petzl-maestro-s\/","title":{"rendered":"PETZL MAESTRO S"},"content":{"rendered":"<p>Abseilger\u00e4t mit integrierter Verriegelungsrolle f\u00fcr Lasten bis zu 250 kg, kompatibel mit Seilen von 10,5 bis 11,5 mm<\/p>\n<p>MAESTRO S ist ein Abseilger\u00e4t, das f\u00fcr technische Rettungseins\u00e4tze entwickelt wurde. Er erleichtert das Handling schwerer Lasten, sowohl beim Absenken als auch beim Heben, und kann sowohl als Hauptsystem als auch bei der Selbstsicherung eingesetzt werden. Diese Vielseitigkeit erm\u00f6glicht es den Rettern, sich an alle Konfigurationen anzupassen, die am Einsatzort anzutreffen sind. Der ergonomische Griff und die integrierte Bremse erm\u00f6glichen es Ihnen, die Abfahrt bequem zu kontrollieren. Der \u00dcbergang von der Absenkposition in die Hubposition erfolgt unmittelbar, ohne dass die Last geborgen werden muss. Die integrierte Verriegelungsscheibe mit Riemenscheibe mit gro\u00dfem Durchmesser auf abgedichteten Kugellagern garantiert eine hervorragende Hubeffizienz. Das AUTO-LOCK-System verriegelt das Seil automatisch, wenn der Griff nicht verwendet wird. Einmal verriegelt, kann das Seil wieder eingeholt werden, ohne den Griff bet\u00e4tigen zu m\u00fcssen. Das Abseilger\u00e4t MAESTRO S ist mit Seilen von 10,5 bis 11,5 mm kompatibel und erm\u00f6glicht die Handhabung von Lasten bis zu 250 kg.        <\/p>\n<p>Detaillierte Beschreibung<\/p>\n<p>Gro\u00dfe Vielseitigkeit, ideal f\u00fcr die technische Rettung:<br \/>\n &#8211; Verriegelungssystem mit integrierter Aufstiegsrolle, das es erm\u00f6glicht, das gleiche Ger\u00e4t zum Absenken und Heben zu verwenden,<br \/>\n &#8211; es kann als Einzel- oder Doppelhauptsystem und zur Selbstsicherung verwendet werden (weitere Informationen zu dieser Technik finden Sie im Informationshinweis und in den technischen Ratschl\u00e4gen auf der www.petzl.com Website).<br \/>\n&#8211; Niedrigerer Verbindungspunkt, um verschiedene Arten der R\u00fcckgewinnung durchzuf\u00fchren.<br \/>\n&#8211; Loch im Griff zur Installation eines Verbindungsmittels mit Fernbedienung.<br \/>\nEinfache und schnelle Bedienung:<br \/>\n&#8211; einfache Installation des Seils dank der auf dem Ger\u00e4t angegebenen Markierungen,- ergonomischer Griff,<br \/>\n mit dem Sie das Seil schrittweise l\u00f6sen und den Abstieg bequem steuern k\u00f6nnen,<br \/>\n&#8211; sofortiger \u00dcbergang von der Absenkposition in die Hebeposition, ohne die Last einholen zu m\u00fcssen,<br \/>\n&#8211; AUTO-LOCK-System, mit dem das Seil automatisch verriegelt werden kann, wenn der Griff nicht verwendet wird. Einmal verriegelt, kann das Seil wieder eingeholt werden, ohne den Griff bet\u00e4tigen zu m\u00fcssen.<br \/>\nEffektive Handhabung schwerer Lasten:<br \/>\n&#8211; integrierte Verriegelungsscheibe mit Riemenscheibe mit gro\u00dfem Durchmesser auf abgedichteten Kugellagern, ausgestattet mit einer einzigartigen Drehrichtung f\u00fcr hervorragende Hubeffizienz,<br \/>\n&#8211; facettierte Riemenscheibe zur Vergr\u00f6\u00dferung der Reibungszonen mit dem Seil f\u00fcr zus\u00e4tzliche Bremswirkung beim Absenken,- in die Vorrichtung integrierte Bremse,<br \/>\n um die Kupplung entsprechend der Last und dem Durchmesser des Seils zu modulieren,<br \/>\n&#8211; Handhabung von schweren Lasten bis zu 250 kg.<br \/>\nKompatibilit\u00e4t des Seils: Durchmesser von 10,5 bis 11,5 mm.<\/p>\n<p>Spezifisch<\/p>\n<p>Materialien: Aluminium, Edelstahl, Polyamid<br \/>\nGewicht: 1100 g<br \/>\nMin. Seildurchmesser: 10,5 mm<br \/>\nMax. Seildurchmesser: 11,5 mm<br \/>\nSeilscheibentyp: facettiert auf abgedichteten<br \/>\nKugellagern Maximale Betriebslast: 250 kg (weitere Informationen in den Informationshinweisen und technischen Ratschl\u00e4gen auf der www.petzl.com Website)<br \/>\nZugfestigkeit: 18 kN x 2 = 36 kN<br \/>\nWirkungsgrad:  86 %<br \/>\nZertifizierungen: CE EN 12841 C, EN 341, NFPA 1983 Technische Verwendung, EAC<\/p>\n<p>Gelbe<br \/>\nFarbe Seilkompatibilit\u00e4t 10,5 &#8211; 11,5 mm<br \/>\nGarantie 3 Jahre<\/p>\n","protected":false},"excerpt":{"rendered":"<p>Abseilger\u00e4t mit integrierter Verriegelungsrolle f\u00fcr Lasten bis zu 250 kg, kompatibel mit Seilen von 10,5 bis 11,5 mm MAESTRO S<\/p>\n","protected":false},"featured_media":84302,"template":"","meta":{"_seopress_robots_primary_cat":"","_seopress_titles_title":"","_seopress_titles_desc":"","_seopress_robots_index":""},"product_brand":[3446],"product_cat":[33,537,814],"product_tag":[],"class_list":{"0":"post-471476","1":"product","2":"type-product","3":"status-publish","4":"has-post-thumbnail","6":"product_brand-petzl","7":"product_cat-attrezzature","8":"product_cat-attrezzatura-da-lavoro","9":"product_cat-imbraghi-e-materiale-di-sicurezza","11":"first","12":"onbackorder","13":"shipping-taxable","14":"purchasable","15":"product-type-simple"},"_links":{"self":[{"href":"https:\/\/lucacastelli.com\/de\/wp-json\/wp\/v2\/product\/471476","targetHints":{"allow":["GET"]}}],"collection":[{"href":"https:\/\/lucacastelli.com\/de\/wp-json\/wp\/v2\/product"}],"about":[{"href":"https:\/\/lucacastelli.com\/de\/wp-json\/wp\/v2\/types\/product"}],"wp:featuredmedia":[{"embeddable":true,"href":"https:\/\/lucacastelli.com\/de\/wp-json\/wp\/v2\/media\/84302"}],"wp:attachment":[{"href":"https:\/\/lucacastelli.com\/de\/wp-json\/wp\/v2\/media?parent=471476"}],"wp:term":[{"taxonomy":"product_brand","embeddable":true,"href":"https:\/\/lucacastelli.com\/de\/wp-json\/wp\/v2\/product_brand?post=471476"},{"taxonomy":"product_cat","embeddable":true,"href":"https:\/\/lucacastelli.com\/de\/wp-json\/wp\/v2\/product_cat?post=471476"},{"taxonomy":"product_tag","embeddable":true,"href":"https:\/\/lucacastelli.com\/de\/wp-json\/wp\/v2\/product_tag?post=471476"}],"curies":[{"name":"wp","href":"https:\/\/api.w.org\/{rel}","templated":true}]}}