{"id":471469,"date":"2022-10-19T14:07:32","date_gmt":"2022-10-19T12:07:32","guid":{"rendered":"https:\/\/lucacastelli.com\/?post_type=product&#038;p=471469"},"modified":"2025-07-28T11:43:55","modified_gmt":"2025-07-28T09:43:55","slug":"petzl-rigg","status":"publish","type":"product","link":"https:\/\/lucacastelli.com\/de\/produkt\/petzl-rigg\/","title":{"rendered":"PETZL-RIGG"},"content":{"rendered":"<p>Kompaktes, selbstbremsendes Abseilger\u00e4t f\u00fcr einen schwierigen Zugang f\u00fcr erfahrene Benutzer<\/p>\n<p>Das kompakte selbstbremsende Abseilger\u00e4t RIG f\u00fcr schwierigen Zugang ist f\u00fcr erfahrene Benutzer konzipiert. Er ist mit einem ergonomischen Griff ausgestattet, um den Abstieg bequem zu kontrollieren. Das AUTO-LOCK-System erm\u00f6glicht es Ihnen, sich einfach am Arbeitsplatz zu positionieren, ohne den Griff zu verwenden und den Stoppschl\u00fcssel zu dr\u00fccken. Einmal verriegelt, kann das Seil wieder eingeholt werden, ohne den Griff bet\u00e4tigen zu m\u00fcssen. Durch den \u00d6ffnungsklick kann das Seil installiert werden, w\u00e4hrend das Ger\u00e4t mit dem Gurt verbunden bleibt.    <\/p>\n<p>Beschreibung<\/p>\n<p>Entwickelt f\u00fcr erfahrene Benutzer in schwer zug\u00e4nglichen Bereichen.<br \/>\nBenutzerfreundlichkeit:<br \/>\n&#8211; Es verf\u00fcgt \u00fcber einen \u00d6ffnungsklick am beweglichen Flansch, der es Ihnen erm\u00f6glicht, das Seil einfach einzuf\u00fchren, das Ger\u00e4t mit dem Gurt verbunden zu halten und den Durchgang der Spagate zu erleichtern,<br \/>\n&#8211; einfache Installation des Seils dank der F\u00fchrung und der indikativen Markierungen,- ergonomischer Griff,<br \/>\n mit dem Sie das Seil befreien und den Abstieg bequem steuern k\u00f6nnen. Zwei Abstiegsm\u00f6glichkeiten: am Flansch oder in der V-f\u00f6rmigen Bremsnut, &#8211; AUTO-LOCK-System,<br \/>\n das eine einfache Positionierung am Arbeitsplatz erm\u00f6glicht, ohne den Griff verwenden und den Stoppschl\u00fcssel dr\u00fccken zu m\u00fcssen: Wenn der Benutzer den Griff losl\u00e4sst, wird das Seil automatisch im Ger\u00e4t verriegelt. Die automatische R\u00fcckkehr des Griffs reduziert das Risiko eines unbeabsichtigten H\u00e4ngenbleibens,<br \/>\n &#8211; automatischer \u00dcbergang des Griffs in die Ruheposition, wenn das Seil aus dem Ger\u00e4t entfernt wird, wodurch das Risiko eines unbeabsichtigten H\u00e4ngenbleibens verringert wird, wenn das Abseilger\u00e4t am Gurt getragen wird.<br \/>\nVielseitigkeit der Verwendung:<br \/>\n&#8211; Einmal verriegelt, kann das Seil eingeholt werden, ohne den Griff benutzen zu m\u00fcssen, was zum Beispiel einfache kurze Aufstiege an Seilen erm\u00f6glicht,<br \/>\n&#8211; Nocken, mit dem man das Seil leicht aufnehmen oder einen Vorsteiger mit Klettertechnik sichern kann.<br \/>\nSchutzverst\u00e4rkung aus Edelstahl im Reibbereich des Seils, die es erm\u00f6glicht, die Verschlei\u00dffestigkeit zu erh\u00f6hen.<br \/>\nAbstieg mit schweren Lasten bis zu 200 kg.<br \/>\nKompatibilit\u00e4t mit Seilen: von 10 bis 11,5 mm Durchmesser.<br \/>\nErh\u00e4ltlich in zwei Farben: gelb und schwarz.<\/p>\n<p>Spezifisch<\/p>\n<p>Materialien: Aluminium, Stahl, Polyamid<br \/>\nGewicht: 400 g<br \/>\nMaximale Belastung: 200 kg (weitere Informationen finden Sie im Informationsschreiben und in der technischen Beratung auf der Website der www.petzl.com)<br \/>\nZertifizierung(en): EN 341 Typ 2 Klasse A, CE EN 12841 Typ C, CE EN 15151-1, NFPA 1983 Technische Verwendung, EAC &#8211; EN 341 Typ 2 Klasse A bei Verwendung mit einem PARALLELEN 10,5 mm oder AXIS 11 mm Seil, &#8211; EN 12841 Typ C bei Verwendung mit einem EN 1891 A Seil von 10 bis 11,5 mm, &#8211; EN 15151-1 bei Verwendung mit einem Seil von 9 bis 11 mm,  &#8211; NFPA 1983 Technische Verwendung bei Verwendung mit einem Seil von 10 bis 11,5 mm.<\/p>\n","protected":false},"excerpt":{"rendered":"<p>Kompaktes, selbstbremsendes Abseilger\u00e4t f\u00fcr einen schwierigen Zugang f\u00fcr erfahrene Benutzer Das kompakte selbstbremsende Abseilger\u00e4t RIG f\u00fcr schwierigen Zugang ist f\u00fcr<\/p>\n","protected":false},"featured_media":83165,"template":"","meta":{"_seopress_robots_primary_cat":"","_seopress_titles_title":"","_seopress_titles_desc":"","_seopress_robots_index":""},"product_brand":[3666],"product_cat":[150,1396,1403],"product_tag":[],"class_list":{"0":"post-471469","1":"product","2":"type-product","3":"status-publish","4":"has-post-thumbnail","6":"product_brand-petzl-de","7":"product_cat-ausrustung","8":"product_cat-arbeitsausrustung","9":"product_cat-auffanggurte-und-sicherheitsausrustung","11":"first","12":"onbackorder","13":"shipping-taxable","14":"purchasable","15":"product-type-variable"},"_links":{"self":[{"href":"https:\/\/lucacastelli.com\/de\/wp-json\/wp\/v2\/product\/471469","targetHints":{"allow":["GET"]}}],"collection":[{"href":"https:\/\/lucacastelli.com\/de\/wp-json\/wp\/v2\/product"}],"about":[{"href":"https:\/\/lucacastelli.com\/de\/wp-json\/wp\/v2\/types\/product"}],"wp:featuredmedia":[{"embeddable":true,"href":"https:\/\/lucacastelli.com\/de\/wp-json\/wp\/v2\/media\/83165"}],"wp:attachment":[{"href":"https:\/\/lucacastelli.com\/de\/wp-json\/wp\/v2\/media?parent=471469"}],"wp:term":[{"taxonomy":"product_brand","embeddable":true,"href":"https:\/\/lucacastelli.com\/de\/wp-json\/wp\/v2\/product_brand?post=471469"},{"taxonomy":"product_cat","embeddable":true,"href":"https:\/\/lucacastelli.com\/de\/wp-json\/wp\/v2\/product_cat?post=471469"},{"taxonomy":"product_tag","embeddable":true,"href":"https:\/\/lucacastelli.com\/de\/wp-json\/wp\/v2\/product_tag?post=471469"}],"curies":[{"name":"wp","href":"https:\/\/api.w.org\/{rel}","templated":true}]}}