{"id":471460,"date":"2022-09-27T14:28:05","date_gmt":"2022-09-27T12:28:05","guid":{"rendered":"https:\/\/lucacastelli.com\/?post_type=product&#038;p=471460"},"modified":"2025-07-28T11:43:40","modified_gmt":"2025-07-28T09:43:40","slug":"petzl-hi-viz-schicht","status":"publish","type":"product","link":"https:\/\/lucacastelli.com\/de\/produkt\/petzl-hi-viz-schicht\/","title":{"rendered":"PETZL HI-VIZ SCHICHT"},"content":{"rendered":"<p>Der STRATO-Helm ist sehr leicht und garantiert eine komfortable Nutzung, dank der CENTERFIT- und FLIP&amp;FIT-Systeme, die einen hervorragenden Halt des Helms auf dem Kopf bieten. Mit einem austauschbaren Widerstands-Kinnriemen ist er f\u00fcr Arbeiten in der H\u00f6he und am Boden geeignet. Die geschlossene Au\u00dfenh\u00fclle sch\u00fctzt vor elektrischen Gefahren, geschmolzenem Metall und Flammen. Die optimale Integration einer Petzl-Stirnlampe, eines Schutzvisiers, eines L\u00e4rmschutzes und zahlreicher Zubeh\u00f6rteile macht ihn zu einem vollst\u00e4ndig modularen Helm, der den zus\u00e4tzlichen Bed\u00fcrfnissen von Profis gerecht wird. Die Version mit hoher Sichtbarkeit ist mit einer fluoreszierenden Au\u00dfenh\u00fclle mit phosphoreszierenden Clips und reflektierenden B\u00e4ndern ausgestattet, um eine optimale Sichtbarkeit des Arbeiters bei Tag und Nacht zu gew\u00e4hrleisten.    <\/p>\n<p>Detaillierte Beschreibung<\/p>\n<p>Leichte Konstruktion und komfortable Handhabung:<br \/>\n&#8211; Innenschale aus EPP (expandiertes Polypropylen) und EPS (expandiertes Polystyrol) f\u00fcr mehr Leichtigkeit,<br \/>\n &#8211; CENTERFIT-Einstellung, die den Helm dank der beiden seitlichen Einstellr\u00e4der perfekt auf dem Kopf zentriert h\u00e4lt, &#8211; FLIP&amp;FIT-System,<br \/>\n das eine niedrige Position des Kopfb\u00fcgels erm\u00f6glicht, um einen hervorragenden Halt des Helms zu gew\u00e4hrleisten. Das System l\u00e4sst sich f\u00fcr eine einfache Lagerung und einen einfachen Transport<br \/>\n in den Helm einziehen &#8211; geliefert mit austauschbaren saugf\u00e4higen Komfortpolstern.<br \/>\nSchutz f\u00fcr Arbeiten in der H\u00f6he und auf dem Boden, Tag und Nacht:<br \/>\n &#8211; DUAL-Kinnriemen, der es dem Arbeiter erm\u00f6glicht, den Widerstand des Kinnriemens zu \u00e4ndern, um den Helm an verschiedene Umgebungen anzupassen: Arbeiten in der H\u00f6he (EN 12492) und Arbeiten am Boden (EN 397). Der Clip verf\u00fcgt \u00fcber zwei Positionen f\u00fcr zwei Verwendungsmodi: hoher Widerstand, um das Risiko zu verringern, den Helm bei einem Sturz zu verlieren, und geringer Widerstand, um das Strangulationsrisiko zu verringern, wenn der Helm befestigt wird, w\u00e4hrend sich der Benutzer auf dem Boden befindet,<br \/>\n &#8211; Sto\u00dfd\u00e4mpfung aufgrund der Verformung der Innenschale,<br \/>\n &#8211; Schutz vor elektrischen Gefahren,  Die Projektion von geschmolzenen Metallen und Flammen dank der geschlossenen Au\u00dfenh\u00fclle<br \/>\n &#8211; fluoreszierende Au\u00dfenh\u00fclle mit phosphoreszierenden Clips und reflektierenden B\u00e4ndern f\u00fcr optimale Sichtbarkeit des Arbeiters, Tag und Nacht.<br \/>\nModularit\u00e4t des Zubeh\u00f6rs:<br \/>\n&#8211; Schutzvisier mit seitlichem EASYCLIP-Befestigungssystem, das die Installation erleichtert<br \/>\n&#8211; Petzl-Stirnlampe mit Befestigungen oder Stirnlampe mit elastischem Stirnband,<br \/>\n&#8211; Helmschutz, mit dem Sie die Schale vor Schmutz und Farbspritzern sch\u00fctzen k\u00f6nnen,<br \/>\n&#8211; Nackenschutz zum Schutz des Halses vor Regen und Sonnenlicht,<br \/>\n&#8211; Ausweishalter zur schnellen Identifizierung des Benutzers,<br \/>\n&#8211; Austauschbarer Kinnriemen und Polsterung,<br \/>\n&#8211; L\u00e4rmschutz,<br \/>\n&#8211; Erh\u00e4ltlich in zwei gut sichtbaren Farben: Gelb und Orange.<\/p>\n<p>Spezifisch<\/p>\n<p>Kopfgr\u00f6\u00dfe: 53-63 cm<br \/>\nGewicht: 445 g<br \/>\nMaterialien: ABS (Acrylonit-Butadien-Styrol), EPP (expandiertes Polypropylen), EPS (expandiertes Polystyrol), Polyamid, Polycarbonat, hochfestes Polyester, Polyethylen<br \/>\nZertifizierung(en): CE EN 397 (1), EN 50365 (2), ANSI Z89.1 Typ I Klasse E, UKCA, EAC<br \/>\n (1) erf\u00fcllt alle Anforderungen der EN 397, mit Ausnahme der Anforderung an den internen vertikalen Abstand.<br \/>\n(2) entspricht teilweise der Norm EN 397<\/p>\n<p>3 Jahre Garantie<\/p>\n","protected":false},"excerpt":{"rendered":"<p>Der STRATO-Helm ist sehr leicht und garantiert eine komfortable Nutzung, dank der CENTERFIT- und FLIP&amp;FIT-Systeme, die einen hervorragenden Halt des<\/p>\n","protected":false},"featured_media":82499,"template":"","meta":{"_seopress_robots_primary_cat":"","_seopress_titles_title":"","_seopress_titles_desc":"","_seopress_robots_index":""},"product_brand":[3666],"product_cat":[1396,150,1409,1404,1418,1411],"product_tag":[],"class_list":{"0":"post-471460","1":"product","2":"type-product","3":"status-publish","4":"has-post-thumbnail","6":"product_brand-petzl-de","7":"product_cat-arbeitsausrustung","8":"product_cat-ausrustung","9":"product_cat-freizeitausrustung","10":"product_cat-helme","11":"product_cat-helme-de","12":"product_cat-visiere-und-schutzbrillen","14":"first","15":"onbackorder","16":"shipping-taxable","17":"purchasable","18":"product-type-variable"},"_links":{"self":[{"href":"https:\/\/lucacastelli.com\/de\/wp-json\/wp\/v2\/product\/471460","targetHints":{"allow":["GET"]}}],"collection":[{"href":"https:\/\/lucacastelli.com\/de\/wp-json\/wp\/v2\/product"}],"about":[{"href":"https:\/\/lucacastelli.com\/de\/wp-json\/wp\/v2\/types\/product"}],"wp:featuredmedia":[{"embeddable":true,"href":"https:\/\/lucacastelli.com\/de\/wp-json\/wp\/v2\/media\/82499"}],"wp:attachment":[{"href":"https:\/\/lucacastelli.com\/de\/wp-json\/wp\/v2\/media?parent=471460"}],"wp:term":[{"taxonomy":"product_brand","embeddable":true,"href":"https:\/\/lucacastelli.com\/de\/wp-json\/wp\/v2\/product_brand?post=471460"},{"taxonomy":"product_cat","embeddable":true,"href":"https:\/\/lucacastelli.com\/de\/wp-json\/wp\/v2\/product_cat?post=471460"},{"taxonomy":"product_tag","embeddable":true,"href":"https:\/\/lucacastelli.com\/de\/wp-json\/wp\/v2\/product_tag?post=471460"}],"curies":[{"name":"wp","href":"https:\/\/api.w.org\/{rel}","templated":true}]}}