{"id":471455,"date":"2022-10-14T10:22:35","date_gmt":"2022-10-14T08:22:35","guid":{"rendered":"https:\/\/lucacastelli.com\/?post_type=product&#038;p=471455"},"modified":"2025-07-28T11:43:52","modified_gmt":"2025-07-28T09:43:52","slug":"petzl-id-s","status":"publish","type":"product","link":"https:\/\/lucacastelli.com\/de\/produkt\/petzl-id-s\/","title":{"rendered":"PETZL I&#8217;D S"},"content":{"rendered":"<p>Selbstbremsendes Abseilger\u00e4t mit Anti-Panik-Funktion f\u00fcr Arbeiten in der H\u00f6he und schwierigen Zugang<\/p>\n<p>Das selbstbremsende Abseilger\u00e4t I&#8217;D S ist in erster Linie f\u00fcr Arbeiten in der H\u00f6he und mit schwierigem Zugang gedacht. Er ist mit einem ergonomischen Griff ausgestattet, um den Abstieg bequem zu kontrollieren. Die integrierte Panikfunktion und der Anti-Fehler-Nocken reduzieren das Unfallrisiko bei falscher Bedienung. Das AUTO-LOCK-System erm\u00f6glicht es Ihnen, sich einfach am Arbeitsplatz zu positionieren, ohne den Griff zu verwenden und den Stoppschl\u00fcssel zu dr\u00fccken. Einmal verriegelt, kann das Seil wieder eingeholt werden, ohne den Griff bet\u00e4tigen zu m\u00fcssen. Durch den \u00d6ffnungsklick kann das Seil installiert werden, w\u00e4hrend das Ger\u00e4t mit dem Gurt verbunden bleibt. I&#8217;D S ist kompatibel mit Seilen von 10 bis 11,5 mm und erm\u00f6glicht die Handhabung von Lasten bis zu 250 kg.      <\/p>\n<p>Beschreibung<\/p>\n<p>&#8211; Konzipiert f\u00fcr Arbeiten in der H\u00f6he und schwer zug\u00e4nglich.<br \/>\nBenutzerfreundlichkeit:<br \/>\n&#8211; Es verf\u00fcgt \u00fcber einen \u00d6ffnungsklick am beweglichen Flansch, mit dem Sie das Seil einfach einf\u00fchren und das Ger\u00e4t mit dem Gurt verbinden k\u00f6nnen,<br \/>\n&#8211; einfache Installation des Seils dank der F\u00fchrung und der indikativen Markierungen,- Anti-Fehler-Seilstopper,<br \/>\n um das Unfallrisiko durch falsches Einf\u00fchren des Seils zu begrenzen,<br \/>\n&#8211; Ergonomischer Griff, mit dem Sie das Seil befreien und den Abstieg bequem steuern k\u00f6nnen. Zwei Absenkm\u00f6glichkeiten: am Flansch oder in der V-f\u00f6rmigen Bremsnut,- Anti-Panik-Funktion,<br \/>\n die das Absenken automatisch stoppt, wenn der Benutzer den Griff zu stark zieht,<br \/>\n&#8211; erm\u00f6glicht sanfte Bewegungen auf horizontalen Fl\u00e4chen oder schiefen Ebenen,<br \/>\n&#8211; AUTO-LOCK-System, das eine einfache Positionierung am Arbeitsplatz erm\u00f6glicht, ohne den Griff zu verwenden und den Stopp-Schl\u00fcssel zu dr\u00fccken:  Wenn der Benutzer den Griff losl\u00e4sst, wird das Seil automatisch im Ger\u00e4t verriegelt. Die automatische R\u00fcckkehr des Griffs verringert das Risiko eines unbeabsichtigten H\u00e4ngenbleibens, automatischer \u00dcbergang des Griffs in die Ruheposition,<br \/>\n wenn das Seil aus dem Ger\u00e4t entfernt wird, wodurch das Risiko eines unbeabsichtigten H\u00e4ngenbleibens beim Tragen des Abseilger\u00e4ts am Gurt verringert wird.<br \/>\nVielseitigkeit der Verwendung:<br \/>\n&#8211; Einmal verriegelt, kann das Seil geborgen werden, ohne den Griff benutzen zu m\u00fcssen, so dass Sie ein Bergungssystem reversibel machen oder problemlos kurze Seilaufstiege durchf\u00fchren k\u00f6nnen,<br \/>\n&#8211; Nocke, mit der Sie leicht ein Seil aufnehmen oder einen Vorsteiger mit Klettertechnik sichern k\u00f6nnen,<br \/>\n&#8211; Schraube, mit der Sie den mobilen Flansch verriegeln k\u00f6nnen, um den I&#8217;D S in Rettungssets zu integrieren,<br \/>\n&#8211; M\u00f6glichkeit, eine zus\u00e4tzliche Bremse, offen oder geschlossen, hinzuzuf\u00fcgen, um den Abstieg je nach Last und Durchmesser des Seils besser zu kontrollieren.<br \/>\nSchutzverst\u00e4rkung aus Edelstahl in dem Bereich, in dem das Seil reibt, wodurch die Verschlei\u00dffestigkeit erh\u00f6ht werden kann.<br \/>\nTieferlegung schwerer Lasten bis zu 250 kg.<br \/>\nKompatibilit\u00e4t mit Seilen: von 10 bis 11,5 mm Durchmesser.<br \/>\nErh\u00e4ltlich in zwei Farben: gelb und schwarz.<\/p>\n<p>Spezifikationen<br \/>\nMaterialien: Aluminium, Stahl, Polyamid<br \/>\nGewicht: 600 g<br \/>\nMaximale Belastung f\u00fcr eine Person: bis zu 150 kg (weitere Informationen in den Informationen und technischen Ratschl\u00e4gen auf der www.petzl.com Website)<br \/>\nMaximale Belastung f\u00fcr zwei Personen (Rettung): bis zu 250 kg (weitere Informationen finden Sie in den Informationen und technischen Ratschl\u00e4gen auf der Website von www.petzl.com)<br \/>\nZertifizierung(en): EN 341 Typ 2 Klasse A, CE EN 12841 Typ C, CE EN 15151-1, ANSI Z359.4, NFPA 1983 Technische Verwendung, EAC &#8211; EN 341 Typ 2 Klasse A bei Verwendung mit einem PARALLEL 10,5 mm oder AXIS 11 mm Seil, &#8211; EN 12841 Typ C bei Verwendung mit einem EN 1891 A Seil von 10 bis 11,5 mm,  &#8211; EN 15151-1 f\u00fcr die Verwendung mit einem Seil von 10 bis 11 mm, &#8211; ANSI Z359.4 f\u00fcr die Verwendung mit einem Seil von 10 bis 11,5 mm, &#8211; NFPA 1983 Technische Verwendung f\u00fcr die Verwendung mit einem Seil von 10 bis 11,5 mm.<\/p>\n","protected":false},"excerpt":{"rendered":"<p>Selbstbremsendes Abseilger\u00e4t mit Anti-Panik-Funktion f\u00fcr Arbeiten in der H\u00f6he und schwierigen Zugang Das selbstbremsende Abseilger\u00e4t I&#8217;D S ist in erster<\/p>\n","protected":false},"featured_media":83092,"template":"","meta":{"_seopress_robots_primary_cat":"","_seopress_titles_title":"","_seopress_titles_desc":"","_seopress_robots_index":""},"product_brand":[3666],"product_cat":[1396,1410,1403,150,1409],"product_tag":[],"class_list":{"0":"post-471455","1":"product","2":"type-product","3":"status-publish","4":"has-post-thumbnail","6":"product_brand-petzl-de","7":"product_cat-arbeitsausrustung","8":"product_cat-auffanggurte-und-sicherheitsausrustung-de","9":"product_cat-auffanggurte-und-sicherheitsausrustung","10":"product_cat-ausrustung","11":"product_cat-freizeitausrustung","13":"first","14":"onbackorder","15":"shipping-taxable","16":"purchasable","17":"product-type-variable"},"_links":{"self":[{"href":"https:\/\/lucacastelli.com\/de\/wp-json\/wp\/v2\/product\/471455","targetHints":{"allow":["GET"]}}],"collection":[{"href":"https:\/\/lucacastelli.com\/de\/wp-json\/wp\/v2\/product"}],"about":[{"href":"https:\/\/lucacastelli.com\/de\/wp-json\/wp\/v2\/types\/product"}],"wp:featuredmedia":[{"embeddable":true,"href":"https:\/\/lucacastelli.com\/de\/wp-json\/wp\/v2\/media\/83092"}],"wp:attachment":[{"href":"https:\/\/lucacastelli.com\/de\/wp-json\/wp\/v2\/media?parent=471455"}],"wp:term":[{"taxonomy":"product_brand","embeddable":true,"href":"https:\/\/lucacastelli.com\/de\/wp-json\/wp\/v2\/product_brand?post=471455"},{"taxonomy":"product_cat","embeddable":true,"href":"https:\/\/lucacastelli.com\/de\/wp-json\/wp\/v2\/product_cat?post=471455"},{"taxonomy":"product_tag","embeddable":true,"href":"https:\/\/lucacastelli.com\/de\/wp-json\/wp\/v2\/product_tag?post=471455"}],"curies":[{"name":"wp","href":"https:\/\/api.w.org\/{rel}","templated":true}]}}