{"id":471450,"date":"2022-09-02T11:42:59","date_gmt":"2022-09-02T09:42:59","guid":{"rendered":"https:\/\/lucacastelli.com\/?post_type=product&#038;p=471450"},"modified":"2025-07-28T14:10:08","modified_gmt":"2025-07-28T12:10:08","slug":"petzl-scorpio-eashook","status":"publish","type":"product","link":"https:\/\/lucacastelli.com\/de\/produkt\/petzl-scorpio-eashook\/","title":{"rendered":"PETZL SCORPIO EASHOOK"},"content":{"rendered":"<p>Klettersteig-Verbindungsmittel mit EASHOOK-Karabinern und Anti-Twist-System<\/p>\n<p>Das Klettersteig-Verbindungsmittel SCORPIO EASHOOK ist f\u00fcr Nutzer mit einem Gewicht zwischen 40 und 120 kg nach EN 958:2017 gedacht. Er ist mit zwei EASHOOK weit \u00f6ffnenden Karabinern ausgestattet, die f\u00fcr alle Handgr\u00f6\u00dfen geeignet sind. Die beiden einziehbaren Kleidungsst\u00fccke sind mit einem Anti-Twist-System f\u00fcr eine bequemere Nutzung ausgestattet. Aufgrund seiner gro\u00dfen Widerstandsf\u00e4higkeit eignet es sich sowohl f\u00fcr regelm\u00e4\u00dfige Praktiker als auch f\u00fcr die Vermietung.   <\/p>\n<p>Beschreibung<br \/>\nLanyard geeignet f\u00fcr Benutzer mit einem Gewicht zwischen 40 und 120 kg:<br \/>\n&#8211; Lanyard gem\u00e4\u00df EN 958:2017, geeignet f\u00fcr eine Vielzahl von Benutzergewichten,<br \/>\n&#8211; zwei elastische Str\u00e4nge mit einer gro\u00dfen Dehnungskapazit\u00e4t, um sich an alle K\u00f6rpertypen anzupassen.<br \/>\nKomfort der Nutzung:<br \/>\n&#8211; ultrakompaktes Rei\u00dfd\u00e4mpfungssystem (Petzl-Patent),<br \/>\n&#8211; kurze Verbindung des Verbindungsmittels mit dem Gurt, um das Volumen beim Gehen zu reduzieren,<br \/>\n&#8211; zwei elastische Enden, die am SWIVEL Anti-Twist-System montiert sind, um Man\u00f6ver zu erleichtern,<br \/>\n&#8211; ein kurzes Ende zum Ablegen an den Stangen,<br \/>\n&#8211; EASHOOK-Ankerkarabiner mit automatischem Verriegelungssystem, geeignet f\u00fcr alle Handgr\u00f6\u00dfen.<br \/>\nWiderstandsf\u00e4higes Design f\u00fcr den intensiven Gebrauch:<br \/>\n&#8211; Schutzh\u00fclle mit Rei\u00dfverschluss zum Aufbewahren und Sch\u00fctzen des Energieabsorbers,<br \/>\n&#8211; gro\u00dfe Widerstandsf\u00e4higkeit der einziehbaren Kleidungsst\u00fccke aus HDPE (Polyethylen hoher Dichte) und Aluminiumkarabinern,<br \/>\n&#8211; geeignet f\u00fcr eine bequemere Praxis und intensive Nutzung (Gruppen).<br \/>\nSpezifikationen<br \/>\nL\u00e4nge des Verbindungsmittels (ohne Karabiner): &#8211; in eingefahrener Position: 84,5 cm, &#8211; in ausgefahrener Position: 115,5 cm, &#8211; kurzer Kopf: 36 cm.<br \/>\nMaterialien: Polyethylen hoher Dichte, Polyester, Aluminium<br \/>\nZertifizierung(en): CE EN 958 : 2017, VG11 2013, UKCA, UIAA<br \/>\nKarabiner CE EN 12275 Typ K, UIAA<\/p>\n<table>\n<tbody>\n<tr>\n<th class=\"rowTitle\">Referenzen<\/th>\n<th>L060BA00<\/th>\n<\/tr>\n<tr>\n<td class=\"rowTitle\">Gewicht<\/td>\n<td>470 Gramm<\/td>\n<\/tr>\n<tr>\n<td class=\"rowTitle\">Garantie<\/td>\n<td>3 Jahre<\/td>\n<\/tr>\n<tr>\n<td class=\"rowTitle\">Verpackung<\/td>\n<td>1 <\/td>\n<\/tr>\n<\/tbody>\n<\/table>\n","protected":false},"excerpt":{"rendered":"<p>Klettersteig-Verbindungsmittel mit EASHOOK-Karabinern und Anti-Twist-System Das Klettersteig-Verbindungsmittel SCORPIO EASHOOK ist f\u00fcr Nutzer mit einem Gewicht zwischen 40 und 120 kg<\/p>\n","protected":false},"featured_media":80882,"template":"","meta":{"_seopress_robots_primary_cat":"","_seopress_titles_title":"","_seopress_titles_desc":"","_seopress_robots_index":""},"product_brand":[3666],"product_cat":[1396,1410,1403,150,1409],"product_tag":[],"class_list":{"0":"post-471450","1":"product","2":"type-product","3":"status-publish","4":"has-post-thumbnail","6":"product_brand-petzl-de","7":"product_cat-arbeitsausrustung","8":"product_cat-auffanggurte-und-sicherheitsausrustung-de","9":"product_cat-auffanggurte-und-sicherheitsausrustung","10":"product_cat-ausrustung","11":"product_cat-freizeitausrustung","13":"first","14":"onbackorder","15":"shipping-taxable","16":"purchasable","17":"product-type-simple"},"_links":{"self":[{"href":"https:\/\/lucacastelli.com\/de\/wp-json\/wp\/v2\/product\/471450","targetHints":{"allow":["GET"]}}],"collection":[{"href":"https:\/\/lucacastelli.com\/de\/wp-json\/wp\/v2\/product"}],"about":[{"href":"https:\/\/lucacastelli.com\/de\/wp-json\/wp\/v2\/types\/product"}],"wp:featuredmedia":[{"embeddable":true,"href":"https:\/\/lucacastelli.com\/de\/wp-json\/wp\/v2\/media\/80882"}],"wp:attachment":[{"href":"https:\/\/lucacastelli.com\/de\/wp-json\/wp\/v2\/media?parent=471450"}],"wp:term":[{"taxonomy":"product_brand","embeddable":true,"href":"https:\/\/lucacastelli.com\/de\/wp-json\/wp\/v2\/product_brand?post=471450"},{"taxonomy":"product_cat","embeddable":true,"href":"https:\/\/lucacastelli.com\/de\/wp-json\/wp\/v2\/product_cat?post=471450"},{"taxonomy":"product_tag","embeddable":true,"href":"https:\/\/lucacastelli.com\/de\/wp-json\/wp\/v2\/product_tag?post=471450"}],"curies":[{"name":"wp","href":"https:\/\/api.w.org\/{rel}","templated":true}]}}