{"id":471441,"date":"2022-08-25T11:18:15","date_gmt":"2022-08-25T09:18:15","guid":{"rendered":"https:\/\/lucacastelli.com\/?post_type=product&#038;p=471441"},"modified":"2025-07-28T14:10:04","modified_gmt":"2025-07-28T12:10:04","slug":"petzl-vizir-visier","status":"publish","type":"product","link":"https:\/\/lucacastelli.com\/de\/produkt\/petzl-vizir-visier\/","title":{"rendered":"PETZL VIZIR VISIER"},"content":{"rendered":"<p>Schutzvisier mit EASYCLIP-System f\u00fcr VERTEX und STRATO Helme<\/p>\n<p>Das VIZIR-Visier sorgt daf\u00fcr, dass Ihre Augen vor Projektionsgefahren gesch\u00fctzt sind. Er l\u00e4sst sich dank des EASYCLIP-Befestigungssystems einfach an den Helmen VERTEX und STRATO anbringen. Es profitiert auch von einer Anti-Kratz- und Anti-Beschlag-Behandlung.  <\/p>\n<p>Beschreibung<\/p>\n<p>Detailbeschreibung Augenschutz gegen Projektionsgefahren:<br \/>\n&#8211; transparentes Visier,<br \/>\n&#8211; Anti-Kratz- und Anti-Beschlag-Behandlung<br \/>\n,<br \/>\n&#8211; erm\u00f6glicht die Verwendung von Brillen.<br \/>\nKompatibel mit VERTEX-Helmen (1) und STRATO-Helmen:<br \/>\n&#8211; schnelle und einfache Installation dank des mitgelieferten EASYCLIP-Befestigungssystems,<br \/>\n&#8211; schneller \u00dcbergang von der Arbeits- in die Ruheposition \u00fcber dem Helm durch Drehen des Visiers.<\/p>\n<p>(1) Fassungen ab 2019.<\/p>\n<p>Spezifikationen<br \/>\nGewicht: 80 g<br \/>\nMaterialien: Polycarbonat<br \/>\nZertifizierung(en): CE EN 166, 1BT, ANSI Z87.1, EAC<\/p>\n<p>3 Jahre Garantie<\/p>\n","protected":false},"excerpt":{"rendered":"<p>Schutzvisier mit EASYCLIP-System f\u00fcr VERTEX und STRATO Helme Das VIZIR-Visier sorgt daf\u00fcr, dass Ihre Augen vor Projektionsgefahren gesch\u00fctzt sind. Er<\/p>\n","protected":false},"featured_media":80867,"template":"","meta":{"_seopress_robots_primary_cat":"","_seopress_titles_title":"","_seopress_titles_desc":"","_seopress_robots_index":""},"product_brand":[3666],"product_cat":[1396,150,1409,1418,1404,1411],"product_tag":[],"class_list":{"0":"post-471441","1":"product","2":"type-product","3":"status-publish","4":"has-post-thumbnail","6":"product_brand-petzl-de","7":"product_cat-arbeitsausrustung","8":"product_cat-ausrustung","9":"product_cat-freizeitausrustung","10":"product_cat-helme-de","11":"product_cat-helme","12":"product_cat-visiere-und-schutzbrillen","14":"first","15":"onbackorder","16":"shipping-taxable","17":"purchasable","18":"product-type-simple"},"_links":{"self":[{"href":"https:\/\/lucacastelli.com\/de\/wp-json\/wp\/v2\/product\/471441","targetHints":{"allow":["GET"]}}],"collection":[{"href":"https:\/\/lucacastelli.com\/de\/wp-json\/wp\/v2\/product"}],"about":[{"href":"https:\/\/lucacastelli.com\/de\/wp-json\/wp\/v2\/types\/product"}],"wp:featuredmedia":[{"embeddable":true,"href":"https:\/\/lucacastelli.com\/de\/wp-json\/wp\/v2\/media\/80867"}],"wp:attachment":[{"href":"https:\/\/lucacastelli.com\/de\/wp-json\/wp\/v2\/media?parent=471441"}],"wp:term":[{"taxonomy":"product_brand","embeddable":true,"href":"https:\/\/lucacastelli.com\/de\/wp-json\/wp\/v2\/product_brand?post=471441"},{"taxonomy":"product_cat","embeddable":true,"href":"https:\/\/lucacastelli.com\/de\/wp-json\/wp\/v2\/product_cat?post=471441"},{"taxonomy":"product_tag","embeddable":true,"href":"https:\/\/lucacastelli.com\/de\/wp-json\/wp\/v2\/product_tag?post=471441"}],"curies":[{"name":"wp","href":"https:\/\/api.w.org\/{rel}","templated":true}]}}