{"id":471254,"date":"2023-11-24T15:52:41","date_gmt":"2023-11-24T14:52:41","guid":{"rendered":"https:\/\/lucacastelli.com\/prodotto\/pfanner-merino-modal-thermoschlauch\/"},"modified":"2026-04-17T23:36:58","modified_gmt":"2026-04-17T21:36:58","slug":"pfanner-merino-modal-thermoschlauch","status":"publish","type":"product","link":"https:\/\/lucacastelli.com\/de\/produkt\/pfanner-merino-modal-thermoschlauch\/","title":{"rendered":"PFANNER Merino-Modal Thermohose"},"content":{"rendered":"<p>Die Merino-Modal Thermohose bietet au\u00dfergew\u00f6hnliche Isolationseigenschaften bei k\u00e4ltesten Temperaturen. Das Micro-Modal-Innenfutter f\u00fchlt sich wie eine zweite Haut an. Die Merinowolle wirkt geruchshemmend und kratzt nicht. Flache, druckfreie N\u00e4hte sorgen f\u00fcr zus\u00e4tzlichen Tragekomfort und Formbest\u00e4ndigkeit der Hose. Die Merino-Modal Thermohose ist abriebfest und langlebig sowie \u00e4u\u00dferst pflegeleicht.    <\/p>\n<p>H\u00e4lt warm bei K\u00e4lte und k\u00fchl bei W\u00e4rme<br \/>\nH\u00e4lt trocken<br \/>\nDie hautseitige Modalseite kratzt nicht<br \/>\nGeruchsresistent<br \/>\nPflegeleicht<\/p>\n","protected":false},"excerpt":{"rendered":"<p>Die Merino-Modal Thermohose bietet au\u00dfergew\u00f6hnliche Isolationseigenschaften bei k\u00e4ltesten Temperaturen. Das Micro-Modal-Innenfutter f\u00fchlt sich wie eine zweite Haut an. Die Merinowolle<\/p>\n","protected":false},"featured_media":47789,"template":"","meta":{"_seopress_robots_primary_cat":"","_seopress_titles_title":"","_seopress_titles_desc":"","_seopress_robots_index":""},"product_brand":[3670],"product_cat":[82,1382],"product_tag":[],"class_list":{"0":"post-471254","1":"product","2":"type-product","3":"status-publish","4":"has-post-thumbnail","6":"product_brand-pfanner-de","7":"product_cat-kleidung","8":"product_cat-arbeitskleidung","9":"sws-gruppo-no-gruppo-de","10":"sws-categoria-sito-de","11":"sws-sottocategoria-altro-de","12":"sws-conto-ricavi-merci-rivendita-abbigliamento-de","13":"sws-gruppo-iva-iva81-de","15":"first","16":"instock","17":"shipping-taxable","18":"purchasable","19":"product-type-variable"},"_links":{"self":[{"href":"https:\/\/lucacastelli.com\/de\/wp-json\/wp\/v2\/product\/471254","targetHints":{"allow":["GET"]}}],"collection":[{"href":"https:\/\/lucacastelli.com\/de\/wp-json\/wp\/v2\/product"}],"about":[{"href":"https:\/\/lucacastelli.com\/de\/wp-json\/wp\/v2\/types\/product"}],"wp:featuredmedia":[{"embeddable":true,"href":"https:\/\/lucacastelli.com\/de\/wp-json\/wp\/v2\/media\/47789"}],"wp:attachment":[{"href":"https:\/\/lucacastelli.com\/de\/wp-json\/wp\/v2\/media?parent=471254"}],"wp:term":[{"taxonomy":"product_brand","embeddable":true,"href":"https:\/\/lucacastelli.com\/de\/wp-json\/wp\/v2\/product_brand?post=471254"},{"taxonomy":"product_cat","embeddable":true,"href":"https:\/\/lucacastelli.com\/de\/wp-json\/wp\/v2\/product_cat?post=471254"},{"taxonomy":"product_tag","embeddable":true,"href":"https:\/\/lucacastelli.com\/de\/wp-json\/wp\/v2\/product_tag?post=471254"}],"curies":[{"name":"wp","href":"https:\/\/api.w.org\/{rel}","templated":true}]}}