{"id":471208,"date":"2022-08-25T11:17:48","date_gmt":"2022-08-25T09:17:48","guid":{"rendered":"https:\/\/lucacastelli.com\/?post_type=product&#038;p=471208"},"modified":"2025-07-28T14:10:01","modified_gmt":"2025-07-28T12:10:01","slug":"petzl-vizir-shadow-visier","status":"publish","type":"product","link":"https:\/\/lucacastelli.com\/de\/produkt\/petzl-vizir-shadow-visier\/","title":{"rendered":"PETZL VIZIR SHADOW VISIER"},"content":{"rendered":"<p>Get\u00f6ntes Schutzvisier mit EASYCLIP-System f\u00fcr VERTEX und STRATO Helme<\/p>\n<p>Das VIZIR SHADOW Visier sorgt daf\u00fcr, dass Ihre Augen vor Projektionsgefahren gesch\u00fctzt sind. Er l\u00e4sst sich dank des EASYCLIP-Befestigungssystems einfach an den Helmen VERTEX und STRATO anbringen. Es verf\u00fcgt \u00fcber einen Sonnenschutzfilter der Stufe 2,5 und profitiert au\u00dferdem von einer Anti-Kratz- und Anti-Beschlag-Behandlung.  <\/p>\n<p>Detaillierte Beschreibung<br \/>\nAugenschutz gegen Projektionsgefahren:<br \/>\n get\u00f6ntes Visier mit Schutzfilter der Stufe 2,5 zum Schutz der Augen des Benutzers vor Sonneneinstrahlung,<br \/>\n&#8211; Anti-Kratz- und Anti-Beschlag-Behandlung,<br \/>\n&#8211; erm\u00f6glicht die Verwendung von Brillen.<br \/>\nKompatibel mit VERTEX-Helmen (1) und STRATO-Helmen:<br \/>\n&#8211; schnelle und einfache Installation dank des mitgelieferten EASYCLIP-Befestigungssystems,<br \/>\n&#8211; schneller \u00dcbergang von der Arbeits- in die Ruheposition \u00fcber dem Helm durch Drehen des Visiers.<\/p>\n<p>(1) Fassungen ab 2019.<\/p>\n<p>Spezifikationen<br \/>\nGewicht: 80 g<br \/>\nMaterialien: Polycarbonat<br \/>\nZertifizierung(en): CE EN 166, 1BT, CE EN 172, 5-2.5, ANSI Z87.1, UKCA, EAC<\/p>\n<p>3 Jahre Garantie<\/p>\n","protected":false},"excerpt":{"rendered":"<p>Get\u00f6ntes Schutzvisier mit EASYCLIP-System f\u00fcr VERTEX und STRATO Helme Das VIZIR SHADOW Visier sorgt daf\u00fcr, dass Ihre Augen vor Projektionsgefahren<\/p>\n","protected":false},"featured_media":80854,"template":"","meta":{"_seopress_robots_primary_cat":"","_seopress_titles_title":"","_seopress_titles_desc":"","_seopress_robots_index":""},"product_brand":[3446],"product_cat":[33,537,815,211,817,816],"product_tag":[],"class_list":{"0":"post-471208","1":"product","2":"type-product","3":"status-publish","4":"has-post-thumbnail","6":"product_brand-petzl","7":"product_cat-attrezzature","8":"product_cat-attrezzatura-da-lavoro","9":"product_cat-caschi","10":"product_cat-attrezzatura-per-il-tempo-libero","11":"product_cat-caschi-attrezzatura-per-il-tempo-libero","12":"product_cat-visiere-e-occhiali-protettivi","14":"first","15":"instock","16":"shipping-taxable","17":"purchasable","18":"product-type-simple"},"_links":{"self":[{"href":"https:\/\/lucacastelli.com\/de\/wp-json\/wp\/v2\/product\/471208","targetHints":{"allow":["GET"]}}],"collection":[{"href":"https:\/\/lucacastelli.com\/de\/wp-json\/wp\/v2\/product"}],"about":[{"href":"https:\/\/lucacastelli.com\/de\/wp-json\/wp\/v2\/types\/product"}],"wp:featuredmedia":[{"embeddable":true,"href":"https:\/\/lucacastelli.com\/de\/wp-json\/wp\/v2\/media\/80854"}],"wp:attachment":[{"href":"https:\/\/lucacastelli.com\/de\/wp-json\/wp\/v2\/media?parent=471208"}],"wp:term":[{"taxonomy":"product_brand","embeddable":true,"href":"https:\/\/lucacastelli.com\/de\/wp-json\/wp\/v2\/product_brand?post=471208"},{"taxonomy":"product_cat","embeddable":true,"href":"https:\/\/lucacastelli.com\/de\/wp-json\/wp\/v2\/product_cat?post=471208"},{"taxonomy":"product_tag","embeddable":true,"href":"https:\/\/lucacastelli.com\/de\/wp-json\/wp\/v2\/product_tag?post=471208"}],"curies":[{"name":"wp","href":"https:\/\/api.w.org\/{rel}","templated":true}]}}