{"id":471173,"date":"2022-08-24T14:41:53","date_gmt":"2022-08-24T12:41:53","guid":{"rendered":"https:\/\/lucacastelli.com\/?post_type=product&#038;p=471173"},"modified":"2025-07-29T10:06:15","modified_gmt":"2025-07-29T08:06:15","slug":"petzl-eimer-30","status":"publish","type":"product","link":"https:\/\/lucacastelli.com\/de\/produkt\/petzl-eimer-30\/","title":{"rendered":"PETZL EIMER 30"},"content":{"rendered":"<p>Selbsttragende Tasche mit mittlerem Fassungsverm\u00f6gen<\/p>\n<p>Der einfache und robuste Seilsack BUCKET 30 erm\u00f6glicht die Aufbewahrung von bis zu 110 Metern Seil mit einem Durchmesser von 11 mm. Es ist selbsttragend und steht auch im leeren Zustand aufrecht, um den Zugang zum Inneren der Tasche zu erleichtern. Es verf\u00fcgt \u00fcber gepolsterte Schultergurte f\u00fcr eine bequeme Nutzung, eine Au\u00dfentasche zur Aufbewahrung pers\u00f6nlicher Gegenst\u00e4nde und eine Anpassungszone zur schnellen Identifizierung des Inhalts. Die Konstruktion des TPU-Tech-Gewebes erm\u00f6glicht eine regelm\u00e4\u00dfige bis intensive Nutzung. Es ist in drei Farben erh\u00e4ltlich: Gelb, Rot und Schwarz.    <\/p>\n<p>Detaillierte Beschreibung<br \/>\nSelbsttragender Seilsack:<br \/>\n&#8211; 30 Liter Fassungsverm\u00f6gen f\u00fcr die Lagerung von bis zu 110 Metern Seil mit einem Durchmesser von 11 mm<br \/>\n&#8211; zwei Schlaufen im Inneren der Tasche zum Befestigen der beiden Enden des Seils zur schnellen Identifizierung,<br \/>\n&#8211; vier innenliegende Schlaufen zum Verstauen von Material oder zum Befestigen eines TOOLBAG Werkzeugkoffers<br \/>\n&#8211; Rollverschluss, um optimalen Schutz vor Feuchtigkeit zu gew\u00e4hrleisten,<br \/>\n&#8211; zwei gro\u00dfe, komfortable Griffe zum Tragen in der Hand und zum Heben von bis zu 50 kg,- ein Griff,<br \/>\n der die Positionierung der Tasche am Arbeitsplatz erm\u00f6glicht,<br \/>\n&#8211; verstellbare gepolsterte Schultergurte f\u00fcr die Verwendung als Rucksack,<br \/>\n&#8211; Au\u00dfentasche mit Rei\u00dfverschluss zur Aufbewahrung pers\u00f6nlicher Gegenst\u00e4nde,- Personalisierungsbereich an der Au\u00dfenseite,<br \/>\n um den Inhalt der Tasche einfach und schnell zu identifizieren.<br \/>\nHervorragende Best\u00e4ndigkeit bei intensiver Nutzung:<br \/>\n &#8211; hochfestes TPU-Tech-Gewebe (PVC-frei) f\u00fcr regelm\u00e4\u00dfige bis intensive Nutzung. Das TPU-Tech-Gewebe ist best\u00e4ndig gegen Sonnenstrahlen (die Farbe verblasst nicht), \u00d6l, Fett sowie hohe und niedrige Temperaturen. Es enth\u00e4lt kein Chlor (geruchlos) und ist ein recycelbares,<br \/>\n wasserdichtes Gewebe.<br \/>\nErh\u00e4ltlich in drei Farben (gelb, rot und schwarz).  <\/p>\n<p>Spezifikationen<br \/>\nGewicht: 735 g<br \/>\nMaterialien: TPU, Polyamid, Polyester, Polypropylen<br \/>\nMaximale Belastung: 50 kg (gem\u00e4\u00df dem Protokoll von EN ISO 21898:2006)<\/p>\n","protected":false},"excerpt":{"rendered":"<p>Selbsttragende Tasche mit mittlerem Fassungsverm\u00f6gen Der einfache und robuste Seilsack BUCKET 30 erm\u00f6glicht die Aufbewahrung von bis zu 110 Metern<\/p>\n","protected":false},"featured_media":80822,"template":"","meta":{"_seopress_robots_primary_cat":"","_seopress_titles_title":"","_seopress_titles_desc":"","_seopress_robots_index":""},"product_brand":[3666],"product_cat":[1396,150,1409,1494,1703],"product_tag":[],"class_list":{"0":"post-471173","1":"product","2":"type-product","3":"status-publish","4":"has-post-thumbnail","6":"product_brand-petzl-de","7":"product_cat-arbeitsausrustung","8":"product_cat-ausrustung","9":"product_cat-freizeitausrustung","10":"product_cat-sonstige-arbeitsausrustung","11":"product_cat-sonstiges","12":"sws-gruppo-abb-libero-fr","13":"sws-conto-ricavi-merci-rivendita-abbigliamento","14":"sws-gruppo-iva-iva81","16":"first","17":"instock","18":"shipping-taxable","19":"purchasable","20":"product-type-variable"},"_links":{"self":[{"href":"https:\/\/lucacastelli.com\/de\/wp-json\/wp\/v2\/product\/471173","targetHints":{"allow":["GET"]}}],"collection":[{"href":"https:\/\/lucacastelli.com\/de\/wp-json\/wp\/v2\/product"}],"about":[{"href":"https:\/\/lucacastelli.com\/de\/wp-json\/wp\/v2\/types\/product"}],"wp:featuredmedia":[{"embeddable":true,"href":"https:\/\/lucacastelli.com\/de\/wp-json\/wp\/v2\/media\/80822"}],"wp:attachment":[{"href":"https:\/\/lucacastelli.com\/de\/wp-json\/wp\/v2\/media?parent=471173"}],"wp:term":[{"taxonomy":"product_brand","embeddable":true,"href":"https:\/\/lucacastelli.com\/de\/wp-json\/wp\/v2\/product_brand?post=471173"},{"taxonomy":"product_cat","embeddable":true,"href":"https:\/\/lucacastelli.com\/de\/wp-json\/wp\/v2\/product_cat?post=471173"},{"taxonomy":"product_tag","embeddable":true,"href":"https:\/\/lucacastelli.com\/de\/wp-json\/wp\/v2\/product_tag?post=471173"}],"curies":[{"name":"wp","href":"https:\/\/api.w.org\/{rel}","templated":true}]}}