{"id":471172,"date":"2022-07-11T17:19:22","date_gmt":"2022-07-11T15:19:22","guid":{"rendered":"https:\/\/lucacastelli.com\/?post_type=product&#038;p=471172"},"modified":"2025-07-28T14:10:14","modified_gmt":"2025-07-28T12:10:14","slug":"petzl-progress-adjust-y","status":"publish","type":"product","link":"https:\/\/lucacastelli.com\/de\/produkt\/petzl-progress-adjust-y\/","title":{"rendered":"PETZL Progress Adjust-Y"},"content":{"rendered":"<p>Verstellbares doppeltes Progressions-Lanyard<\/p>\n<p>PROGRESS ADJUST-Y ist ein verstellbares Verbindungsmittel mit doppelter Progression, das eine dauerhafte Verbindung bei allen Arten von Progressionen (Seilaufstieg, Handlaufbewegung&#8230;) erm\u00f6glicht. Dank der ADJUST-Seilklemme l\u00e4sst sich die verstellbare L\u00e4nge des Kleidungsst\u00fccks sehr einfach und schnell anpassen. Das TANGA Zubeh\u00f6r und der Kunststoffmantel halten die Verbinder in der richtigen Position, um sie leicht einclipsen zu k\u00f6nnen.  <\/p>\n<p>Beschreibung<\/p>\n<p>Detaillierte<br \/>\nBeschreibung Verstellbares doppeltes Verbindungsmittel f\u00fcr eine dauerhafte Verbindung bei jeder Art von Progression:<br \/>\n&#8211; Seilaufstieg: festes Ende zum Verbinden einer Seilklemme ASCENSION-Griff, verstellbares Ende, mit dem Sie die L\u00e4nge des Verbindungsmittels beim Passieren von Spagat anpassen k\u00f6nnen,<br \/>\n&#8211; Bewegung am Handlauf: festes Ende und verstellbares Ende der gleichen L\u00e4nge, um das Fortkommen zu erleichtern.<br \/>\nEinfach zu bedienen:<br \/>\n&#8211; sehr schnelle und pr\u00e4zise Einstellung der verstellbaren L\u00e4nge des Kleidungsst\u00fccks dank der ergonomischen Form der ADJUST-Seilklemme,<br \/>\n&#8211; einfaches Einh\u00e4ngen dank des TANGA-Zubeh\u00f6rs und der Kunststoffh\u00fclle, die die Verbindungsst\u00fccke in der richtigen Position h\u00e4lt,<br \/>\n&#8211; kompatibel mit dem zu \u00f6ffnenden ventralen Befestigungspunkt der ASTRO-Gurte.<br \/>\nDynamisches Seilverbindungsmittel, um die auf den Benutzer \u00fcbertragene Kraft im Falle eines Sturzes aus geringer H\u00f6he zu begrenzen.<br \/>\nIndividuelle Kennzeichnungskennzeichnung auf dem Kunststoffmantel, um das Ger\u00e4t w\u00e4hrend seiner gesamten Lebensdauer zu \u00fcberpr\u00fcfen.<br \/>\nEs wird mit zwei Verbindern mit einer automatischen Sicherungsringmutter vom Typ VERTIGO TWIST-LOCK verwendet.<\/p>\n<p>Spezifikationen<br \/>\nGewicht: 230 g<br \/>\nMaterialien: Aluminium, Polyamid, Polyester, hochfestes Polyethylen (HDPE), Elastomer<br \/>\nL\u00e4ngen: &#8211; festes Kleidungsst\u00fcck: 65 cm, &#8211; verstellbares Kleidungsst\u00fcck: bis zu 95 cm<br \/>\nZertifizierung(en): CE EN 358, EAC<\/p>\n<p>3 Jahre Garantie<\/p>\n","protected":false},"excerpt":{"rendered":"<p>Verstellbares doppeltes Progressions-Lanyard PROGRESS ADJUST-Y ist ein verstellbares Verbindungsmittel mit doppelter Progression, das eine dauerhafte Verbindung bei allen Arten von<\/p>\n","protected":false},"featured_media":75696,"template":"","meta":{"_seopress_robots_primary_cat":"","_seopress_titles_title":"","_seopress_titles_desc":"","_seopress_robots_index":""},"product_brand":[3666],"product_cat":[150,1396,1403,1409,1410],"product_tag":[],"class_list":{"0":"post-471172","1":"product","2":"type-product","3":"status-publish","4":"has-post-thumbnail","6":"product_brand-petzl-de","7":"product_cat-ausrustung","8":"product_cat-arbeitsausrustung","9":"product_cat-auffanggurte-und-sicherheitsausrustung","10":"product_cat-freizeitausrustung","11":"product_cat-auffanggurte-und-sicherheitsausrustung-de","13":"first","14":"onbackorder","15":"shipping-taxable","16":"purchasable","17":"product-type-simple"},"_links":{"self":[{"href":"https:\/\/lucacastelli.com\/de\/wp-json\/wp\/v2\/product\/471172","targetHints":{"allow":["GET"]}}],"collection":[{"href":"https:\/\/lucacastelli.com\/de\/wp-json\/wp\/v2\/product"}],"about":[{"href":"https:\/\/lucacastelli.com\/de\/wp-json\/wp\/v2\/types\/product"}],"wp:featuredmedia":[{"embeddable":true,"href":"https:\/\/lucacastelli.com\/de\/wp-json\/wp\/v2\/media\/75696"}],"wp:attachment":[{"href":"https:\/\/lucacastelli.com\/de\/wp-json\/wp\/v2\/media?parent=471172"}],"wp:term":[{"taxonomy":"product_brand","embeddable":true,"href":"https:\/\/lucacastelli.com\/de\/wp-json\/wp\/v2\/product_brand?post=471172"},{"taxonomy":"product_cat","embeddable":true,"href":"https:\/\/lucacastelli.com\/de\/wp-json\/wp\/v2\/product_cat?post=471172"},{"taxonomy":"product_tag","embeddable":true,"href":"https:\/\/lucacastelli.com\/de\/wp-json\/wp\/v2\/product_tag?post=471172"}],"curies":[{"name":"wp","href":"https:\/\/api.w.org\/{rel}","templated":true}]}}