{"id":471163,"date":"2022-08-23T14:36:22","date_gmt":"2022-08-23T12:36:22","guid":{"rendered":"https:\/\/lucacastelli.com\/?post_type=product&#038;p=471163"},"modified":"2025-07-28T14:10:11","modified_gmt":"2025-07-28T12:10:11","slug":"petzl-vizen-mesh","status":"publish","type":"product","link":"https:\/\/lucacastelli.com\/de\/produkt\/petzl-vizen-mesh\/","title":{"rendered":"PETZL VIZEN MESH"},"content":{"rendered":"<p>Komplettes Visier f\u00fcr Baumarbeiten mit EASYCLIP-System f\u00fcr VERTEX- und STRATO-Helme<\/p>\n<p>Das VIZEN MESH Pflanzenvisier sch\u00fctzt vor Splittern und Holzst\u00fccken. Es ist ultra-umh\u00fcllend und garantiert einen vollst\u00e4ndigen Schutz des Gesichts und sorgt f\u00fcr eine gute Sicht. Das Visier l\u00e4sst sich dank des EASYCLIP-Befestigungssystems einfach an den Helmen VERTEX und STRATO anbringen.  <\/p>\n<p>Detaillierte Beschreibung<br \/>\nSchutz der Augen und des Gesichts vor den Risiken von Projektionen bei der Arbeit an Pflanzen:<br \/>\n&#8211; ultra-umlaufendes Visier zum Schutz von Augen und Gesicht,<br \/>\n&#8211; garantierte Bel\u00fcftung und Sicht, auch unter schlechten Bedingungen (z.B. Feuchtigkeit),<br \/>\n&#8211; erm\u00f6glicht die Verwendung einer Brille.<br \/>\nKompatibel mit VERTEX-Helmen (1) und STRATO-Helmen:<br \/>\n&#8211; schnelle und einfache Installation dank des mitgelieferten EASYCLIP-Befestigungssystems,<br \/>\n&#8211; schneller \u00dcbergang von der Arbeits- in die Ruheposition \u00fcber dem Helm durch Drehen des Visiers.<\/p>\n<p>(1) Fassungen ab 2019.<\/p>\n<p>Spezifikationen<br \/>\nGewicht: 117 g<br \/>\nMaterialien: Polyamid, Stahl<br \/>\nLichtreduzierung: 30 %<br \/>\nZertifizierung(en): CE EN 1731, UKCA, ANSI Z87.1, EAC<\/p>\n<p>3 Jahre Garantie<\/p>\n","protected":false},"excerpt":{"rendered":"<p>Komplettes Visier f\u00fcr Baumarbeiten mit EASYCLIP-System f\u00fcr VERTEX- und STRATO-Helme Das VIZEN MESH Pflanzenvisier sch\u00fctzt vor Splittern und Holzst\u00fccken. Es<\/p>\n","protected":false},"featured_media":80721,"template":"","meta":{"_seopress_robots_primary_cat":"","_seopress_titles_title":"","_seopress_titles_desc":"","_seopress_robots_index":""},"product_brand":[3446],"product_cat":[33,537,815,816],"product_tag":[],"class_list":{"0":"post-471163","1":"product","2":"type-product","3":"status-publish","4":"has-post-thumbnail","6":"product_brand-petzl","7":"product_cat-attrezzature","8":"product_cat-attrezzatura-da-lavoro","9":"product_cat-caschi","10":"product_cat-visiere-e-occhiali-protettivi","12":"first","13":"onbackorder","14":"shipping-taxable","15":"purchasable","16":"product-type-simple"},"_links":{"self":[{"href":"https:\/\/lucacastelli.com\/de\/wp-json\/wp\/v2\/product\/471163","targetHints":{"allow":["GET"]}}],"collection":[{"href":"https:\/\/lucacastelli.com\/de\/wp-json\/wp\/v2\/product"}],"about":[{"href":"https:\/\/lucacastelli.com\/de\/wp-json\/wp\/v2\/types\/product"}],"wp:featuredmedia":[{"embeddable":true,"href":"https:\/\/lucacastelli.com\/de\/wp-json\/wp\/v2\/media\/80721"}],"wp:attachment":[{"href":"https:\/\/lucacastelli.com\/de\/wp-json\/wp\/v2\/media?parent=471163"}],"wp:term":[{"taxonomy":"product_brand","embeddable":true,"href":"https:\/\/lucacastelli.com\/de\/wp-json\/wp\/v2\/product_brand?post=471163"},{"taxonomy":"product_cat","embeddable":true,"href":"https:\/\/lucacastelli.com\/de\/wp-json\/wp\/v2\/product_cat?post=471163"},{"taxonomy":"product_tag","embeddable":true,"href":"https:\/\/lucacastelli.com\/de\/wp-json\/wp\/v2\/product_tag?post=471163"}],"curies":[{"name":"wp","href":"https:\/\/api.w.org\/{rel}","templated":true}]}}