{"id":471160,"date":"2022-07-07T14:05:24","date_gmt":"2022-07-07T12:05:24","guid":{"rendered":"https:\/\/lucacastelli.com\/?post_type=product&#038;p=471160"},"modified":"2025-07-29T10:06:18","modified_gmt":"2025-07-29T08:06:18","slug":"petzl-vasak","status":"publish","type":"product","link":"https:\/\/lucacastelli.com\/de\/produkt\/petzl-vasak\/","title":{"rendered":"PETZL VASAK"},"content":{"rendered":"<p>Steigeisen f\u00fcr das klassische Bergsteigen<\/p>\n<p>Wenn du Lust auf klassisches Bergsteigen hast, sind die VASAK Steigeisen genau das Richtige f\u00fcr dich! Mit den 12 Spikes garantieren sie gute Stabilit\u00e4t und Grip, vom Gletscherverlauf bis zum Schneecouloir. Sie sind mit zwei Bindungssystemen erh\u00e4ltlich, die f\u00fcr alle Stiefel geeignet sind, mit oder ohne Rand.  <\/p>\n<p>Detaillierte Beschreibung<br \/>\nKonzipiert f\u00fcr das klassische Bergsteigen:<br \/>\n&#8211; 12-Zacken-Steigeisen f\u00fcr besseren Halt und Komfort beim Reiten,<br \/>\n&#8211; zwei lange und breite Frontspitzen f\u00fcr einen effektiven Grip und guten Grip auf hartem Schnee<br \/>\n&#8211; Optimierte Spitzenl\u00e4nge f\u00fcr pr\u00e4zise Unterst\u00fctzungen, die einen effektiven Griff gew\u00e4hrleisten<br \/>\n&#8211; ANTISNOW Hufschutzsystem, um die Bildung von Schneehufen bei allen Schneebedingungen zu reduzieren,<br \/>\n &#8211; erh\u00e4ltlich mit zwei Bindungssystemen, um sich an alle Stiefel mit oder ohne Kante anzupassen: LEVERLOCK UNIVERSEL f\u00fcr Stiefel mit Hinterkante, FLEXLOCK f\u00fcr Stiefel ohne Vorder- und Hinterkante,<br \/>\n &#8211; Zwei-Positionen-Einstellstangen zur Anpassung an eine Vielzahl von Gr\u00f6\u00dfen (von 36 bis 50),<br \/>\n&#8211; werkzeuglose Steigeisenl\u00e4ngenverstellung,<br \/>\n &#8211; Stahlsteigeisen f\u00fcr maximale Festigkeit.<br \/>\nOptimiertes Gewicht: maximal 892 g mit dem ANTISNOW-Hufschutzsystem.<br \/>\nVollst\u00e4ndige Modularit\u00e4t dank des ALPEN ADAPT-Systems:<br \/>\n&#8211; austauschbares Bindungssystem zur Anpassung der Steigeisen an alle Stiefel, mit oder ohne Kante, je nach ausgef\u00fchrter Aktivit\u00e4t,<br \/>\n&#8211; vordere Bl\u00f6cke, Stangen, Hufschutzsystem und Bindungssystem, die unabh\u00e4ngig voneinander ausgetauscht werden k\u00f6nnen,<br \/>\n&#8211; kompatibel mit den vorderen SARKEN-Bl\u00f6cken, um die Steigeisen in technische Bergsteigersteigeisen zu verwandeln,<br \/>\n&#8211; Kompatibel mit DART-Frontbl\u00f6cken, um Steigeisen in Eissteigeisen zu verwandeln.<\/p>\n<p>Spezifikationen<br \/>\nAnzahl der Bits: 12<br \/>\nGr\u00f6\u00dfen: 36-50<br \/>\nZertifizierung(en): CE, UIAA<\/p>\n","protected":false},"excerpt":{"rendered":"<p>Steigeisen f\u00fcr das klassische Bergsteigen Wenn du Lust auf klassisches Bergsteigen hast, sind die VASAK Steigeisen genau das Richtige f\u00fcr<\/p>\n","protected":false},"featured_media":75020,"template":"","meta":{"_seopress_robots_primary_cat":"","_seopress_titles_title":"","_seopress_titles_desc":"","_seopress_robots_index":""},"product_brand":[3666],"product_cat":[150,1396,1403,1409,1410],"product_tag":[],"class_list":{"0":"post-471160","1":"product","2":"type-product","3":"status-publish","4":"has-post-thumbnail","6":"product_brand-petzl-de","7":"product_cat-ausrustung","8":"product_cat-arbeitsausrustung","9":"product_cat-auffanggurte-und-sicherheitsausrustung","10":"product_cat-freizeitausrustung","11":"product_cat-auffanggurte-und-sicherheitsausrustung-de","12":"sws-gruppo-abb-libero-de","13":"sws-conto-ricavi-merci-rivendita-abbigliamento-de","14":"sws-gruppo-iva-iva81-de","16":"first","17":"instock","18":"shipping-taxable","19":"purchasable","20":"product-type-variable"},"_links":{"self":[{"href":"https:\/\/lucacastelli.com\/de\/wp-json\/wp\/v2\/product\/471160","targetHints":{"allow":["GET"]}}],"collection":[{"href":"https:\/\/lucacastelli.com\/de\/wp-json\/wp\/v2\/product"}],"about":[{"href":"https:\/\/lucacastelli.com\/de\/wp-json\/wp\/v2\/types\/product"}],"wp:featuredmedia":[{"embeddable":true,"href":"https:\/\/lucacastelli.com\/de\/wp-json\/wp\/v2\/media\/75020"}],"wp:attachment":[{"href":"https:\/\/lucacastelli.com\/de\/wp-json\/wp\/v2\/media?parent=471160"}],"wp:term":[{"taxonomy":"product_brand","embeddable":true,"href":"https:\/\/lucacastelli.com\/de\/wp-json\/wp\/v2\/product_brand?post=471160"},{"taxonomy":"product_cat","embeddable":true,"href":"https:\/\/lucacastelli.com\/de\/wp-json\/wp\/v2\/product_cat?post=471160"},{"taxonomy":"product_tag","embeddable":true,"href":"https:\/\/lucacastelli.com\/de\/wp-json\/wp\/v2\/product_tag?post=471160"}],"curies":[{"name":"wp","href":"https:\/\/api.w.org\/{rel}","templated":true}]}}