{"id":471155,"date":"2025-08-19T13:13:28","date_gmt":"2025-08-19T11:13:28","guid":{"rendered":"https:\/\/lucacastelli.com\/prodotto\/pfanner-protos-integral-forest-f39-rot-neongelb\/"},"modified":"2026-04-14T03:34:40","modified_gmt":"2026-04-14T01:34:40","slug":"pfanner-protos-integral-forest-f39-rot-neongelb","status":"publish","type":"product","link":"https:\/\/lucacastelli.com\/de\/produkt\/pfanner-protos-integral-forest-f39-rot-neongelb\/","title":{"rendered":"PFANNER Protos Integral Forest F39 rot\/Neongelb"},"content":{"rendered":"<p>Der Protos\u00ae Integral Forest ist einzigartig in der Forstwirtschaft. Er wurde speziell f\u00fcr die Anforderungen der Forstwirtschaft entwickelt. Die integrale L\u00f6sung macht ihn zum perfekten Begleiter f\u00fcr jeden Profi sowie f\u00fcr den privaten Anwender. Alle Komponenten wurden in die Helmschale integriert, sodass ein H\u00e4ngenbleiben an \u00c4sten, Unterholz oder anderen Hindernissen unm\u00f6glich ist. Die tiefe Nackenschale sch\u00fctzt den Hinterkopf vor Schl\u00e4gen und bei St\u00fcrzen. Der Bel\u00fcftungsschieber bietet nicht nur zus\u00e4tzlichen Komfort, sondern dient auch als zus\u00e4tzlicher Puffer bei einem Aufprall, bevor die Kr\u00e4fte auf die Hauptschale treffen k\u00f6nnen.     <\/p>\n","protected":false},"excerpt":{"rendered":"<p>Der Protos\u00ae Integral Forest ist einzigartig in der Forstwirtschaft. Er wurde speziell f\u00fcr die Anforderungen der Forstwirtschaft entwickelt. Die integrale<\/p>\n","protected":false},"featured_media":92429,"template":"","meta":{"_seopress_robots_primary_cat":"none","_seopress_titles_title":"","_seopress_titles_desc":"","_seopress_robots_index":""},"product_brand":[3670,4720],"product_cat":[150,1396,1404,1411],"product_tag":[5804],"class_list":{"0":"post-471155","1":"product","2":"type-product","3":"status-publish","4":"has-post-thumbnail","6":"product_brand-pfanner-de","7":"product_brand-protos-de","8":"product_cat-ausrustung","9":"product_cat-arbeitsausrustung","10":"product_cat-helme","11":"product_cat-visiere-und-schutzbrillen","12":"product_tag-luzern2025","13":"sws-gruppo-abb-libero-de","14":"sws-conto-ricavi-merci-rivendita-abbigliamento-de","15":"sws-gruppo-iva-iva81-de","17":"first","18":"instock","19":"shipping-taxable","20":"purchasable","21":"product-type-simple"},"_links":{"self":[{"href":"https:\/\/lucacastelli.com\/de\/wp-json\/wp\/v2\/product\/471155","targetHints":{"allow":["GET"]}}],"collection":[{"href":"https:\/\/lucacastelli.com\/de\/wp-json\/wp\/v2\/product"}],"about":[{"href":"https:\/\/lucacastelli.com\/de\/wp-json\/wp\/v2\/types\/product"}],"wp:featuredmedia":[{"embeddable":true,"href":"https:\/\/lucacastelli.com\/de\/wp-json\/wp\/v2\/media\/92429"}],"wp:attachment":[{"href":"https:\/\/lucacastelli.com\/de\/wp-json\/wp\/v2\/media?parent=471155"}],"wp:term":[{"taxonomy":"product_brand","embeddable":true,"href":"https:\/\/lucacastelli.com\/de\/wp-json\/wp\/v2\/product_brand?post=471155"},{"taxonomy":"product_cat","embeddable":true,"href":"https:\/\/lucacastelli.com\/de\/wp-json\/wp\/v2\/product_cat?post=471155"},{"taxonomy":"product_tag","embeddable":true,"href":"https:\/\/lucacastelli.com\/de\/wp-json\/wp\/v2\/product_tag?post=471155"}],"curies":[{"name":"wp","href":"https:\/\/api.w.org\/{rel}","templated":true}]}}